{"id":1478,"date":"2019-04-09T10:35:00","date_gmt":"2019-04-09T08:35:00","guid":{"rendered":"http:\/\/eco.blogi.pro\/?page_id=1478"},"modified":"2025-11-25T12:03:46","modified_gmt":"2025-11-25T11:03:46","slug":"flipper-900-st-2","status":"publish","type":"page","link":"https:\/\/ecomarine.pl\/en\/flipper-900-st-2\/","title":{"rendered":"Flipper 900 ST"},"content":{"rendered":"<p>[vc_row row_height_percent=&#8221;0&#8243; override_padding=&#8221;yes&#8221; h_padding=&#8221;2&#8243; top_padding=&#8221;4&#8243; bottom_padding=&#8221;4&#8243; overlay_alpha=&#8221;50&#8243; gutter_size=&#8221;3&#8243; column_width_percent=&#8221;100&#8243; shift_y=&#8221;0&#8243; z_index=&#8221;0&#8243;][vc_column column_width_percent=&#8221;90&#8243; align_horizontal=&#8221;align_center&#8221; gutter_size=&#8221;3&#8243; override_padding=&#8221;yes&#8221; column_padding=&#8221;4&#8243; overlay_alpha=&#8221;50&#8243; shift_x=&#8221;0&#8243; shift_y=&#8221;0&#8243; shift_y_down=&#8221;0&#8243; z_index=&#8221;0&#8243; medium_width=&#8221;0&#8243; mobile_width=&#8221;0&#8243; width=&#8221;1\/1&#8243;][vc_custom_heading text_size=&#8221;h1&#8243; text_weight=&#8221;100&#8243; text_transform=&#8221;uppercase&#8221; sub_lead=&#8221;yes&#8221; subheading=&#8221;Embrace fabulous opportunities for rest and relaxation with the Flipper 900 ST. This exceptional boat effortlessly accommodates larger groups, ensuring unforgettable cruises that leave no one indifferent &#8211; even in typical Finnish summer weather. Experience the agility and sporty nature of the Flipper 900 ST as it comes alive during acceleration. Indulge in the luxurious deck area, bask in ample natural light through the large windows, and savor the genuine feel of space with the roof that can be folded all the way down. Discover the epitome of comfort, style, and adventure with the Flipper 900 ST.&#8221;]GET READY FOR AN AMAZING ADVENTURE[\/vc_custom_heading][\/vc_column][\/vc_row][vc_row unlock_row_content=&#8221;yes&#8221; row_height_percent=&#8221;100&#8243; override_padding=&#8221;yes&#8221; h_padding=&#8221;1&#8243; top_padding=&#8221;2&#8243; bottom_padding=&#8221;2&#8243; back_image=&#8221;5039&#8243; overlay_alpha=&#8221;50&#8243; gutter_size=&#8221;3&#8243; column_width_percent=&#8221;100&#8243; shift_y=&#8221;0&#8243; z_index=&#8221;0&#8243;][vc_column column_width_percent=&#8221;75&#8243; gutter_size=&#8221;3&#8243; override_padding=&#8221;yes&#8221; column_padding=&#8221;1&#8243; style=&#8221;dark&#8221; overlay_alpha=&#8221;50&#8243; shift_x=&#8221;0&#8243; shift_y=&#8221;0&#8243; shift_y_down=&#8221;0&#8243; z_index=&#8221;0&#8243; medium_width=&#8221;0&#8243; mobile_width=&#8221;0&#8243; width=&#8221;1\/2&#8243;][vc_custom_heading]INTELLIGENT ELEGANCE[\/vc_custom_heading][vc_column_text]The <strong data-start=\"76\" data-end=\"94\">Flipper 900 ST<\/strong> is an exceptionally spacious boat, impressively designed for optimal use of space. The opening windshield and bathing platform make boarding easy, while the large, electrically operated retractable roof can transform the salon into a beautiful terrace extending all the way to the stern.[\/vc_column_text][\/vc_column][vc_column width=&#8221;1\/2&#8243;][\/vc_column][\/vc_row][vc_row row_height_percent=&#8221;0&#8243; override_padding=&#8221;yes&#8221; h_padding=&#8221;2&#8243; top_padding=&#8221;5&#8243; bottom_padding=&#8221;5&#8243; back_color=&#8221;color-gyho&#8221; overlay_alpha=&#8221;50&#8243; gutter_size=&#8221;3&#8243; column_width_percent=&#8221;100&#8243; shift_y=&#8221;0&#8243; z_index=&#8221;0&#8243;][vc_column width=&#8221;1\/1&#8243;][vc_custom_heading]LUXURY OVERNIGHT STAY[\/vc_custom_heading][vc_row_inner][vc_column_inner width=&#8221;1\/2&#8243;][vc_column_text]The <strong data-start=\"76\" data-end=\"94\">Flipper 900 ST<\/strong> offers sleeping accommodations for six people. The spacious and cozy aft cabin features a private entrance. The elegant lounge sofa converts into a double bed at the touch of a button that lowers the table. Guests in the forward cabin have direct access to the bathroom with a shower. Stylish and practical furnishings combined with modern fabrics give the boat a serene yet luxurious atmosphere.[\/vc_column_text][\/vc_column_inner][vc_column_inner width=&#8221;1\/2&#8243;][vc_column_text]The new <strong data-start=\"80\" data-end=\"98\">Flipper 900 ST<\/strong> allows you to enjoy the boat even in adverse weather conditions and low temperatures. With the large, electrically operated roof closed, a comfortable salon is created on deck. The heated interior extends the boating season, making it possible to spend a holiday on the water even in November. And when the sun comes out, you can bask in its rays, transforming the 900 ST into an open, sporty boat at the touch of a button.[\/vc_column_text][\/vc_column_inner][\/vc_row_inner][\/vc_column][\/vc_row][vc_row][vc_column width=&#8221;1\/1&#8243;][vc_gallery el_id=&#8221;gallery-198846&#8243; type=&#8221;justified&#8221; medias=&#8221;9309,9310,9311,9312,9313&#8243; justify_row_height=&#8221;250&#8243; gutter_size=&#8221;3&#8243; single_overlay_opacity=&#8221;50&#8243; single_padding=&#8221;2&#8243;][\/vc_column][\/vc_row][vc_row row_height_percent=&#8221;0&#8243; override_padding=&#8221;yes&#8221; h_padding=&#8221;2&#8243; top_padding=&#8221;4&#8243; bottom_padding=&#8221;4&#8243; back_color=&#8221;color-gyho&#8221; overlay_alpha=&#8221;50&#8243; gutter_size=&#8221;3&#8243; column_width_percent=&#8221;100&#8243; shift_y=&#8221;0&#8243; z_index=&#8221;0&#8243;][vc_column width=&#8221;1\/2&#8243;][vc_custom_heading]INNOVATION AND COMFORT[\/vc_custom_heading][vc_row_inner][vc_column_inner width=&#8221;1\/1&#8243;][vc_column_text]The unique layout enables using the boat in various ways to have fun on the water. Socializing, dining, sunbathing, water sports, overnighting, camping and other activities take place as conveniently as possible. The back deck and cabin areas suit excellently for resting and sunbathing. The boat is equipped with either a pantry platform or a full pantry. Most Flippers come with an optional or standard marine toilet.[\/vc_column_text][\/vc_column_inner][\/vc_row_inner][\/vc_column][vc_column width=&#8221;1\/2&#8243;][vc_gallery el_id=&#8221;gallery-399462&#8243; type=&#8221;carousel&#8221; medias=&#8221;9753,9755,9756,9757&#8243; carousel_lg=&#8221;1&#8243; carousel_md=&#8221;1&#8243; carousel_sm=&#8221;1&#8243; gutter_size=&#8221;3&#8243; carousel_interval=&#8221;3000&#8243; carousel_navspeed=&#8221;400&#8243; carousel_loop=&#8221;yes&#8221; carousel_nav=&#8221;yes&#8221; carousel_dots=&#8221;yes&#8221; stage_padding=&#8221;0&#8243; single_overlay_opacity=&#8221;50&#8243; single_padding=&#8221;2&#8243;][\/vc_column][\/vc_row][vc_row unlock_row_content=&#8221;yes&#8221; row_height_percent=&#8221;0&#8243; overlay_alpha=&#8221;50&#8243; gutter_size=&#8221;3&#8243; column_width_percent=&#8221;100&#8243; shift_y=&#8221;0&#8243; z_index=&#8221;0&#8243;][vc_column width=&#8221;1\/1&#8243;][vc_gallery el_id=&#8221;gallery-111649&#8243; type=&#8221;carousel&#8221; medias=&#8221;9308,9326,9328&#8243; carousel_lg=&#8221;1&#8243; carousel_md=&#8221;1&#8243; carousel_sm=&#8221;1&#8243; gutter_size=&#8221;3&#8243; carousel_interval=&#8221;3000&#8243; carousel_navspeed=&#8221;400&#8243; carousel_loop=&#8221;yes&#8221; carousel_nav=&#8221;yes&#8221; carousel_dots=&#8221;yes&#8221; stage_padding=&#8221;0&#8243; single_overlay_opacity=&#8221;50&#8243; single_padding=&#8221;2&#8243;][\/vc_column][\/vc_row][vc_row row_height_percent=&#8221;0&#8243; override_padding=&#8221;yes&#8221; h_padding=&#8221;2&#8243; top_padding=&#8221;4&#8243; bottom_padding=&#8221;4&#8243; back_color=&#8221;color-gyho&#8221; overlay_alpha=&#8221;50&#8243; gutter_size=&#8221;3&#8243; column_width_percent=&#8221;100&#8243; shift_y=&#8221;0&#8243; z_index=&#8221;0&#8243;][vc_column width=&#8221;1\/1&#8243;][vc_custom_heading]SAFETY AND COMFORT[\/vc_custom_heading][vc_row_inner][vc_column_inner width=&#8221;1\/2&#8243;][vc_column_text]When it comes to boating experience, Flipper boats and Mercury engines are a winning team. Optimizing Flipper boats for Mercury engines already at the design stage is the key for excellent drivability and low sound levels. Handling is as easy as it can get, and the ergonomics excellent. The optional glass bridge plotter enables showing all engine and driving data on one screen. The Mercury active trim ensures the engines are always set on the right level. This saves fuel and makes driving easy and pleasant.[\/vc_column_text][\/vc_column_inner][vc_column_inner width=&#8221;1\/2&#8243;][vc_column_text]Every Flipper boat has a unique Speedhull design that enables higher speeds and sporty driving experience under all conditions. The special double frame construction made with the vacuum technology makes the hull extremely stiff &#8211; which again contributes to excellent drivability and less noise in the cockpit.[\/vc_column_text][\/vc_column_inner][\/vc_row_inner][\/vc_column][\/vc_row][vc_row row_height_percent=&#8221;0&#8243; overlay_alpha=&#8221;50&#8243; gutter_size=&#8221;3&#8243; column_width_percent=&#8221;100&#8243; shift_y=&#8221;0&#8243; z_index=&#8221;0&#8243;][vc_column width=&#8221;1\/1&#8243;][vc_gallery el_id=&#8221;gallery-952747&#8243; medias=&#8221;9330,9337,9331,9332,9334,9335,9333,9336&#8243; gutter_size=&#8221;3&#8243; screen_lg=&#8221;1000&#8243; screen_md=&#8221;600&#8243; screen_sm=&#8221;480&#8243; single_width=&#8221;6&#8243; single_overlay_opacity=&#8221;50&#8243; single_padding=&#8221;2&#8243;][\/vc_column][\/vc_row][vc_row row_height_percent=&#8221;0&#8243; override_padding=&#8221;yes&#8221; h_padding=&#8221;2&#8243; top_padding=&#8221;3&#8243; bottom_padding=&#8221;3&#8243; back_color=&#8221;color-rgdb&#8221; overlay_alpha=&#8221;50&#8243; equal_height=&#8221;yes&#8221; gutter_size=&#8221;4&#8243; column_width_percent=&#8221;100&#8243; shift_y=&#8221;0&#8243; z_index=&#8221;0&#8243;][vc_column column_width_percent=&#8221;100&#8243; position_vertical=&#8221;middle&#8221; gutter_size=&#8221;3&#8243; style=&#8221;dark&#8221; overlay_alpha=&#8221;50&#8243; shift_x=&#8221;0&#8243; shift_y=&#8221;0&#8243; shift_y_down=&#8221;0&#8243; z_index=&#8221;0&#8243; medium_width=&#8221;0&#8243; mobile_width=&#8221;0&#8243; width=&#8221;1\/3&#8243;][vc_custom_heading]<\/p>\n<h3>TECHNICAL SPECIFICATION<\/h3>\n<p>[\/vc_custom_heading][vc_column_text]<\/p>\n<div class=\"one-spec\">\n<div class=\"one-spec\">\n<div class=\"one-spec\">\n<div class=\"one-spec\"><\/div>\n<\/div>\n<\/div>\n<div><\/div>\n<div class=\"one-spec\">\n<div class=\"one-spec\">\n<div class=\"details-item border-top-disabled border-bottom-disabled\">\n<div class=\"table-responsive\">\n<div class=\"details-item border-top-disabled border-bottom-disabled\">\n<div class=\"table-responsive\">\n<table class=\"details-item-table table mb-0\">\n<tbody>\n<tr class=\"tr-0\">\n<td class=\"td-0\">Length<\/td>\n<td class=\"td-1\">9,02 m<\/td>\n<\/tr>\n<tr class=\"tr-1\">\n<td class=\"td-0\">Beam<\/td>\n<td class=\"td-1\">3,15 m<\/td>\n<\/tr>\n<tr class=\"tr-2\">\n<td class=\"td-0\">Weight (without engine)<\/td>\n<td class=\"td-1\">3 000 kg<\/td>\n<\/tr>\n<tr class=\"tr-3\">\n<td class=\"td-0\">Draft<\/td>\n<td class=\"td-1\">0,7 m<\/td>\n<\/tr>\n<tr class=\"tr-4\">\n<td class=\"td-0\">Fuel Tank Capacity<\/td>\n<td class=\"td-1\">380 l<\/td>\n<\/tr>\n<tr class=\"tr-5\">\n<td class=\"td-0\">Water Tank Capacity<\/td>\n<td class=\"td-1\">100 l<\/td>\n<\/tr>\n<tr class=\"tr-6\">\n<td class=\"td-0\">Number of Cabins<\/td>\n<td class=\"td-1\">2<\/td>\n<\/tr>\n<tr class=\"tr-7\">\n<td class=\"td-0\">Number of Berths<\/td>\n<td class=\"td-1\">4+2<\/td>\n<\/tr>\n<tr class=\"tr-8\">\n<td class=\"td-0\">CE Category<\/td>\n<td class=\"td-1\">C<\/td>\n<\/tr>\n<tr class=\"tr-9\">\n<td class=\"td-0\">Max Number of Persons<\/td>\n<td class=\"td-1\">10<\/td>\n<\/tr>\n<tr class=\"tr-10\">\n<td class=\"td-0\">Max Speed<\/td>\n<td class=\"td-1\">+45 w\u0119z\u0142\u00f3w<\/td>\n<\/tr>\n<tr class=\"tr-11\">\n<td class=\"td-0\">Cruising Speed<\/td>\n<td class=\"td-1\">26-30 w\u0119z\u0142\u00f3w<\/td>\n<\/tr>\n<tr class=\"tr-12\">\n<td class=\"td-0\">Engine<\/td>\n<td class=\"td-1\"><span data-contrast=\"auto\">2 x Mercury V6 225 PS<\/span><span data-ccp-props=\"{\">\u00a0<\/span><br \/>\n<span data-contrast=\"auto\">2 x Mercury V8 250 PS<\/span><span data-ccp-props=\"{\">\u00a0<\/span><\/td>\n<\/tr>\n<\/tbody>\n<\/table>\n<\/div>\n<\/div>\n<\/div>\n<\/div>\n<\/div>\n<\/div>\n<\/div>\n<p>[\/vc_column_text][\/vc_column][vc_column column_width_percent=&#8221;50&#8243; position_vertical=&#8221;middle&#8221; align_horizontal=&#8221;align_center&#8221; gutter_size=&#8221;3&#8243; overlay_alpha=&#8221;50&#8243; shift_x=&#8221;0&#8243; shift_y=&#8221;0&#8243; shift_y_down=&#8221;0&#8243; z_index=&#8221;0&#8243; medium_width=&#8221;0&#8243; mobile_width=&#8221;0&#8243; width=&#8221;2\/3&#8243;][vc_single_image media=&#8221;3480&#8243; media_lightbox=&#8221;yes&#8221; media_width_percent=&#8221;80&#8243;][\/vc_column][\/vc_row][vc_row row_height_percent=&#8221;0&#8243; override_padding=&#8221;yes&#8221; h_padding=&#8221;2&#8243; top_padding=&#8221;4&#8243; bottom_padding=&#8221;4&#8243; overlay_alpha=&#8221;50&#8243; gutter_size=&#8221;3&#8243; column_width_percent=&#8221;100&#8243; shift_y=&#8221;0&#8243; z_index=&#8221;0&#8243;][vc_column width=&#8221;1\/1&#8243;][vc_custom_heading]STANDARDOWE WYPOSA\u017bENIE[\/vc_custom_heading][vc_row_inner][vc_column_inner width=&#8221;1\/2&#8243;][vc_column_text]<\/p>\n<ul>\n<li>12V DC, socket, 4pcs<\/li>\n<li>Bilge pump, manual and electric<\/li>\n<li>Bow thruster<\/li>\n<li>Canopy<\/li>\n<li>Courtesy lights<\/li>\n<li>Cruise Control<\/li>\n<li>Cup holders<\/li>\n<li>Curtains, bow cabin<\/li>\n<li>Cushions, cockpit<\/li>\n<li>Cushions, sunbed<\/li>\n<li>Deck glasses<\/li>\n<li>Deck hatch + blackout curtains, 2 pcs<\/li>\n<li>Double battery<\/li>\n<li>EcoTeak<\/li>\n<li>Fender basket<\/li>\n<li>Fire extinguisher, 2pcs<\/li>\n<li>Flushing toilet, electric + septic tank, 47 L<\/li>\n<li>Hydraulic steering<\/li>\n<li>Offshore seat for driver<\/li>\n<li>Pantry, stove (Wallas 85Dt), faucet + sink<\/li>\n<\/ul>\n<p>[\/vc_column_text][\/vc_column_inner][vc_column_inner width=&#8221;1\/2&#8243;][vc_column_text]<\/p>\n<ul>\n<li>Portlight, openable, toilet<\/li>\n<li>Rails and fittings stainless, acid proof steel<\/li>\n<li>Refrigerator, 49 L<\/li>\n<li>Shower drain in toilet room + shower<\/li>\n<li>Simrad Glass Bridge, NSX 12 + sonar sensor + SCC<\/li>\n<li>Sport-Top-roof, electric<\/li>\n<li>Table, cockpit (incl. cushion + electric height adjustable leg)<\/li>\n<li>Tilt steering wheel<\/li>\n<li>Trim tabs<\/li>\n<li>USB charging port, 2 pcs<\/li>\n<li>Ventilation in bow cabin<\/li>\n<li>Washbasin + faucet, toilet<\/li>\n<li>White hull<\/li>\n<li>Windshield wiper, 2 pcs<\/li>\n<\/ul>\n<p>[\/vc_column_text][\/vc_column_inner][\/vc_row_inner][\/vc_column][\/vc_row][vc_row row_height_percent=&#8221;0&#8243; override_padding=&#8221;yes&#8221; h_padding=&#8221;2&#8243; top_padding=&#8221;4&#8243; bottom_padding=&#8221;4&#8243; overlay_alpha=&#8221;50&#8243; gutter_size=&#8221;3&#8243; column_width_percent=&#8221;100&#8243; shift_y=&#8221;0&#8243; z_index=&#8221;0&#8243;][vc_column width=&#8221;1\/1&#8243;][vc_custom_heading]OPCJONALNE WYPOSA\u017bENIE[\/vc_custom_heading][vc_row_inner][vc_column_inner width=&#8221;1\/2&#8243;][vc_column_text]<\/p>\n<ul>\n<li>1st Mate Marine Safety<\/li>\n<li>Air conditioning with heater function (requires shore power or inverter)<\/li>\n<li>Anchor winch, bow + anchor<\/li>\n<li>Anchor winch, transom + anchor 12 kg<\/li>\n<li>Antifouling<\/li>\n<li>Autopilot<\/li>\n<li>Bed mattresses in cabins<\/li>\n<li>Cushions, sunbed cushion, bow<\/li>\n<li>DAB module, incl. antenna<\/li>\n<li>Extra battery<\/li>\n<li>Extra drawer fridge, 30 L (No 1)<\/li>\n<li>Extra drawer fridge, 30 L (No 2)<\/li>\n<li>Full Glass Bridge, 2 x Simrad Glass Bridge, NSX 12 + sonar sensor + SCC<\/li>\n<li>GPS tracking system<\/li>\n<li>Grey water tank<\/li>\n<li>Heater, 4,5 kW<\/li>\n<\/ul>\n<p>[\/vc_column_text][\/vc_column_inner][vc_column_inner width=&#8221;1\/2&#8243;][vc_column_text]<\/p>\n<ul>\n<li>HIFI audio, Fusion, 4 speakers + subwoofer + amplifier<\/li>\n<li>Hull accent, grey<\/li>\n<li>Joystick Piloting<\/li>\n<li>Mercury Active Trim<\/li>\n<li>Radio \/ Bluetooth, Black Box, 4 loudspeakers<\/li>\n<li>Rear camera<\/li>\n<li>Shore power 25 Ah + sockets (4 pcs)<\/li>\n<li>Shore power Maxi, 25 Ah + inverter<\/li>\n<li>Shower on swim platform<\/li>\n<li>Simrad Halo20+ radar<\/li>\n<li>Solar panels, 2 x 55 W Semi Flex<\/li>\n<li>Underwater lights<\/li>\n<li>VHF\/AIS, receiver\/sender<\/li>\n<li>Warm water system, 16 L (requires shore power)<\/li>\n<li>Zipwake automatic trim tabs (instead of standard trim tabs)<\/li>\n<\/ul>\n<p>[\/vc_column_text][\/vc_column_inner][\/vc_row_inner][\/vc_column][\/vc_row]<\/p>\n","protected":false},"excerpt":{"rendered":"<p>[vc_row row_height_percent=&#8221;0&#8243; override_padding=&#8221;yes&#8221; h_padding=&#8221;2&#8243; top_padding=&#8221;4&#8243; bottom_padding=&#8221;4&#8243; overlay_alpha=&#8221;50&#8243; gutter_size=&#8221;3&#8243; column_width_percent=&#8221;100&#8243; shift_y=&#8221;0&#8243; z_index=&#8221;0&#8243;][vc_column column_width_percent=&#8221;90&#8243; align_horizontal=&#8221;align_center&#8221; gutter_size=&#8221;3&#8243; override_padding=&#8221;yes&#8221; column_padding=&#8221;4&#8243; overlay_alpha=&#8221;50&#8243; shift_x=&#8221;0&#8243; shift_y=&#8221;0&#8243; shift_y_down=&#8221;0&#8243; [&hellip;]<\/p>\n","protected":false},"author":2,"featured_media":9307,"parent":0,"menu_order":0,"comment_status":"closed","ping_status":"closed","template":"","meta":{"footnotes":""},"class_list":["post-1478","page","type-page","status-publish","has-post-thumbnail","hentry","page_category-flipper"],"yoast_head":"<!-- This site is optimized with the Yoast SEO plugin v26.4 - https:\/\/yoast.com\/wordpress\/plugins\/seo\/ -->\n<title>Flipper 900 ST<\/title>\n<meta name=\"robots\" content=\"index, follow, max-snippet:-1, max-image-preview:large, max-video-preview:-1\" \/>\n<link rel=\"canonical\" href=\"https:\/\/ecomarine.pl\/en\/flipper-900-st-2\/\" \/>\n<meta property=\"og:locale\" content=\"en_US\" \/>\n<meta property=\"og:locale:alternate\" content=\"pl_PL\" \/>\n<meta property=\"og:locale:alternate\" content=\"hr_HR\" \/>\n<meta property=\"og:type\" content=\"article\" \/>\n<meta property=\"og:title\" content=\"Flipper 900 ST\" \/>\n<meta property=\"og:description\" content=\"[vc_row row_height_percent=&#8221;0&#8243; override_padding=&#8221;yes&#8221; h_padding=&#8221;2&#8243; top_padding=&#8221;4&#8243; bottom_padding=&#8221;4&#8243; overlay_alpha=&#8221;50&#8243; gutter_size=&#8221;3&#8243; column_width_percent=&#8221;100&#8243; shift_y=&#8221;0&#8243; z_index=&#8221;0&#8243;][vc_column column_width_percent=&#8221;90&#8243; align_horizontal=&#8221;align_center&#8221; gutter_size=&#8221;3&#8243; override_padding=&#8221;yes&#8221; column_padding=&#8221;4&#8243; overlay_alpha=&#8221;50&#8243; shift_x=&#8221;0&#8243; shift_y=&#8221;0&#8243; shift_y_down=&#8221;0&#8243; [&hellip;]\" \/>\n<meta property=\"og:url\" content=\"https:\/\/ecomarine.pl\/en\/flipper-900-st-2\/\" \/>\n<meta property=\"og:site_name\" content=\"EcoMarine\" \/>\n<meta property=\"article:publisher\" content=\"https:\/\/www.facebook.com\/nimbusboatspoland\" \/>\n<meta property=\"article:modified_time\" content=\"2025-11-25T11:03:46+00:00\" \/>\n<meta property=\"og:image\" content=\"https:\/\/ecomarine.pl\/wp-content\/uploads\/2025\/10\/Flipper_900_ST-77-scaled.jpg\" \/>\n\t<meta property=\"og:image:width\" content=\"2560\" \/>\n\t<meta property=\"og:image:height\" content=\"1707\" \/>\n\t<meta property=\"og:image:type\" content=\"image\/jpeg\" \/>\n<meta name=\"twitter:card\" content=\"summary_large_image\" \/>\n<meta name=\"twitter:label1\" content=\"Est. reading time\" \/>\n\t<meta name=\"twitter:data1\" content=\"25 minutes\" \/>\n<script type=\"application\/ld+json\" class=\"yoast-schema-graph\">{\"@context\":\"https:\/\/schema.org\",\"@graph\":[{\"@type\":\"WebPage\",\"@id\":\"https:\/\/ecomarine.pl\/flipper-900-st-2\/\",\"url\":\"https:\/\/ecomarine.pl\/flipper-900-st-2\/\",\"name\":\"Flipper 900 ST\",\"isPartOf\":{\"@id\":\"https:\/\/ecomarine.pl\/#website\"},\"primaryImageOfPage\":{\"@id\":\"https:\/\/ecomarine.pl\/flipper-900-st-2\/#primaryimage\"},\"image\":{\"@id\":\"https:\/\/ecomarine.pl\/flipper-900-st-2\/#primaryimage\"},\"thumbnailUrl\":\"https:\/\/ecomarine.pl\/wp-content\/uploads\/2025\/10\/Flipper_900_ST-77-scaled.jpg\",\"datePublished\":\"2019-04-09T08:35:00+00:00\",\"dateModified\":\"2025-11-25T11:03:46+00:00\",\"breadcrumb\":{\"@id\":\"https:\/\/ecomarine.pl\/flipper-900-st-2\/#breadcrumb\"},\"inLanguage\":\"en-US\",\"potentialAction\":[{\"@type\":\"ReadAction\",\"target\":[\"https:\/\/ecomarine.pl\/flipper-900-st-2\/\"]}]},{\"@type\":\"ImageObject\",\"inLanguage\":\"en-US\",\"@id\":\"https:\/\/ecomarine.pl\/flipper-900-st-2\/#primaryimage\",\"url\":\"https:\/\/ecomarine.pl\/wp-content\/uploads\/2025\/10\/Flipper_900_ST-77-scaled.jpg\",\"contentUrl\":\"https:\/\/ecomarine.pl\/wp-content\/uploads\/2025\/10\/Flipper_900_ST-77-scaled.jpg\",\"width\":2560,\"height\":1707},{\"@type\":\"BreadcrumbList\",\"@id\":\"https:\/\/ecomarine.pl\/flipper-900-st-2\/#breadcrumb\",\"itemListElement\":[{\"@type\":\"ListItem\",\"position\":1,\"name\":\"Home\",\"item\":\"https:\/\/ecomarine.pl\/hr\/\"},{\"@type\":\"ListItem\",\"position\":2,\"name\":\"Flipper 900 ST\"}]},{\"@type\":\"WebSite\",\"@id\":\"https:\/\/ecomarine.pl\/#website\",\"url\":\"https:\/\/ecomarine.pl\/\",\"name\":\"EcoMarine\",\"description\":\"Luxury yahcts and motor boats\",\"publisher\":{\"@id\":\"https:\/\/ecomarine.pl\/#organization\"},\"potentialAction\":[{\"@type\":\"SearchAction\",\"target\":{\"@type\":\"EntryPoint\",\"urlTemplate\":\"https:\/\/ecomarine.pl\/?s={search_term_string}\"},\"query-input\":{\"@type\":\"PropertyValueSpecification\",\"valueRequired\":true,\"valueName\":\"search_term_string\"}}],\"inLanguage\":\"en-US\"},{\"@type\":\"Organization\",\"@id\":\"https:\/\/ecomarine.pl\/#organization\",\"name\":\"EcoMarine\",\"url\":\"https:\/\/ecomarine.pl\/\",\"logo\":{\"@type\":\"ImageObject\",\"inLanguage\":\"en-US\",\"@id\":\"https:\/\/ecomarine.pl\/#\/schema\/logo\/image\/\",\"url\":\"https:\/\/ecomarine.pl\/wp-content\/uploads\/2020\/10\/2018-08-logo-official1-2-e1605555500757.jpg\",\"contentUrl\":\"https:\/\/ecomarine.pl\/wp-content\/uploads\/2020\/10\/2018-08-logo-official1-2-e1605555500757.jpg\",\"width\":300,\"height\":86,\"caption\":\"EcoMarine\"},\"image\":{\"@id\":\"https:\/\/ecomarine.pl\/#\/schema\/logo\/image\/\"},\"sameAs\":[\"https:\/\/www.facebook.com\/nimbusboatspoland\",\"https:\/\/www.instagram.com\/ecomarine.pl\/\"]}]}<\/script>\n<!-- \/ Yoast SEO plugin. -->","yoast_head_json":{"title":"Flipper 900 ST","robots":{"index":"index","follow":"follow","max-snippet":"max-snippet:-1","max-image-preview":"max-image-preview:large","max-video-preview":"max-video-preview:-1"},"canonical":"https:\/\/ecomarine.pl\/en\/flipper-900-st-2\/","og_locale":"en_US","og_type":"article","og_title":"[:en]Flipper 900 ST[:pl]Flipper 900 ST[:hr]Flipper 900 ST[:] - EcoMarine","og_description":"[vc_row row_height_percent=&#8221;0&#8243; override_padding=&#8221;yes&#8221; h_padding=&#8221;2&#8243; top_padding=&#8221;4&#8243; bottom_padding=&#8221;4&#8243; overlay_alpha=&#8221;50&#8243; gutter_size=&#8221;3&#8243; column_width_percent=&#8221;100&#8243; shift_y=&#8221;0&#8243; z_index=&#8221;0&#8243;][vc_column column_width_percent=&#8221;90&#8243; align_horizontal=&#8221;align_center&#8221; gutter_size=&#8221;3&#8243; override_padding=&#8221;yes&#8221; column_padding=&#8221;4&#8243; overlay_alpha=&#8221;50&#8243; shift_x=&#8221;0&#8243; shift_y=&#8221;0&#8243; shift_y_down=&#8221;0&#8243; [&hellip;]","og_url":"https:\/\/ecomarine.pl\/en\/flipper-900-st-2\/","og_site_name":"EcoMarine","article_publisher":"https:\/\/www.facebook.com\/nimbusboatspoland","article_modified_time":"2025-11-25T11:03:46+00:00","og_image":[{"width":2560,"height":1707,"url":"https:\/\/ecomarine.pl\/wp-content\/uploads\/2025\/10\/Flipper_900_ST-77-scaled.jpg","type":"image\/jpeg"}],"twitter_card":"summary_large_image","twitter_misc":{"Est. reading time":"25 minutes"},"schema":{"@context":"https:\/\/schema.org","@graph":[{"@type":"WebPage","@id":"https:\/\/ecomarine.pl\/flipper-900-st-2\/","url":"https:\/\/ecomarine.pl\/flipper-900-st-2\/","name":"Flipper 900 ST","isPartOf":{"@id":"https:\/\/ecomarine.pl\/#website"},"primaryImageOfPage":{"@id":"https:\/\/ecomarine.pl\/flipper-900-st-2\/#primaryimage"},"image":{"@id":"https:\/\/ecomarine.pl\/flipper-900-st-2\/#primaryimage"},"thumbnailUrl":"https:\/\/ecomarine.pl\/wp-content\/uploads\/2025\/10\/Flipper_900_ST-77-scaled.jpg","datePublished":"2019-04-09T08:35:00+00:00","dateModified":"2025-11-25T11:03:46+00:00","breadcrumb":{"@id":"https:\/\/ecomarine.pl\/flipper-900-st-2\/#breadcrumb"},"inLanguage":"en-US","potentialAction":[{"@type":"ReadAction","target":["https:\/\/ecomarine.pl\/flipper-900-st-2\/"]}]},{"@type":"ImageObject","inLanguage":"en-US","@id":"https:\/\/ecomarine.pl\/flipper-900-st-2\/#primaryimage","url":"https:\/\/ecomarine.pl\/wp-content\/uploads\/2025\/10\/Flipper_900_ST-77-scaled.jpg","contentUrl":"https:\/\/ecomarine.pl\/wp-content\/uploads\/2025\/10\/Flipper_900_ST-77-scaled.jpg","width":2560,"height":1707},{"@type":"BreadcrumbList","@id":"https:\/\/ecomarine.pl\/flipper-900-st-2\/#breadcrumb","itemListElement":[{"@type":"ListItem","position":1,"name":"Home","item":"https:\/\/ecomarine.pl\/hr\/"},{"@type":"ListItem","position":2,"name":"Flipper 900 ST"}]},{"@type":"WebSite","@id":"https:\/\/ecomarine.pl\/#website","url":"https:\/\/ecomarine.pl\/","name":"EcoMarine","description":"Luxury yahcts and motor boats","publisher":{"@id":"https:\/\/ecomarine.pl\/#organization"},"potentialAction":[{"@type":"SearchAction","target":{"@type":"EntryPoint","urlTemplate":"https:\/\/ecomarine.pl\/?s={search_term_string}"},"query-input":{"@type":"PropertyValueSpecification","valueRequired":true,"valueName":"search_term_string"}}],"inLanguage":"en-US"},{"@type":"Organization","@id":"https:\/\/ecomarine.pl\/#organization","name":"EcoMarine","url":"https:\/\/ecomarine.pl\/","logo":{"@type":"ImageObject","inLanguage":"en-US","@id":"https:\/\/ecomarine.pl\/#\/schema\/logo\/image\/","url":"https:\/\/ecomarine.pl\/wp-content\/uploads\/2020\/10\/2018-08-logo-official1-2-e1605555500757.jpg","contentUrl":"https:\/\/ecomarine.pl\/wp-content\/uploads\/2020\/10\/2018-08-logo-official1-2-e1605555500757.jpg","width":300,"height":86,"caption":"EcoMarine"},"image":{"@id":"https:\/\/ecomarine.pl\/#\/schema\/logo\/image\/"},"sameAs":["https:\/\/www.facebook.com\/nimbusboatspoland","https:\/\/www.instagram.com\/ecomarine.pl\/"]}]}},"_links":{"self":[{"href":"https:\/\/ecomarine.pl\/en\/wp-json\/wp\/v2\/pages\/1478","targetHints":{"allow":["GET"]}}],"collection":[{"href":"https:\/\/ecomarine.pl\/en\/wp-json\/wp\/v2\/pages"}],"about":[{"href":"https:\/\/ecomarine.pl\/en\/wp-json\/wp\/v2\/types\/page"}],"author":[{"embeddable":true,"href":"https:\/\/ecomarine.pl\/en\/wp-json\/wp\/v2\/users\/2"}],"replies":[{"embeddable":true,"href":"https:\/\/ecomarine.pl\/en\/wp-json\/wp\/v2\/comments?post=1478"}],"version-history":[{"count":63,"href":"https:\/\/ecomarine.pl\/en\/wp-json\/wp\/v2\/pages\/1478\/revisions"}],"predecessor-version":[{"id":9760,"href":"https:\/\/ecomarine.pl\/en\/wp-json\/wp\/v2\/pages\/1478\/revisions\/9760"}],"wp:featuredmedia":[{"embeddable":true,"href":"https:\/\/ecomarine.pl\/en\/wp-json\/wp\/v2\/media\/9307"}],"wp:attachment":[{"href":"https:\/\/ecomarine.pl\/en\/wp-json\/wp\/v2\/media?parent=1478"}],"curies":[{"name":"wp","href":"https:\/\/api.w.org\/{rel}","templated":true}]}}