{"id":2626,"date":"2019-10-01T13:35:01","date_gmt":"2019-10-01T11:35:01","guid":{"rendered":"https:\/\/ecomarine.pl\/en\/?page_id=2626"},"modified":"2021-03-22T21:38:30","modified_gmt":"2021-03-22T20:38:30","slug":"alukin-cabin-750","status":"publish","type":"page","link":"https:\/\/ecomarine.pl\/en\/alukin-cabin-750\/","title":{"rendered":"ALUKIN CABIN 750"},"content":{"rendered":"<p>[vc_row row_height_percent=&#8221;0&#8243; override_padding=&#8221;yes&#8221; h_padding=&#8221;2&#8243; top_padding=&#8221;4&#8243; bottom_padding=&#8221;4&#8243; overlay_alpha=&#8221;50&#8243; gutter_size=&#8221;3&#8243; column_width_percent=&#8221;100&#8243; shift_y=&#8221;0&#8243; z_index=&#8221;0&#8243;][vc_column column_width_percent=&#8221;100&#8243; align_horizontal=&#8221;align_center&#8221; overlay_alpha=&#8221;50&#8243; gutter_size=&#8221;3&#8243; medium_width=&#8221;0&#8243; mobile_width=&#8221;0&#8243; shift_x=&#8221;0&#8243; shift_y=&#8221;0&#8243; shift_y_down=&#8221;0&#8243; z_index=&#8221;0&#8243; width=&#8221;1\/1&#8243;][vc_custom_heading text_size=&#8221;h1&#8243; text_font=&#8221;font-827535&#8243; text_weight=&#8221;100&#8243; text_transform=&#8221;uppercase&#8221; sub_lead=&#8221;yes&#8221; sub_reduced=&#8221;yes&#8221; subheading=&#8221;ALUKIN C 750 is a mid-range model that ensures a safe stay inside and around the boat. Behind the cabin there is a deck with a bench and stove, which has been adapted to your needs. A secure handrail makes the aft deck safe for mooring. It can also be used for sitting, loading or fishing. The handrail effectively protects against waves breaking through the stern and looking into the cabin. The height of the cabin is 190 cm. ALUKIN C 750 is the perfect boat for all weather for use all year round! Comfortable Grammer chairs, a set of beds and triple wipers as standard. \u0141\u00f3d\u017a is tailored to your individual solutions.&#8221;]ABOUT ALUKIN C 750[\/vc_custom_heading][\/vc_column][\/vc_row][vc_row row_height_percent=&#8221;0&#8243; override_padding=&#8221;yes&#8221; h_padding=&#8221;2&#8243; top_padding=&#8221;4&#8243; bottom_padding=&#8221;4&#8243; back_color=&#8221;color-rgdb&#8221; overlay_alpha=&#8221;50&#8243; equal_height=&#8221;yes&#8221; gutter_size=&#8221;4&#8243; column_width_percent=&#8221;100&#8243; shift_y=&#8221;0&#8243; z_index=&#8221;0&#8243;][vc_column column_width_percent=&#8221;100&#8243; style=&#8221;dark&#8221; overlay_alpha=&#8221;50&#8243; gutter_size=&#8221;3&#8243; medium_width=&#8221;0&#8243; mobile_width=&#8221;0&#8243; shift_x=&#8221;0&#8243; shift_y=&#8221;0&#8243; shift_y_down=&#8221;0&#8243; z_index=&#8221;0&#8243; width=&#8221;1\/3&#8243;][vc_custom_heading text_size=&#8221;h1&#8243; text_font=&#8221;font-827535&#8243; text_weight=&#8221;100&#8243; text_transform=&#8221;uppercase&#8221; sub_lead=&#8221;yes&#8221; sub_reduced=&#8221;yes&#8221;]TECHNICAL<br \/>\nSPECIFICATION[\/vc_custom_heading][vc_column_text]<\/p>\n<h5>Length: approx. 7.5 m (7.1 m hull)<br \/>\nWidth: approx. 2.34 m (2.22 m hull)<br \/>\nH (freeboard): approx. 0.75 m<br \/>\nWeight without engine: approx. 1520 kilogram<br \/>\nTooling length: XL (25 &#8220;),<br \/>\nEngine size: 150-250hp<br \/>\nMaximum speed: 40 knots<br \/>\nLoose: own lubrication<br \/>\nMarking: CE \/ C<br \/>\nNumber of people: 8<\/h5>\n<p>[\/vc_column_text][\/vc_column][vc_column column_width_percent=&#8221;100&#8243; position_vertical=&#8221;middle&#8221; align_horizontal=&#8221;align_center&#8221; overlay_alpha=&#8221;50&#8243; gutter_size=&#8221;3&#8243; medium_width=&#8221;0&#8243; mobile_width=&#8221;0&#8243; shift_x=&#8221;0&#8243; shift_y=&#8221;0&#8243; shift_y_down=&#8221;0&#8243; z_index=&#8221;0&#8243; width=&#8221;2\/3&#8243;][vc_gallery el_id=&#8221;gallery-727203&#8243; medias=&#8221;2631,2632,2633,2634,2635,2636,2637,2638&#8243; gutter_size=&#8221;3&#8243; screen_lg=&#8221;1000&#8243; screen_md=&#8221;600&#8243; screen_sm=&#8221;480&#8243; single_overlay_opacity=&#8221;50&#8243; single_padding=&#8221;2&#8243;][\/vc_column][\/vc_row]<\/p>\n","protected":false},"excerpt":{"rendered":"<p>[vc_row row_height_percent=&#8221;0&#8243; override_padding=&#8221;yes&#8221; h_padding=&#8221;2&#8243; top_padding=&#8221;4&#8243; bottom_padding=&#8221;4&#8243; overlay_alpha=&#8221;50&#8243; gutter_size=&#8221;3&#8243; column_width_percent=&#8221;100&#8243; shift_y=&#8221;0&#8243; z_index=&#8221;0&#8243;][vc_column column_width_percent=&#8221;100&#8243; align_horizontal=&#8221;align_center&#8221; overlay_alpha=&#8221;50&#8243; gutter_size=&#8221;3&#8243; medium_width=&#8221;0&#8243; mobile_width=&#8221;0&#8243; shift_x=&#8221;0&#8243; shift_y=&#8221;0&#8243; shift_y_down=&#8221;0&#8243; [&hellip;]<\/p>\n","protected":false},"author":2,"featured_media":2635,"parent":0,"menu_order":0,"comment_status":"closed","ping_status":"closed","template":"","meta":{"footnotes":""},"class_list":["post-2626","page","type-page","status-publish","has-post-thumbnail","hentry","page_category-alukin"],"yoast_head":"<!-- This site is optimized with the Yoast SEO plugin v26.4 - https:\/\/yoast.com\/wordpress\/plugins\/seo\/ -->\n<title>ALUKIN CABIN 750<\/title>\n<meta name=\"robots\" content=\"index, follow, max-snippet:-1, max-image-preview:large, max-video-preview:-1\" \/>\n<link rel=\"canonical\" href=\"https:\/\/ecomarine.pl\/en\/alukin-cabin-750\/\" \/>\n<meta property=\"og:locale\" content=\"en_US\" \/>\n<meta property=\"og:locale:alternate\" content=\"pl_PL\" \/>\n<meta property=\"og:locale:alternate\" content=\"hr_HR\" \/>\n<meta property=\"og:type\" content=\"article\" \/>\n<meta property=\"og:title\" content=\"ALUKIN CABIN 750\" \/>\n<meta property=\"og:description\" content=\"[vc_row row_height_percent=&#8221;0&#8243; override_padding=&#8221;yes&#8221; h_padding=&#8221;2&#8243; top_padding=&#8221;4&#8243; bottom_padding=&#8221;4&#8243; overlay_alpha=&#8221;50&#8243; gutter_size=&#8221;3&#8243; column_width_percent=&#8221;100&#8243; shift_y=&#8221;0&#8243; z_index=&#8221;0&#8243;][vc_column column_width_percent=&#8221;100&#8243; align_horizontal=&#8221;align_center&#8221; overlay_alpha=&#8221;50&#8243; gutter_size=&#8221;3&#8243; medium_width=&#8221;0&#8243; mobile_width=&#8221;0&#8243; shift_x=&#8221;0&#8243; shift_y=&#8221;0&#8243; shift_y_down=&#8221;0&#8243; [&hellip;]\" \/>\n<meta property=\"og:url\" content=\"https:\/\/ecomarine.pl\/en\/alukin-cabin-750\/\" \/>\n<meta property=\"og:site_name\" content=\"EcoMarine\" \/>\n<meta property=\"article:publisher\" content=\"https:\/\/www.facebook.com\/nimbusboatspoland\" \/>\n<meta property=\"article:modified_time\" content=\"2021-03-22T20:38:30+00:00\" \/>\n<meta property=\"og:image\" content=\"https:\/\/ecomarine.pl\/wp-content\/uploads\/2019\/10\/img_1.jpg\" \/>\n\t<meta property=\"og:image:width\" content=\"700\" \/>\n\t<meta property=\"og:image:height\" content=\"500\" \/>\n\t<meta property=\"og:image:type\" content=\"image\/jpeg\" \/>\n<meta name=\"twitter:card\" content=\"summary_large_image\" \/>\n<meta name=\"twitter:label1\" content=\"Est. reading time\" \/>\n\t<meta name=\"twitter:data1\" content=\"4 minutes\" \/>\n<script type=\"application\/ld+json\" class=\"yoast-schema-graph\">{\"@context\":\"https:\/\/schema.org\",\"@graph\":[{\"@type\":\"WebPage\",\"@id\":\"https:\/\/ecomarine.pl\/alukin-cabin-750\/\",\"url\":\"https:\/\/ecomarine.pl\/alukin-cabin-750\/\",\"name\":\"ALUKIN CABIN 750\",\"isPartOf\":{\"@id\":\"https:\/\/ecomarine.pl\/#website\"},\"primaryImageOfPage\":{\"@id\":\"https:\/\/ecomarine.pl\/alukin-cabin-750\/#primaryimage\"},\"image\":{\"@id\":\"https:\/\/ecomarine.pl\/alukin-cabin-750\/#primaryimage\"},\"thumbnailUrl\":\"https:\/\/ecomarine.pl\/wp-content\/uploads\/2019\/10\/img_1.jpg\",\"datePublished\":\"2019-10-01T11:35:01+00:00\",\"dateModified\":\"2021-03-22T20:38:30+00:00\",\"breadcrumb\":{\"@id\":\"https:\/\/ecomarine.pl\/alukin-cabin-750\/#breadcrumb\"},\"inLanguage\":\"en-US\",\"potentialAction\":[{\"@type\":\"ReadAction\",\"target\":[\"https:\/\/ecomarine.pl\/alukin-cabin-750\/\"]}]},{\"@type\":\"ImageObject\",\"inLanguage\":\"en-US\",\"@id\":\"https:\/\/ecomarine.pl\/alukin-cabin-750\/#primaryimage\",\"url\":\"https:\/\/ecomarine.pl\/wp-content\/uploads\/2019\/10\/img_1.jpg\",\"contentUrl\":\"https:\/\/ecomarine.pl\/wp-content\/uploads\/2019\/10\/img_1.jpg\",\"width\":700,\"height\":500},{\"@type\":\"BreadcrumbList\",\"@id\":\"https:\/\/ecomarine.pl\/alukin-cabin-750\/#breadcrumb\",\"itemListElement\":[{\"@type\":\"ListItem\",\"position\":1,\"name\":\"Home\",\"item\":\"https:\/\/ecomarine.pl\/hr\/\"},{\"@type\":\"ListItem\",\"position\":2,\"name\":\"ALUKIN CABIN 750\"}]},{\"@type\":\"WebSite\",\"@id\":\"https:\/\/ecomarine.pl\/#website\",\"url\":\"https:\/\/ecomarine.pl\/\",\"name\":\"EcoMarine\",\"description\":\"Luxury yahcts and motor boats\",\"publisher\":{\"@id\":\"https:\/\/ecomarine.pl\/#organization\"},\"potentialAction\":[{\"@type\":\"SearchAction\",\"target\":{\"@type\":\"EntryPoint\",\"urlTemplate\":\"https:\/\/ecomarine.pl\/?s={search_term_string}\"},\"query-input\":{\"@type\":\"PropertyValueSpecification\",\"valueRequired\":true,\"valueName\":\"search_term_string\"}}],\"inLanguage\":\"en-US\"},{\"@type\":\"Organization\",\"@id\":\"https:\/\/ecomarine.pl\/#organization\",\"name\":\"EcoMarine\",\"url\":\"https:\/\/ecomarine.pl\/\",\"logo\":{\"@type\":\"ImageObject\",\"inLanguage\":\"en-US\",\"@id\":\"https:\/\/ecomarine.pl\/#\/schema\/logo\/image\/\",\"url\":\"https:\/\/ecomarine.pl\/wp-content\/uploads\/2020\/10\/2018-08-logo-official1-2-e1605555500757.jpg\",\"contentUrl\":\"https:\/\/ecomarine.pl\/wp-content\/uploads\/2020\/10\/2018-08-logo-official1-2-e1605555500757.jpg\",\"width\":300,\"height\":86,\"caption\":\"EcoMarine\"},\"image\":{\"@id\":\"https:\/\/ecomarine.pl\/#\/schema\/logo\/image\/\"},\"sameAs\":[\"https:\/\/www.facebook.com\/nimbusboatspoland\",\"https:\/\/www.instagram.com\/ecomarine.pl\/\"]}]}<\/script>\n<!-- \/ Yoast SEO plugin. -->","yoast_head_json":{"title":"ALUKIN CABIN 750","robots":{"index":"index","follow":"follow","max-snippet":"max-snippet:-1","max-image-preview":"max-image-preview:large","max-video-preview":"max-video-preview:-1"},"canonical":"https:\/\/ecomarine.pl\/en\/alukin-cabin-750\/","og_locale":"en_US","og_type":"article","og_title":"[:en]ALUKIN CABIN 750[:pl]ALUKIN CABIN 750[:] - EcoMarine","og_description":"[vc_row row_height_percent=&#8221;0&#8243; override_padding=&#8221;yes&#8221; h_padding=&#8221;2&#8243; top_padding=&#8221;4&#8243; bottom_padding=&#8221;4&#8243; overlay_alpha=&#8221;50&#8243; gutter_size=&#8221;3&#8243; column_width_percent=&#8221;100&#8243; shift_y=&#8221;0&#8243; z_index=&#8221;0&#8243;][vc_column column_width_percent=&#8221;100&#8243; align_horizontal=&#8221;align_center&#8221; overlay_alpha=&#8221;50&#8243; gutter_size=&#8221;3&#8243; medium_width=&#8221;0&#8243; mobile_width=&#8221;0&#8243; shift_x=&#8221;0&#8243; shift_y=&#8221;0&#8243; shift_y_down=&#8221;0&#8243; [&hellip;]","og_url":"https:\/\/ecomarine.pl\/en\/alukin-cabin-750\/","og_site_name":"EcoMarine","article_publisher":"https:\/\/www.facebook.com\/nimbusboatspoland","article_modified_time":"2021-03-22T20:38:30+00:00","og_image":[{"width":700,"height":500,"url":"https:\/\/ecomarine.pl\/wp-content\/uploads\/2019\/10\/img_1.jpg","type":"image\/jpeg"}],"twitter_card":"summary_large_image","twitter_misc":{"Est. reading time":"4 minutes"},"schema":{"@context":"https:\/\/schema.org","@graph":[{"@type":"WebPage","@id":"https:\/\/ecomarine.pl\/alukin-cabin-750\/","url":"https:\/\/ecomarine.pl\/alukin-cabin-750\/","name":"ALUKIN CABIN 750","isPartOf":{"@id":"https:\/\/ecomarine.pl\/#website"},"primaryImageOfPage":{"@id":"https:\/\/ecomarine.pl\/alukin-cabin-750\/#primaryimage"},"image":{"@id":"https:\/\/ecomarine.pl\/alukin-cabin-750\/#primaryimage"},"thumbnailUrl":"https:\/\/ecomarine.pl\/wp-content\/uploads\/2019\/10\/img_1.jpg","datePublished":"2019-10-01T11:35:01+00:00","dateModified":"2021-03-22T20:38:30+00:00","breadcrumb":{"@id":"https:\/\/ecomarine.pl\/alukin-cabin-750\/#breadcrumb"},"inLanguage":"en-US","potentialAction":[{"@type":"ReadAction","target":["https:\/\/ecomarine.pl\/alukin-cabin-750\/"]}]},{"@type":"ImageObject","inLanguage":"en-US","@id":"https:\/\/ecomarine.pl\/alukin-cabin-750\/#primaryimage","url":"https:\/\/ecomarine.pl\/wp-content\/uploads\/2019\/10\/img_1.jpg","contentUrl":"https:\/\/ecomarine.pl\/wp-content\/uploads\/2019\/10\/img_1.jpg","width":700,"height":500},{"@type":"BreadcrumbList","@id":"https:\/\/ecomarine.pl\/alukin-cabin-750\/#breadcrumb","itemListElement":[{"@type":"ListItem","position":1,"name":"Home","item":"https:\/\/ecomarine.pl\/hr\/"},{"@type":"ListItem","position":2,"name":"ALUKIN CABIN 750"}]},{"@type":"WebSite","@id":"https:\/\/ecomarine.pl\/#website","url":"https:\/\/ecomarine.pl\/","name":"EcoMarine","description":"Luxury yahcts and motor boats","publisher":{"@id":"https:\/\/ecomarine.pl\/#organization"},"potentialAction":[{"@type":"SearchAction","target":{"@type":"EntryPoint","urlTemplate":"https:\/\/ecomarine.pl\/?s={search_term_string}"},"query-input":{"@type":"PropertyValueSpecification","valueRequired":true,"valueName":"search_term_string"}}],"inLanguage":"en-US"},{"@type":"Organization","@id":"https:\/\/ecomarine.pl\/#organization","name":"EcoMarine","url":"https:\/\/ecomarine.pl\/","logo":{"@type":"ImageObject","inLanguage":"en-US","@id":"https:\/\/ecomarine.pl\/#\/schema\/logo\/image\/","url":"https:\/\/ecomarine.pl\/wp-content\/uploads\/2020\/10\/2018-08-logo-official1-2-e1605555500757.jpg","contentUrl":"https:\/\/ecomarine.pl\/wp-content\/uploads\/2020\/10\/2018-08-logo-official1-2-e1605555500757.jpg","width":300,"height":86,"caption":"EcoMarine"},"image":{"@id":"https:\/\/ecomarine.pl\/#\/schema\/logo\/image\/"},"sameAs":["https:\/\/www.facebook.com\/nimbusboatspoland","https:\/\/www.instagram.com\/ecomarine.pl\/"]}]}},"_links":{"self":[{"href":"https:\/\/ecomarine.pl\/en\/wp-json\/wp\/v2\/pages\/2626","targetHints":{"allow":["GET"]}}],"collection":[{"href":"https:\/\/ecomarine.pl\/en\/wp-json\/wp\/v2\/pages"}],"about":[{"href":"https:\/\/ecomarine.pl\/en\/wp-json\/wp\/v2\/types\/page"}],"author":[{"embeddable":true,"href":"https:\/\/ecomarine.pl\/en\/wp-json\/wp\/v2\/users\/2"}],"replies":[{"embeddable":true,"href":"https:\/\/ecomarine.pl\/en\/wp-json\/wp\/v2\/comments?post=2626"}],"version-history":[{"count":11,"href":"https:\/\/ecomarine.pl\/en\/wp-json\/wp\/v2\/pages\/2626\/revisions"}],"predecessor-version":[{"id":2732,"href":"https:\/\/ecomarine.pl\/en\/wp-json\/wp\/v2\/pages\/2626\/revisions\/2732"}],"wp:featuredmedia":[{"embeddable":true,"href":"https:\/\/ecomarine.pl\/en\/wp-json\/wp\/v2\/media\/2635"}],"wp:attachment":[{"href":"https:\/\/ecomarine.pl\/en\/wp-json\/wp\/v2\/media?parent=2626"}],"curies":[{"name":"wp","href":"https:\/\/api.w.org\/{rel}","templated":true}]}}