{"id":5526,"date":"2020-12-29T18:41:08","date_gmt":"2020-12-29T17:41:08","guid":{"rendered":"https:\/\/ecomarine.pl\/?page_id=5526"},"modified":"2021-06-13T14:22:12","modified_gmt":"2021-06-13T12:22:12","slug":"nimbus-305-coupe-polluks","status":"publish","type":"page","link":"https:\/\/ecomarine.pl\/en\/nimbus-305-coupe-polluks\/","title":{"rendered":"Nimbus 305 Coup\u00e9 &#8211; POLLUKS"},"content":{"rendered":"<p>[vc_row row_height_percent=&#8221;0&#8243; override_padding=&#8221;yes&#8221; h_padding=&#8221;2&#8243; top_padding=&#8221;2&#8243; bottom_padding=&#8221;2&#8243; back_color=&#8221;color-gyho&#8221; overlay_alpha=&#8221;50&#8243; gutter_size=&#8221;3&#8243; column_width_percent=&#8221;100&#8243; shift_y=&#8221;0&#8243; z_index=&#8221;0&#8243;][vc_column width=&#8221;1\/1&#8243;][vc_custom_heading text_font=&#8221;font-555555&#8243; text_size=&#8221;h1&#8243; text_weight=&#8221;500&#8243; text_transform=&#8221;uppercase&#8221; separator=&#8221;yes&#8221; separator_color=&#8221;yes&#8221;]Nimbus 305 Coupe &#8220;POLLUKS&#8221;[\/vc_custom_heading][vc_row_inner limit_content=&#8221;&#8221;][vc_column_inner width=&#8221;1\/2&#8243;][vc_column_text]The 10-meter yacht produced by the Swedish shipyard NIMBUS emanates with solid workmanship and elegance. Aft deck equipped with a table and comfortable sofas are a great place for dinner with a view of the setting sun. The asymmetrical &#8220;side-walk&#8221; cabin layout provides freedom of movement from bow to stern along the entire starboard side. The soft couch placed on the bow deck is appreciated by sunbathing enthusiasts. The Volvo Penta D3&#8217;s 220 hp engine accelerates the yacht to 22 knots, while maintaining low fuel consumption in practice.<\/p>\n<p><strong>Location: Pirovac, Croatia<\/strong>[\/vc_column_text][\/vc_column_inner][vc_column_inner width=&#8221;1\/2&#8243;][vc_column_text]<\/p>\n<div class=\"uncoltable\">\n<div class=\"uncell no-block-padding\">\n<div class=\"uncont\">\n<div class=\"uncode_text_column\">\n<p>The yacht has integrated ventilation, air conditioning, five large side windows and an electrically sliding glass roof that additionally illuminates the interior. Maximum use of space allowed to place a living room with a very well equipped kitchenette, two cabins and a bathroom with a toilet, washbasin and shower below deck. The sofa located in the living room will easily turn into a place to sleep for two people.<\/p>\n<p>Nimbus 305 POLLUKS is recommended for families with children or groups of friends for whom a dream holiday is on the water.<\/p>\n<\/div>\n<\/div>\n<\/div>\n<\/div>\n<p>[\/vc_column_text][\/vc_column_inner][\/vc_row_inner][\/vc_column][\/vc_row][vc_row row_height_percent=&#8221;0&#8243; override_padding=&#8221;yes&#8221; h_padding=&#8221;2&#8243; top_padding=&#8221;2&#8243; bottom_padding=&#8221;2&#8243; overlay_alpha=&#8221;50&#8243; gutter_size=&#8221;3&#8243; column_width_percent=&#8221;100&#8243; shift_y=&#8221;0&#8243; z_index=&#8221;0&#8243;][vc_column column_width_percent=&#8221;100&#8243; gutter_size=&#8221;3&#8243; style=&#8221;light&#8221; overlay_alpha=&#8221;50&#8243; shift_x=&#8221;0&#8243; shift_y=&#8221;0&#8243; shift_y_down=&#8221;0&#8243; z_index=&#8221;0&#8243; medium_width=&#8221;0&#8243; mobile_width=&#8221;0&#8243; width=&#8221;1\/1&#8243;][vc_custom_heading text_font=&#8221;font-555555&#8243; text_size=&#8221;h3&#8243; text_weight=&#8221;400&#8243; text_transform=&#8221;uppercase&#8221; separator=&#8221;yes&#8221; separator_color=&#8221;yes&#8221;]<span class=\"font-555555\">Technical specification<\/span>[\/vc_custom_heading][vc_row_inner limit_content=&#8221;&#8221;][vc_column_inner column_width_percent=&#8221;100&#8243; gutter_size=&#8221;3&#8243; style=&#8221;light&#8221; overlay_alpha=&#8221;50&#8243; shift_x=&#8221;0&#8243; shift_y=&#8221;0&#8243; shift_y_down=&#8221;0&#8243; z_index=&#8221;0&#8243; medium_width=&#8221;0&#8243; mobile_width=&#8221;0&#8243; width=&#8221;1\/2&#8243;][vc_column_text]\n<table id=\"tablepress-14\" class=\"tablepress tablepress-id-14\">\n<tbody class=\"row-striping row-hover\">\n<tr class=\"row-1\">\n\t<td class=\"column-1\"><strong>Year of production<\/strong><\/td><td class=\"column-2\">2020<\/td>\n<\/tr>\n<tr class=\"row-2\">\n\t<td class=\"column-1\"><strong>Overall length<\/strong><\/td><td class=\"column-2\">10,07 m<\/td>\n<\/tr>\n<tr class=\"row-3\">\n\t<td class=\"column-1\"><strong>Overall width<\/strong><\/td><td class=\"column-2\">3,25 m<\/td>\n<\/tr>\n<tr class=\"row-4\">\n\t<td class=\"column-1\"><strong>Draught<\/strong><\/td><td class=\"column-2\">0,9 m<\/td>\n<\/tr>\n<tr class=\"row-5\">\n\t<td class=\"column-1\"><strong>Maximum number of people<\/strong><\/td><td class=\"column-2\">8<\/td>\n<\/tr>\n<tr class=\"row-6\">\n\t<td class=\"column-1\"><strong>CE Category<\/strong><\/td><td class=\"column-2\">B<\/td>\n<\/tr>\n<tr class=\"row-7\">\n\t<td class=\"column-1\"><strong>Engine<\/strong><\/td><td class=\"column-2\">Volvo Penta D3-220 164kW (220 hp)<\/td>\n<\/tr>\n<\/tbody>\n<\/table>\n<!-- #tablepress-14 from cache -->[\/vc_column_text][\/vc_column_inner][vc_column_inner width=&#8221;1\/2&#8243;][vc_column_text]\n<table id=\"tablepress-15\" class=\"tablepress tablepress-id-15\">\n<tbody class=\"row-striping row-hover\">\n<tr class=\"row-1\">\n\t<td class=\"column-1\"><strong>Cabins<\/strong><\/td><td class=\"column-2\">2<\/td>\n<\/tr>\n<tr class=\"row-2\">\n\t<td class=\"column-1\"><strong><colour=blue>Berths<\/colour><\/strong><\/td><td class=\"column-2\">4+2<\/td>\n<\/tr>\n<tr class=\"row-3\">\n\t<td class=\"column-1\"><strong>Fuel capacity<\/strong><\/td><td class=\"column-2\">250 l<\/td>\n<\/tr>\n<tr class=\"row-4\">\n\t<td class=\"column-1\"><strong>Fresh water capacity<\/strong><\/td><td class=\"column-2\">150 l<\/td>\n<\/tr>\n<tr class=\"row-5\">\n\t<td class=\"column-1\"><strong>Hot water capacity<\/strong><\/td><td class=\"column-2\">20 l<\/td>\n<\/tr>\n<tr class=\"row-6\">\n\t<td class=\"column-1\"><strong>Black water capacity<\/strong><\/td><td class=\"column-2\">80 l<\/td>\n<\/tr>\n<tr class=\"row-7\">\n\t<td class=\"column-1\"><strong>Maximum speed<\/strong><\/td><td class=\"column-2\">+ 21 knots<\/td>\n<\/tr>\n<\/tbody>\n<\/table>\n<!-- #tablepress-15 from cache -->[\/vc_column_text][\/vc_column_inner][\/vc_row_inner][vc_gallery el_id=&#8221;gallery-484035&#8243; medias=&#8221;4145,4146,4143,4144&#8243; gutter_size=&#8221;3&#8243; screen_lg=&#8221;1000&#8243; screen_md=&#8221;600&#8243; screen_sm=&#8221;480&#8243; single_width=&#8221;3&#8243; images_size=&#8221;three-two&#8221; single_overlay_opacity=&#8221;50&#8243; single_padding=&#8221;2&#8243; single_border=&#8221;yes&#8221;][\/vc_column][\/vc_row][vc_row row_height_percent=&#8221;0&#8243; override_padding=&#8221;yes&#8221; h_padding=&#8221;2&#8243; top_padding=&#8221;2&#8243; bottom_padding=&#8221;2&#8243; back_color=&#8221;color-gyho&#8221; overlay_alpha=&#8221;50&#8243; gutter_size=&#8221;3&#8243; column_width_percent=&#8221;100&#8243; shift_y=&#8221;0&#8243; z_index=&#8221;0&#8243;][vc_column width=&#8221;1\/1&#8243;][vc_custom_heading text_font=&#8221;font-555555&#8243; text_size=&#8221;h3&#8243; text_weight=&#8221;400&#8243; text_transform=&#8221;uppercase&#8221; separator=&#8221;yes&#8221; separator_color=&#8221;yes&#8221;]Equipment[\/vc_custom_heading][vc_row_inner limit_content=&#8221;&#8221;][vc_column_inner column_width_percent=&#8221;100&#8243; gutter_size=&#8221;3&#8243; overlay_alpha=&#8221;50&#8243; shift_x=&#8221;0&#8243; shift_y=&#8221;0&#8243; shift_y_down=&#8221;0&#8243; z_index=&#8221;0&#8243; medium_width=&#8221;0&#8243; mobile_width=&#8221;0&#8243; width=&#8221;1\/3&#8243;][uncode_list icon=&#8221;fa fa-check&#8221; icon_color=&#8221;color-210407&#8243;]<\/p>\n<ul>\n<li>12V socket 1 pcs.<\/li>\n<li>automatic fire extinguishing system<\/li>\n<li>autopilot<\/li>\n<li>bathing ladder<\/li>\n<li>bed linen<\/li>\n<li>bimini<\/li>\n<li>bow and stern thrusters + pilot<\/li>\n<li>bow ladder<\/li>\n<li>complete safety and security equipment<\/li>\n<li>electric toilet with black water tank and water circuit<\/li>\n<li>electrical engine controls<\/li>\n<\/ul>\n<p>[\/uncode_list][\/vc_column_inner][vc_column_inner column_width_percent=&#8221;100&#8243; gutter_size=&#8221;3&#8243; overlay_alpha=&#8221;50&#8243; shift_x=&#8221;0&#8243; shift_y=&#8221;0&#8243; shift_y_down=&#8221;0&#8243; z_index=&#8221;0&#8243; medium_width=&#8221;0&#8243; mobile_width=&#8221;0&#8243; width=&#8221;1\/3&#8243;][uncode_list icon=&#8221;fa fa-check&#8221; icon_color=&#8221;color-210407&#8243;]<\/p>\n<ul>\n<li>electrically controlled, glassy skylight<\/li>\n<li>fishing rod holder<\/li>\n<li>freezer<\/li>\n<li>full kitchen equipment (dishes, cutlery, pots and pans, chopping boards, kettle and others)<\/li>\n<li>Fusion MS-RA70N sound system with Bluetooth<\/li>\n<li>gas ceramic hob<\/li>\n<li>heating and air conditioning<\/li>\n<li>manual and electric bilge pump<\/li>\n<li>microwave<\/li>\n<li>plotter Simrad NSS 12&#8243; Evo 3<\/li>\n<\/ul>\n<p>[\/uncode_list][\/vc_column_inner][vc_column_inner column_width_percent=&#8221;100&#8243; gutter_size=&#8221;3&#8243; overlay_alpha=&#8221;50&#8243; shift_x=&#8221;0&#8243; shift_y=&#8221;0&#8243; shift_y_down=&#8221;0&#8243; z_index=&#8221;0&#8243; medium_width=&#8221;0&#8243; mobile_width=&#8221;0&#8243; width=&#8221;1\/3&#8243;][uncode_list icon=&#8221;fa fa-check&#8221; icon_color=&#8221;color-210407&#8243;]<\/p>\n<ul>\n<li>radar<\/li>\n<li>refrigerator, 65 l<\/li>\n<li>searchlight with remote control<\/li>\n<li>set of navigation maps<\/li>\n<li>shower on transom<\/li>\n<li>towels<\/li>\n<li>trim tabs<\/li>\n<li>TV in salon with DVB-T2 and DBS-S receiver incl. DVD player<\/li>\n<li>USB socket 3 pcs.<\/li>\n<li>VHF radio<\/li>\n<li>windscreen washer system<\/li>\n<li><em>possibility to rent a <a href=\"https:\/\/ecomarine.pl\/en\/sup-boards\/\">SUP board<\/a> for an additional fee<\/em><\/li>\n<\/ul>\n<p>[\/uncode_list][\/vc_column_inner][\/vc_row_inner][\/vc_column][\/vc_row][vc_row][vc_column width=&#8221;1\/1&#8243;][vc_gallery el_id=&#8221;gallery-670457&#8243; medias=&#8221;5533,5532,5529,5539,5528,5531,5535,5536,5537,5530,5538&#8243; style_preset=&#8221;metro&#8221; gutter_size=&#8221;1&#8243; screen_lg=&#8221;1000&#8243; screen_md=&#8221;600&#8243; screen_sm=&#8221;480&#8243; single_width=&#8221;2&#8243; single_height=&#8221;2&#8243; single_overlay_opacity=&#8221;50&#8243; single_padding=&#8221;2&#8243; single_border=&#8221;yes&#8221;][\/vc_column][\/vc_row][vc_row row_height_percent=&#8221;0&#8243; override_padding=&#8221;yes&#8221; h_padding=&#8221;2&#8243; top_padding=&#8221;2&#8243; bottom_padding=&#8221;2&#8243; back_color=&#8221;color-gyho&#8221; overlay_alpha=&#8221;50&#8243; gutter_size=&#8221;4&#8243; column_width_percent=&#8221;100&#8243; shift_y=&#8221;0&#8243; z_index=&#8221;0&#8243;][vc_column column_width_percent=&#8221;100&#8243; gutter_size=&#8221;3&#8243; overlay_alpha=&#8221;50&#8243; shift_x=&#8221;0&#8243; shift_y=&#8221;0&#8243; shift_y_down=&#8221;0&#8243; z_index=&#8221;0&#8243; medium_width=&#8221;0&#8243; mobile_width=&#8221;0&#8243; width=&#8221;1\/3&#8243;][vc_custom_heading text_font=&#8221;font-555555&#8243; text_size=&#8221;h3&#8243; text_weight=&#8221;400&#8243; text_transform=&#8221;uppercase&#8221; separator=&#8221;yes&#8221; separator_color=&#8221;yes&#8221;]Booking[\/vc_custom_heading][vc_column_text]Check if POLLUKS is available at the time you are interested. For reservations or additional questions, please contact us by phone or e-mail.<\/p>\n<p>Book POLLUKS yacht and enjoy your desired holiday! We invite you to join us on a sea adventure![\/vc_column_text][\/vc_column][vc_column width=&#8221;1\/3&#8243;][vc_empty_space empty_h=&#8221;2&#8243;][vc_column_text] ID unknown.[\/vc_column_text][\/vc_column][vc_column width=&#8221;1\/3&#8243;][vc_empty_space empty_h=&#8221;2&#8243;][vc_icon position=&#8221;left&#8221; title_aligned_icon=&#8221;yes&#8221; icon=&#8221;fa fa-phone-handset&#8221; icon_color=&#8221;accent&#8221; background_style=&#8221;fa-rounded&#8221; size=&#8221;fa-2x&#8221; heading_semantic=&#8221;h4&#8243; text_font=&#8221;font-555555&#8243; text_size=&#8221;h4&#8243; text_weight=&#8221;400&#8243; text_lead=&#8221;yes&#8221;]<\/p>\n<h6><strong><span class=\"font-555555\">(PL, ENG, GER) +48 602 368 766<\/span><\/strong><\/h6>\n<h6>(CRO, ENG) +385 984 29226<\/h6>\n<p>[\/vc_icon][vc_icon position=&#8221;left&#8221; icon=&#8221;fa fa-mail&#8221; icon_color=&#8221;accent&#8221; background_style=&#8221;fa-rounded&#8221; size=&#8221;fa-2x&#8221; text_font=&#8221;font-555555&#8243; text_size=&#8221;h4&#8243; text_weight=&#8221;400&#8243; title=&#8221;info@nimbuscharter.com&#8221;][\/vc_icon][\/vc_column][\/vc_row][vc_row row_height_percent=&#8221;0&#8243; overlay_alpha=&#8221;50&#8243; gutter_size=&#8221;3&#8243; column_width_percent=&#8221;100&#8243; shift_y=&#8221;0&#8243; z_index=&#8221;0&#8243; desktop_visibility=&#8221;yes&#8221; medium_visibility=&#8221;yes&#8221; mobile_visibility=&#8221;yes&#8221;][vc_column width=&#8221;1\/1&#8243;][vc_custom_heading heading_semantic=&#8221;h4&#8243; text_font=&#8221;font-555555&#8243; text_size=&#8221;h4&#8243; text_weight=&#8221;400&#8243; text_transform=&#8221;uppercase&#8221; separator=&#8221;yes&#8221; separator_color=&#8221;yes&#8221;]Zapytaj o czarter CHOCOLATE[\/vc_custom_heading]\n<div class=\"wpcf7 no-js\" id=\"wpcf7-f4157-o1\" lang=\"pl-PL\" dir=\"ltr\" data-wpcf7-id=\"4157\">\n<div class=\"screen-reader-response\"><p role=\"status\" aria-live=\"polite\" aria-atomic=\"true\"><\/p> <ul><\/ul><\/div>\n<form action=\"\/en\/wp-json\/wp\/v2\/pages\/5526#wpcf7-f4157-o1\" method=\"post\" class=\"wpcf7-form init input-underline\" aria-label=\"Formularz kontaktowy\" novalidate=\"novalidate\" data-status=\"init\">\n<fieldset class=\"hidden-fields-container\"><input type=\"hidden\" name=\"_wpcf7\" value=\"4157\" \/><input type=\"hidden\" name=\"_wpcf7_version\" value=\"6.1.4\" \/><input type=\"hidden\" name=\"_wpcf7_locale\" value=\"pl_PL\" \/><input type=\"hidden\" name=\"_wpcf7_unit_tag\" value=\"wpcf7-f4157-o1\" \/><input type=\"hidden\" name=\"_wpcf7_container_post\" value=\"0\" \/><input type=\"hidden\" name=\"_wpcf7_posted_data_hash\" value=\"\" \/><input type=\"hidden\" name=\"lang\" value=\"en\" \/>\n<\/fieldset>\n<p><span class=\"wpcf7-form-control-wrap\" data-name=\"text-432\"><input size=\"40\" maxlength=\"400\" class=\"wpcf7-form-control wpcf7-text wpcf7-validates-as-required\" aria-required=\"true\" aria-invalid=\"false\" placeholder=\"Imi\u0119 i nazwisko\" value=\"\" type=\"text\" name=\"text-432\" \/><\/span>\n<\/p>\n<p><span class=\"wpcf7-form-control-wrap\" data-name=\"email-223\"><input size=\"40\" maxlength=\"400\" class=\"wpcf7-form-control wpcf7-email wpcf7-validates-as-required wpcf7-text wpcf7-validates-as-email\" aria-required=\"true\" aria-invalid=\"false\" placeholder=\"Adres e-mail\" value=\"\" type=\"email\" name=\"email-223\" \/><\/span>\n<\/p>\n<p><span class=\"wpcf7-form-control-wrap\" data-name=\"text-432\"><input size=\"40\" maxlength=\"400\" class=\"wpcf7-form-control wpcf7-text\" aria-invalid=\"false\" placeholder=\"Numer telefonu (opcjonalnie)\" value=\"\" type=\"text\" name=\"text-432\" \/><\/span>\n<\/p>\n<p><span class=\"wpcf7-form-control-wrap\" data-name=\"date-632\"><input class=\"wpcf7-form-control wpcf7-date wpcf7-validates-as-date\" min=\"2020-07-22\" max=\"2020-10-31\" aria-invalid=\"false\" placeholder=\"Termin rozpocz\u0119cia czarteru\" value=\"\" type=\"date\" name=\"date-632\" \/><\/span>\n<\/p>\n<p><span class=\"wpcf7-form-control-wrap\" data-name=\"menu-609\"><select class=\"wpcf7-form-control wpcf7-select\" aria-invalid=\"false\" name=\"menu-609\"><option value=\"Okres czarteru\">Okres czarteru<\/option><option value=\"1-3 dni\">1-3 dni<\/option><option value=\"7-10 dni\">7-10 dni<\/option><option value=\"tydzie\u0144\">tydzie\u0144<\/option><option value=\"2 tygodnie\">2 tygodnie<\/option><\/select><\/span>\n<\/p>\n<p><span class=\"wpcf7-form-control-wrap\" data-name=\"textarea-579\"><textarea cols=\"40\" rows=\"10\" maxlength=\"2000\" class=\"wpcf7-form-control wpcf7-textarea\" aria-invalid=\"false\" placeholder=\"Tre\u015b\u0107 wiadomo\u015bci\" name=\"textarea-579\"><\/textarea><\/span>\n<\/p>\n<p><span class=\"wpcf7-form-control-wrap\" data-name=\"acceptance-834\"><span class=\"wpcf7-form-control wpcf7-acceptance\"><span class=\"wpcf7-list-item\"><label><input type=\"checkbox\" name=\"acceptance-834\" value=\"1\" aria-invalid=\"false\" \/><span class=\"wpcf7-list-item-label\">Wyra\u017cam zgod\u0119 na przetwarzanie danych osobowych zgodnie z ustaw\u0105 o ochronie danych osobowych w zwi\u0105zku z wys\u0142aniem zapytania poprzez formularz kontaktowy. Podanie danych jest dobrowolne, ale niezb\u0119dne do przetworzenia zapytania. Zosta\u0142em poinformowany, \u017ce przys\u0142uguje mi prawo dost\u0119pu do swoich danych, mo\u017cliwo\u015bci ich poprawiania, \u017c\u0105dania zaprzestania ich przetwarzania. Administratorem danych osobowych jest ECO NEW - ECO MARINE sp\u00f3\u0142ka z ograniczon\u0105 odpowiedzialno\u015bci\u0105 sp\u00f3\u0142ka komandytowa z siedzib\u0105 w Polsce, ul. Kordylewskiego 1, 31-542 Krak\u00f3w.<\/span><\/label><\/span><\/span><\/span>\n<\/p>\n<p><input class=\"wpcf7-form-control wpcf7-submit has-spinner\" type=\"submit\" value=\"Wy\u015blij\" \/>\n<\/p><div class=\"wpcf7-response-output\" aria-hidden=\"true\"><\/div>\n<\/form>\n<\/div>\n\r\n\t\t\t\t<script>\r\n\t\t\t\tif ( typeof huOptions !== 'undefined' ) {\r\n\t\t\t\t\tvar huFormData = {\"source\":\"contactform7\",\"id\":4157,\"title\":\"Zapytaj o czarter CHOCOLATE\",\"fields\":{\"subject\":{\"first_name\":\"your-name\",\"email\":\"your-email\"},\"preferences\":{\"terms\":\"your-consent\"}}};\r\n\t\t\t\t\tvar huFormNode = document.querySelector( '[id^=\"wpcf7-f4157-\"] form' );\r\n\r\n\t\t\t\t\thuFormData['node'] = huFormNode;\r\n\t\t\t\t\thuOptions['forms'].push( huFormData );\r\n\t\t\t\t}\r\n\t\t\t\t<\/script>[\/vc_column][\/vc_row]<\/p>\n","protected":false},"excerpt":{"rendered":"<p>[vc_row row_height_percent=&#8221;0&#8243; override_padding=&#8221;yes&#8221; h_padding=&#8221;2&#8243; top_padding=&#8221;2&#8243; bottom_padding=&#8221;2&#8243; back_color=&#8221;color-gyho&#8221; overlay_alpha=&#8221;50&#8243; gutter_size=&#8221;3&#8243; column_width_percent=&#8221;100&#8243; shift_y=&#8221;0&#8243; z_index=&#8221;0&#8243;][vc_column width=&#8221;1\/1&#8243;][vc_custom_heading text_font=&#8221;font-555555&#8243; text_size=&#8221;h1&#8243; text_weight=&#8221;500&#8243; text_transform=&#8221;uppercase&#8221; separator=&#8221;yes&#8221; separator_color=&#8221;yes&#8221;]Nimbus 305 [&hellip;]<\/p>\n","protected":false},"author":2,"featured_media":0,"parent":0,"menu_order":0,"comment_status":"closed","ping_status":"closed","template":"","meta":{"footnotes":""},"class_list":["post-5526","page","type-page","status-publish","hentry","page_category-nimbus"],"yoast_head":"<!-- This site is optimized with the Yoast SEO plugin v26.4 - https:\/\/yoast.com\/wordpress\/plugins\/seo\/ -->\n<title>Nimbus 305 Coup\u00e9 - POLLUKS<\/title>\n<meta name=\"robots\" content=\"index, follow, max-snippet:-1, max-image-preview:large, max-video-preview:-1\" \/>\n<link rel=\"canonical\" href=\"https:\/\/ecomarine.pl\/en\/nimbus-305-coupe-polluks\/\" \/>\n<meta property=\"og:locale\" content=\"en_US\" \/>\n<meta property=\"og:locale:alternate\" content=\"pl_PL\" \/>\n<meta property=\"og:locale:alternate\" content=\"hr_HR\" \/>\n<meta property=\"og:type\" content=\"article\" \/>\n<meta property=\"og:title\" content=\"Nimbus 305 Coup\u00e9 - POLLUKS\" \/>\n<meta property=\"og:description\" content=\"[vc_row row_height_percent=&#8221;0&#8243; override_padding=&#8221;yes&#8221; h_padding=&#8221;2&#8243; top_padding=&#8221;2&#8243; bottom_padding=&#8221;2&#8243; back_color=&#8221;color-gyho&#8221; overlay_alpha=&#8221;50&#8243; gutter_size=&#8221;3&#8243; column_width_percent=&#8221;100&#8243; shift_y=&#8221;0&#8243; z_index=&#8221;0&#8243;][vc_column width=&#8221;1\/1&#8243;][vc_custom_heading text_font=&#8221;font-555555&#8243; text_size=&#8221;h1&#8243; text_weight=&#8221;500&#8243; text_transform=&#8221;uppercase&#8221; separator=&#8221;yes&#8221; separator_color=&#8221;yes&#8221;]Nimbus 305 [&hellip;]\" \/>\n<meta property=\"og:url\" content=\"https:\/\/ecomarine.pl\/en\/nimbus-305-coupe-polluks\/\" \/>\n<meta property=\"og:site_name\" content=\"EcoMarine\" \/>\n<meta property=\"article:publisher\" content=\"https:\/\/www.facebook.com\/nimbusboatspoland\" \/>\n<meta property=\"article:modified_time\" content=\"2021-06-13T12:22:12+00:00\" \/>\n<meta name=\"twitter:card\" content=\"summary_large_image\" \/>\n<meta name=\"twitter:label1\" content=\"Est. reading time\" \/>\n\t<meta name=\"twitter:data1\" content=\"16 minutes\" \/>\n<script type=\"application\/ld+json\" class=\"yoast-schema-graph\">{\"@context\":\"https:\/\/schema.org\",\"@graph\":[{\"@type\":\"WebPage\",\"@id\":\"https:\/\/ecomarine.pl\/nimbus-305-coupe-polluks\/\",\"url\":\"https:\/\/ecomarine.pl\/nimbus-305-coupe-polluks\/\",\"name\":\"Nimbus 305 Coup\u00e9 - POLLUKS\",\"isPartOf\":{\"@id\":\"https:\/\/ecomarine.pl\/#website\"},\"datePublished\":\"2020-12-29T17:41:08+00:00\",\"dateModified\":\"2021-06-13T12:22:12+00:00\",\"breadcrumb\":{\"@id\":\"https:\/\/ecomarine.pl\/nimbus-305-coupe-polluks\/#breadcrumb\"},\"inLanguage\":\"en-US\",\"potentialAction\":[{\"@type\":\"ReadAction\",\"target\":[\"https:\/\/ecomarine.pl\/nimbus-305-coupe-polluks\/\"]}]},{\"@type\":\"BreadcrumbList\",\"@id\":\"https:\/\/ecomarine.pl\/nimbus-305-coupe-polluks\/#breadcrumb\",\"itemListElement\":[{\"@type\":\"ListItem\",\"position\":1,\"name\":\"Home\",\"item\":\"https:\/\/ecomarine.pl\/hr\/\"},{\"@type\":\"ListItem\",\"position\":2,\"name\":\"Nimbus 305 Coupe &#8222;POLLUKS&#8221;\"}]},{\"@type\":\"WebSite\",\"@id\":\"https:\/\/ecomarine.pl\/#website\",\"url\":\"https:\/\/ecomarine.pl\/\",\"name\":\"EcoMarine\",\"description\":\"Luxury yahcts and motor boats\",\"publisher\":{\"@id\":\"https:\/\/ecomarine.pl\/#organization\"},\"potentialAction\":[{\"@type\":\"SearchAction\",\"target\":{\"@type\":\"EntryPoint\",\"urlTemplate\":\"https:\/\/ecomarine.pl\/?s={search_term_string}\"},\"query-input\":{\"@type\":\"PropertyValueSpecification\",\"valueRequired\":true,\"valueName\":\"search_term_string\"}}],\"inLanguage\":\"en-US\"},{\"@type\":\"Organization\",\"@id\":\"https:\/\/ecomarine.pl\/#organization\",\"name\":\"EcoMarine\",\"url\":\"https:\/\/ecomarine.pl\/\",\"logo\":{\"@type\":\"ImageObject\",\"inLanguage\":\"en-US\",\"@id\":\"https:\/\/ecomarine.pl\/#\/schema\/logo\/image\/\",\"url\":\"https:\/\/ecomarine.pl\/wp-content\/uploads\/2020\/10\/2018-08-logo-official1-2-e1605555500757.jpg\",\"contentUrl\":\"https:\/\/ecomarine.pl\/wp-content\/uploads\/2020\/10\/2018-08-logo-official1-2-e1605555500757.jpg\",\"width\":300,\"height\":86,\"caption\":\"EcoMarine\"},\"image\":{\"@id\":\"https:\/\/ecomarine.pl\/#\/schema\/logo\/image\/\"},\"sameAs\":[\"https:\/\/www.facebook.com\/nimbusboatspoland\",\"https:\/\/www.instagram.com\/ecomarine.pl\/\"]}]}<\/script>\n<!-- \/ Yoast SEO plugin. -->","yoast_head_json":{"title":"Nimbus 305 Coup\u00e9 - POLLUKS","robots":{"index":"index","follow":"follow","max-snippet":"max-snippet:-1","max-image-preview":"max-image-preview:large","max-video-preview":"max-video-preview:-1"},"canonical":"https:\/\/ecomarine.pl\/en\/nimbus-305-coupe-polluks\/","og_locale":"en_US","og_type":"article","og_title":"[:en]Nimbus 305 Coup\u00e9 - POLLUKS[:pl]Nimbus 305 Coupe \"POLLUKS\"[:hr]Nimbus 305 Coupe \"POLLUKS\"[:] - EcoMarine","og_description":"[vc_row row_height_percent=&#8221;0&#8243; override_padding=&#8221;yes&#8221; h_padding=&#8221;2&#8243; top_padding=&#8221;2&#8243; bottom_padding=&#8221;2&#8243; back_color=&#8221;color-gyho&#8221; overlay_alpha=&#8221;50&#8243; gutter_size=&#8221;3&#8243; column_width_percent=&#8221;100&#8243; shift_y=&#8221;0&#8243; z_index=&#8221;0&#8243;][vc_column width=&#8221;1\/1&#8243;][vc_custom_heading text_font=&#8221;font-555555&#8243; text_size=&#8221;h1&#8243; text_weight=&#8221;500&#8243; text_transform=&#8221;uppercase&#8221; separator=&#8221;yes&#8221; separator_color=&#8221;yes&#8221;]Nimbus 305 [&hellip;]","og_url":"https:\/\/ecomarine.pl\/en\/nimbus-305-coupe-polluks\/","og_site_name":"EcoMarine","article_publisher":"https:\/\/www.facebook.com\/nimbusboatspoland","article_modified_time":"2021-06-13T12:22:12+00:00","twitter_card":"summary_large_image","twitter_misc":{"Est. reading time":"16 minutes"},"schema":{"@context":"https:\/\/schema.org","@graph":[{"@type":"WebPage","@id":"https:\/\/ecomarine.pl\/nimbus-305-coupe-polluks\/","url":"https:\/\/ecomarine.pl\/nimbus-305-coupe-polluks\/","name":"Nimbus 305 Coup\u00e9 - POLLUKS","isPartOf":{"@id":"https:\/\/ecomarine.pl\/#website"},"datePublished":"2020-12-29T17:41:08+00:00","dateModified":"2021-06-13T12:22:12+00:00","breadcrumb":{"@id":"https:\/\/ecomarine.pl\/nimbus-305-coupe-polluks\/#breadcrumb"},"inLanguage":"en-US","potentialAction":[{"@type":"ReadAction","target":["https:\/\/ecomarine.pl\/nimbus-305-coupe-polluks\/"]}]},{"@type":"BreadcrumbList","@id":"https:\/\/ecomarine.pl\/nimbus-305-coupe-polluks\/#breadcrumb","itemListElement":[{"@type":"ListItem","position":1,"name":"Home","item":"https:\/\/ecomarine.pl\/hr\/"},{"@type":"ListItem","position":2,"name":"Nimbus 305 Coupe &#8222;POLLUKS&#8221;"}]},{"@type":"WebSite","@id":"https:\/\/ecomarine.pl\/#website","url":"https:\/\/ecomarine.pl\/","name":"EcoMarine","description":"Luxury yahcts and motor boats","publisher":{"@id":"https:\/\/ecomarine.pl\/#organization"},"potentialAction":[{"@type":"SearchAction","target":{"@type":"EntryPoint","urlTemplate":"https:\/\/ecomarine.pl\/?s={search_term_string}"},"query-input":{"@type":"PropertyValueSpecification","valueRequired":true,"valueName":"search_term_string"}}],"inLanguage":"en-US"},{"@type":"Organization","@id":"https:\/\/ecomarine.pl\/#organization","name":"EcoMarine","url":"https:\/\/ecomarine.pl\/","logo":{"@type":"ImageObject","inLanguage":"en-US","@id":"https:\/\/ecomarine.pl\/#\/schema\/logo\/image\/","url":"https:\/\/ecomarine.pl\/wp-content\/uploads\/2020\/10\/2018-08-logo-official1-2-e1605555500757.jpg","contentUrl":"https:\/\/ecomarine.pl\/wp-content\/uploads\/2020\/10\/2018-08-logo-official1-2-e1605555500757.jpg","width":300,"height":86,"caption":"EcoMarine"},"image":{"@id":"https:\/\/ecomarine.pl\/#\/schema\/logo\/image\/"},"sameAs":["https:\/\/www.facebook.com\/nimbusboatspoland","https:\/\/www.instagram.com\/ecomarine.pl\/"]}]}},"_links":{"self":[{"href":"https:\/\/ecomarine.pl\/en\/wp-json\/wp\/v2\/pages\/5526","targetHints":{"allow":["GET"]}}],"collection":[{"href":"https:\/\/ecomarine.pl\/en\/wp-json\/wp\/v2\/pages"}],"about":[{"href":"https:\/\/ecomarine.pl\/en\/wp-json\/wp\/v2\/types\/page"}],"author":[{"embeddable":true,"href":"https:\/\/ecomarine.pl\/en\/wp-json\/wp\/v2\/users\/2"}],"replies":[{"embeddable":true,"href":"https:\/\/ecomarine.pl\/en\/wp-json\/wp\/v2\/comments?post=5526"}],"version-history":[{"count":19,"href":"https:\/\/ecomarine.pl\/en\/wp-json\/wp\/v2\/pages\/5526\/revisions"}],"predecessor-version":[{"id":6655,"href":"https:\/\/ecomarine.pl\/en\/wp-json\/wp\/v2\/pages\/5526\/revisions\/6655"}],"wp:attachment":[{"href":"https:\/\/ecomarine.pl\/en\/wp-json\/wp\/v2\/media?parent=5526"}],"curies":[{"name":"wp","href":"https:\/\/api.w.org\/{rel}","templated":true}]}}