{"id":1190,"date":"2019-04-04T16:56:39","date_gmt":"2019-04-04T14:56:39","guid":{"rendered":"http:\/\/eco.blogi.pro\/?page_id=1190"},"modified":"2026-03-08T21:07:09","modified_gmt":"2026-03-08T20:07:09","slug":"contact","status":"publish","type":"page","link":"https:\/\/ecomarine.pl\/hr\/contact\/","title":{"rendered":""},"content":{"rendered":"<p>[vc_row row_height_percent=&#8221;0&#8243; override_padding=&#8221;yes&#8221; h_padding=&#8221;2&#8243; top_padding=&#8221;4&#8243; bottom_padding=&#8221;2&#8243; overlay_alpha=&#8221;50&#8243; gutter_size=&#8221;3&#8243; column_width_percent=&#8221;100&#8243; shift_y=&#8221;0&#8243; z_index=&#8221;0&#8243;][vc_column column_width_percent=&#8221;100&#8243; align_horizontal=&#8221;align_center&#8221; gutter_size=&#8221;3&#8243; overlay_alpha=&#8221;50&#8243; shift_x=&#8221;0&#8243; shift_y=&#8221;0&#8243; shift_y_down=&#8221;0&#8243; z_index=&#8221;0&#8243; medium_width=&#8221;0&#8243; mobile_width=&#8221;0&#8243; width=&#8221;1\/1&#8243;][vc_custom_heading]<\/p>\n<h3 style=\"text-align: center;\" data-start=\"0\" data-end=\"74\">ECO NEW &#8211; ECO MARINE dru\u0161tvo s ograni\u010denom odgovorno\u0161\u0107u komanditno dru\u0161tvo<\/h3>\n<h3 style=\"text-align: center;\" data-start=\"76\" data-end=\"95\">NIMBUS BOATS POLAND<\/h3>\n<p>[\/vc_custom_heading][\/vc_column][\/vc_row][vc_row row_height_percent=&#8221;0&#8243; override_padding=&#8221;yes&#8221; h_padding=&#8221;2&#8243; top_padding=&#8221;2&#8243; bottom_padding=&#8221;4&#8243; overlay_alpha=&#8221;50&#8243; gutter_size=&#8221;3&#8243; column_width_percent=&#8221;100&#8243; shift_y=&#8221;0&#8243; z_index=&#8221;0&#8243;][vc_column column_width_percent=&#8221;100&#8243; gutter_size=&#8221;3&#8243; overlay_alpha=&#8221;50&#8243; shift_x=&#8221;0&#8243; shift_y=&#8221;0&#8243; shift_y_down=&#8221;0&#8243; z_index=&#8221;0&#8243; medium_width=&#8221;0&#8243; mobile_width=&#8221;0&#8243; width=&#8221;1\/2&#8243;][vc_column_text]<\/p>\n<p data-start=\"36\" data-end=\"77\"><strong data-start=\"36\" data-end=\"77\">ECO MARINE SJEDI\u0160TE TVRTKE U POLJSKOJ<\/strong><\/p>\n<p data-start=\"79\" data-end=\"123\">ul. Kordylewskiego 1, 31-542 Krak\u00f3w, Poljska<\/p>\n<p data-start=\"125\" data-end=\"146\">GSM: +48 602 36 87 66<\/p>\n<p data-start=\"148\" data-end=\"173\">e-mail:\u00a0<a href=\"mailto:info@ecomarine.pl\">info@ecomarine.pl<\/a><\/p>\n<p data-start=\"175\" data-end=\"236\"><strong>OIB (NIP): 675-15-35-035<\/strong><br data-start=\"199\" data-end=\"202\" \/><strong>REGON<\/strong>: 363718302<br data-start=\"218\" data-end=\"221\" \/><strong>KRS<\/strong>: 0000601536<\/p>\n<p data-start=\"238\" data-end=\"390\">Upisana u Sudski registar Okru\u017enog suda u Krakovu, XI gospodarski odjel Krajskog sudskog registra, Temeljni kapital: 5.000,00 PLN (upla\u0107eno u cijelosti)<\/p>\n<p data-start=\"392\" data-end=\"452\"><strong data-start=\"392\" data-end=\"412\">Bankovni ra\u010duni:<\/strong><br data-start=\"412\" data-end=\"415\" \/>mBank S.A. podru\u017enica banke u Krakovu<\/p>\n<p data-start=\"454\" data-end=\"504\"><strong>Ra\u010dun u PLN<\/strong>:<br data-start=\"466\" data-end=\"469\" \/>PL 61 1140 1081 0000 4790 7300 1001<\/p>\n<p data-start=\"506\" data-end=\"556\"><strong>Ra\u010dun u EUR:<\/strong><br data-start=\"518\" data-end=\"521\" \/>PL 34 1140 1081 0000 4790 7300 1002<\/p>\n<p data-start=\"558\" data-end=\"608\"><strong>Ra\u010dun u USD:<\/strong><br data-start=\"570\" data-end=\"573\" \/>PL 07 1140 1081 0000 4790 7300 1003<\/p>\n<p data-start=\"610\" data-end=\"660\"><strong>Ra\u010dun u SEK:<\/strong><br data-start=\"622\" data-end=\"625\" \/>PL 77 1140 1081 0000 4790 7300 1004<\/p>\n<p data-start=\"662\" data-end=\"712\"><strong>Ra\u010dun u GBP:<\/strong><br data-start=\"674\" data-end=\"677\" \/>PL 82 1140 1081 0000 4790 7300 1011<\/p>\n<p data-start=\"714\" data-end=\"742\">BIC (Swift) kod: <strong>BREXPLPWMBK<\/strong><\/p>\n<hr data-start=\"744\" data-end=\"747\" \/>\n<p data-start=\"749\" data-end=\"793\"><strong data-start=\"749\" data-end=\"793\">ECO MARINE PODRU\u017dNICA TVRTKE U HRVATSKOJ<\/strong><\/p>\n<p data-start=\"795\" data-end=\"849\"><strong>NIMBUS CENTER CROATIA<\/strong><br data-start=\"816\" data-end=\"819\" \/>ECO MARINE Boats Center d.o.o.<\/p>\n<p data-start=\"851\" data-end=\"907\">Obala Rtine 1A, Marina Pirovac<br data-start=\"881\" data-end=\"884\" \/>22213 Pirovac, Hrvatska<\/p>\n<p data-start=\"909\" data-end=\"930\">GSM: +385 91 2184 337<\/p>\n<p data-start=\"932\" data-end=\"953\">GSM: +48 602 36 87 66<\/p>\n<p data-start=\"955\" data-end=\"985\">e-mail:\u00a0<a href=\"mailto:info@ecomarine.pl\">info@nimbuscharter.com<\/a><\/p>\n<p data-start=\"987\" data-end=\"1003\"><strong>OIB: 22305574786<\/strong><\/p>\n<p data-start=\"1005\" data-end=\"1064\"><strong data-start=\"1005\" data-end=\"1025\">Bankovni ra\u010duni:<\/strong><br data-start=\"1025\" data-end=\"1028\" \/>ERSTE Bank podru\u017enica banke u Rijeci<\/p>\n<p data-start=\"1066\" data-end=\"1102\"><strong>Ra\u010dun u EUR:<\/strong><br data-start=\"1078\" data-end=\"1081\" \/>HR4524020061100959209<\/p>\n<p data-start=\"1104\" data-end=\"1129\">BIC (Swift) kod: <strong>ESBCHR22<\/strong><\/p>\n<p>[\/vc_column_text][\/vc_column][vc_column column_width_percent=&#8221;100&#8243; gutter_size=&#8221;3&#8243; overlay_alpha=&#8221;50&#8243; shift_x=&#8221;0&#8243; shift_y=&#8221;0&#8243; shift_y_down=&#8221;0&#8243; z_index=&#8221;0&#8243; medium_width=&#8221;0&#8243; mobile_width=&#8221;0&#8243; width=&#8221;1\/2&#8243;][vc_column_text]<strong>Piotr Maciej Pilch &#8211; Predsjednik Uprave<\/strong><br \/>\n(poljski, njema\u010dki, engleski, hrvatski)<\/p>\n<p>GSM: +48 602 36 87 66<br \/>\ne-mail:\u00a0<a href=\"mailto:piotr@ecomarine.pl\">piotr@ecomarine.pl<\/a><\/p>\n<p>&nbsp;<\/p>\n<p><strong>Sylwia Natalia Pilch &#8211; Izvr\u0161na direktorica<\/strong><br \/>\n(poljski, njema\u010dki, engleski)<\/p>\n<p>GSM: +48 602 220 840<br \/>\ne-mail:\u00a0<a href=\"mailto:sylwia@ecomarine.pl\">sylwia@ecomarine.pl<\/a><\/p>\n<p>&nbsp;<\/p>\n<p><strong>Zuzanna Natalia Pilch &#8211; Menad\u017eer<\/strong><br \/>\n(poljski, engleski)<\/p>\n<p>GSM: +48 504 150 035<br \/>\ne-mail: <a href=\"mailto:zuza@ecomarine.pl\">zuza@ecomarine.pl<\/a><\/p>\n<p>&nbsp;<\/p>\n<p><strong>ECO MARINE &#8211; OVLA\u0160TENI MERCURY SERVIS<\/strong><\/p>\n<p><strong>Piotr Bart\u0142omiej Pilch &#8211; Direktor<\/strong><br \/>\n(poljski, engleski)<\/p>\n<p>GSM: +48 519 116 101<br \/>\ne-mail: <a href=\"mailto:piotr.junior@econew.pl\">piotr.junior@econew.pl<\/a><\/p>\n<p><strong>ECO MARINE SERVIS I REGIONALNI URED &#8211; Podru\u017enica GDYNIA<\/strong><br \/>\nAleja Jana Paw\u0142a II 11A, 81-345 Gdynia<\/p>\n<p><strong>MARINERO &#8211; Radek Moszczy\u0144ski<\/strong><br \/>\nGSM: +48 609 052 102<br \/>\ne-mail:\u00a0<a href=\"mailto: radek@marinero.pl\">radek@marinero.pl<\/a><\/p>\n<p><strong>MARINERO &#8211; Micha\u0142 Jaworski<\/strong><br \/>\nGSM: +48 602 212 880<br \/>\ne-mail:\u00a0<a href=\"mailto: michal@marinero.pl\">michal@marinero.pl<\/a><\/p>\n<p><strong>MARINERO &#8211; Marek Moszczy\u0144ski<\/strong><br \/>\nGSM: +48 609 052 100<br \/>\ne-mail:\u00a0<a href=\"mailto: marek@marinero.pl\">marek@marinero.pl<\/a><\/p>\n<p>&nbsp;<\/p>\n<p><strong>ECO MARINE SALON I URED &#8211; Podru\u017enica GI\u017bYCKO<\/strong><br \/>\nAleja 1-Maja 17, 11-500 Gi\u017cycko<\/p>\n<p><strong>Mariusz Trosko &#8211; Direktor servisa<\/strong><br \/>\nGSM: +48 600 254 794<br \/>\ne-mail: <a title=\"mailto:m.trosko@pindur.pl\" href=\"mailto: m.trosko@pindur.pl\">m.trosko@pindur.pl<\/a><\/p>\n<p><strong>Dariusz Pindur &#8211; Direktor prodaje<\/strong><br \/>\nGSM: +48 604 619 919<br \/>\n<strong>e-mail: d.pindur@pindur.pl<\/strong><\/p>\n<p>&nbsp;<\/p>\n<p><strong>ECO MARINE OVLA\u0160TENI SERVIS &#8211; RUCIANE NIDA<\/strong><\/p>\n<p><strong>VICTORY YACHT SERVICE &#8211; Wiktor \u017burawski<\/strong><br \/>\nGSM: +48 511 209 555<br \/>\ne-mail:\u00a0<a href=\"mailto: elektryka.zurawski@gmail.com\">elektryka.zurawski@gmail.com<\/a><\/p>\n<p>&nbsp;<\/p>\n<p><strong>ECO MARINE REGIONALNI URED &#8211; Podru\u017enica VAR\u0160AVA<\/strong><br \/>\nul. Gwintowa 6A, 00-704 Var\u0161ava<\/p>\n<p><strong>Rafa\u0142 Witak &#8211; Direktor prodaje<\/strong><br \/>\nGSM: +48 609 601 366<br \/>\ne-mail:\u00a0<a href=\"mailto: r.witak@sleasing.pl\">r.witak@sleasing.pl<\/a><\/p>\n<p>&nbsp;<\/p>\n<p><strong>ECO MARINE OVLA\u0160TENI SERVIS I REGIONALNI URED &#8211; TESTNI CENTAR JAHTI &#8211; Podru\u017enica PIROVAC, Hrvatska<\/strong><br \/>\nMarina Pirovac, Obala Rtine 1A, 22213 Pirovac<\/p>\n<p><strong>SERVIS &#8211; MERCURY, SERVIS &#8211; VOLVO PENTA<\/strong><\/p>\n<p><strong>Piotr Maciej Pilch &#8211; Predsjednik Uprave<\/strong><br \/>\nGSM: +48 602 36 87 66<br \/>\ne-mail:\u00a0<a href=\"mailto:piotr@nimbuscharter.com\">piotr@nimbuscharter.com<\/a><\/p>\n<p><strong>Ina Gulan Kadi\u0107 &#8211; Komercijalna direktorica<\/strong><br \/>\nGSM: +385 98 429 226<br \/>\ne-mail:\u00a0<a href=\"mailto:ina@nimbuscharter.com\">ina@nimbuscharter.com<\/a><\/p>\n<p><strong>Ivana Malini\u0107 &#8211; Menad\u017eerica rezervacija<\/strong><br \/>\nGSM: +385 91 218 4337<br \/>\ne-mail:\u00a0<a href=\"mailto:ivana@nimbuscharter.com\">ivana@nimbuscharter.com<\/a>[\/vc_column_text][\/vc_column][\/vc_row][vc_row unlock_row_content=&#8221;yes&#8221; row_height_percent=&#8221;0&#8243; override_padding=&#8221;yes&#8221; h_padding=&#8221;0&#8243; top_padding=&#8221;0&#8243; bottom_padding=&#8221;0&#8243; overlay_alpha=&#8221;50&#8243; gutter_size=&#8221;3&#8243; column_width_percent=&#8221;100&#8243; shift_y=&#8221;0&#8243; z_index=&#8221;0&#8243;][vc_column width=&#8221;1\/1&#8243;][vc_raw_html]JTNDaWZyYW1lJTIwc3JjJTNEJTIyaHR0cHMlM0ElMkYlMkZ3d3cuZ29vZ2xlLmNvbSUyRm1hcHMlMkZlbWJlZCUzRnBiJTNEJTIxMW0xOCUyMTFtMTIlMjExbTMlMjExZDI1NjEuNDM2MzEzMTY2MDA5JTIxMmQxOS45NTk4ODIzMTU3MTcxNjclMjEzZDUwLjA1OTM4OTk3OTQyMzM4NiUyMTJtMyUyMTFmMCUyMTJmMCUyMTNmMCUyMTNtMiUyMTFpMTAyNCUyMTJpNzY4JTIxNGYxMy4xJTIxM20zJTIxMW0yJTIxMXMweDQ3MTY1YjNiOWE0YzAwMTElMjUzQTB4NjFjNDY0Y2MzOGVkY2M2MiUyMTJzRUNPJTJCTUFSSU5FJTIxNWUwJTIxM20yJTIxMXNwbCUyMTJzcGwlMjE0djE1NTQzODkxNzA2MDQlMjE1bTIlMjExc3BsJTIxMnNwbCUyMiUyMHdpZHRoJTNEJTIyNjAwJTIyJTIwaGVpZ2h0JTNEJTIyNDUwJTIyJTIwZnJhbWVib3JkZXIlM0QlMjIwJTIyJTIwc3R5bGUlM0QlMjJib3JkZXIlM0EwJTIyJTIwYWxsb3dmdWxsc2NyZWVuJTNFJTNDJTJGaWZyYW1lJTNF[\/vc_raw_html][\/vc_column][\/vc_row][vc_row row_height_percent=&#8221;0&#8243; override_padding=&#8221;yes&#8221; h_padding=&#8221;2&#8243; top_padding=&#8221;4&#8243; bottom_padding=&#8221;4&#8243; overlay_alpha=&#8221;50&#8243; gutter_size=&#8221;3&#8243; column_width_percent=&#8221;100&#8243; shift_y=&#8221;0&#8243; z_index=&#8221;0&#8243;][vc_column column_width_percent=&#8221;100&#8243; align_horizontal=&#8221;align_center&#8221; gutter_size=&#8221;3&#8243; overlay_alpha=&#8221;50&#8243; shift_x=&#8221;0&#8243; shift_y=&#8221;0&#8243; shift_y_down=&#8221;0&#8243; z_index=&#8221;0&#8243; medium_width=&#8221;0&#8243; mobile_width=&#8221;0&#8243; width=&#8221;1\/1&#8243;][vc_custom_heading text_size=&#8221;h1&#8243;]Sjedi\u0161te nam je u Hrvatskoj, u marini Pirovac[\/vc_custom_heading][vc_gallery el_id=&#8221;gallery-565462&#8243; medias=&#8221;1204,1205,1206&#8243; gutter_size=&#8221;3&#8243; screen_lg=&#8221;1000&#8243; screen_md=&#8221;600&#8243; screen_sm=&#8221;480&#8243; single_overlay_opacity=&#8221;50&#8243; single_padding=&#8221;2&#8243;][vc_raw_html]JTNDaWZyYW1lJTIwc3JjJTNEJTIyaHR0cHMlM0ElMkYlMkZ3d3cuZ29vZ2xlLmNvbSUyRm1hcHMlMkZlbWJlZCUzRnBiJTNEJTIxMW0xOCUyMTFtMTIlMjExbTMlMjExZDI3MzkuOTAyOTI5MTg3NTE2MyUyMTJkMTUuNjYyNTU3MTE1NTAyOTkyJTIxM2Q0My44MTY5MzgwNzkxMTYwMzUlMjEybTMlMjExZjAlMjEyZjAlMjEzZjAlMjEzbTIlMjExaTEwMjQlMjEyaTc2OCUyMTRmMTMuMSUyMTNtMyUyMTFtMiUyMTFzMHgxMzM0ZDEzZDdhYjZiZWNiJTI1M0EweGIzYmYxYjZmODk3OWFiMDIlMjEyc01hcmluYSUyQlBpcm92YWMlMjE1ZTElMjEzbTIlMjExc3BsJTIxMnNwbCUyMTR2MTU1Nzc1NTYyMjI3MCUyMTVtMiUyMTFzcGwlMjEyc3BsJTIyJTIwd2lkdGglM0QlMjIxMDAlMjUlMjIlMjBoZWlnaHQlM0QlMjI0NTAlMjIlMjBmcmFtZWJvcmRlciUzRCUyMjAlMjIlMjBzdHlsZSUzRCUyMmJvcmRlciUzQTAlMjIlMjBhbGxvd2Z1bGxzY3JlZW4lM0UlM0MlMkZpZnJhbWUlM0U=[\/vc_raw_html][\/vc_column][\/vc_row]<\/p>\n","protected":false},"excerpt":{"rendered":"<p>[vc_row row_height_percent=&#8221;0&#8243; override_padding=&#8221;yes&#8221; h_padding=&#8221;2&#8243; top_padding=&#8221;4&#8243; bottom_padding=&#8221;2&#8243; overlay_alpha=&#8221;50&#8243; gutter_size=&#8221;3&#8243; column_width_percent=&#8221;100&#8243; shift_y=&#8221;0&#8243; z_index=&#8221;0&#8243;][vc_column column_width_percent=&#8221;100&#8243; align_horizontal=&#8221;align_center&#8221; gutter_size=&#8221;3&#8243; overlay_alpha=&#8221;50&#8243; shift_x=&#8221;0&#8243; shift_y=&#8221;0&#8243; shift_y_down=&#8221;0&#8243; z_index=&#8221;0&#8243; medium_width=&#8221;0&#8243; [&hellip;]<\/p>\n","protected":false},"author":2,"featured_media":0,"parent":0,"menu_order":0,"comment_status":"closed","ping_status":"closed","template":"","meta":{"footnotes":""},"class_list":["post-1190","page","type-page","status-publish","hentry"],"yoast_head":"<!-- This site is optimized with the Yoast SEO plugin v26.4 - https:\/\/yoast.com\/wordpress\/plugins\/seo\/ -->\n<title>- EcoMarine<\/title>\n<meta name=\"robots\" content=\"index, follow, max-snippet:-1, max-image-preview:large, max-video-preview:-1\" \/>\n<link rel=\"canonical\" href=\"https:\/\/ecomarine.pl\/hr\/contact\/\" \/>\n<meta property=\"og:locale\" content=\"hr_HR\" \/>\n<meta property=\"og:locale:alternate\" content=\"en_US\" \/>\n<meta property=\"og:locale:alternate\" content=\"pl_PL\" \/>\n<meta property=\"og:type\" content=\"article\" \/>\n<meta property=\"og:title\" content=\"- EcoMarine\" \/>\n<meta property=\"og:description\" content=\"[vc_row row_height_percent=&#8221;0&#8243; override_padding=&#8221;yes&#8221; h_padding=&#8221;2&#8243; top_padding=&#8221;4&#8243; bottom_padding=&#8221;2&#8243; overlay_alpha=&#8221;50&#8243; gutter_size=&#8221;3&#8243; column_width_percent=&#8221;100&#8243; shift_y=&#8221;0&#8243; z_index=&#8221;0&#8243;][vc_column column_width_percent=&#8221;100&#8243; align_horizontal=&#8221;align_center&#8221; gutter_size=&#8221;3&#8243; overlay_alpha=&#8221;50&#8243; shift_x=&#8221;0&#8243; shift_y=&#8221;0&#8243; shift_y_down=&#8221;0&#8243; z_index=&#8221;0&#8243; medium_width=&#8221;0&#8243; [&hellip;]\" \/>\n<meta property=\"og:url\" content=\"https:\/\/ecomarine.pl\/hr\/contact\/\" \/>\n<meta property=\"og:site_name\" content=\"EcoMarine\" \/>\n<meta property=\"article:publisher\" content=\"https:\/\/www.facebook.com\/nimbusboatspoland\" \/>\n<meta property=\"article:modified_time\" content=\"2026-03-08T20:07:09+00:00\" \/>\n<meta name=\"twitter:card\" content=\"summary_large_image\" \/>\n<meta name=\"twitter:label1\" content=\"Procijenjeno vrijeme \u010ditanja\" \/>\n\t<meta name=\"twitter:data1\" content=\"4 minute\" \/>\n<script type=\"application\/ld+json\" class=\"yoast-schema-graph\">{\"@context\":\"https:\/\/schema.org\",\"@graph\":[{\"@type\":\"WebPage\",\"@id\":\"https:\/\/ecomarine.pl\/contact\/\",\"url\":\"https:\/\/ecomarine.pl\/contact\/\",\"name\":\"- EcoMarine\",\"isPartOf\":{\"@id\":\"https:\/\/ecomarine.pl\/#website\"},\"datePublished\":\"2019-04-04T14:56:39+00:00\",\"dateModified\":\"2026-03-08T20:07:09+00:00\",\"inLanguage\":\"hr\",\"potentialAction\":[{\"@type\":\"ReadAction\",\"target\":[\"https:\/\/ecomarine.pl\/contact\/\"]}]},{\"@type\":\"WebSite\",\"@id\":\"https:\/\/ecomarine.pl\/#website\",\"url\":\"https:\/\/ecomarine.pl\/\",\"name\":\"EcoMarine\",\"description\":\"Luksusowe jachty i \u0142odzie motorowe\",\"publisher\":{\"@id\":\"https:\/\/ecomarine.pl\/#organization\"},\"potentialAction\":[{\"@type\":\"SearchAction\",\"target\":{\"@type\":\"EntryPoint\",\"urlTemplate\":\"https:\/\/ecomarine.pl\/?s={search_term_string}\"},\"query-input\":{\"@type\":\"PropertyValueSpecification\",\"valueRequired\":true,\"valueName\":\"search_term_string\"}}],\"inLanguage\":\"hr\"},{\"@type\":\"Organization\",\"@id\":\"https:\/\/ecomarine.pl\/#organization\",\"name\":\"EcoMarine\",\"url\":\"https:\/\/ecomarine.pl\/\",\"logo\":{\"@type\":\"ImageObject\",\"inLanguage\":\"hr\",\"@id\":\"https:\/\/ecomarine.pl\/#\/schema\/logo\/image\/\",\"url\":\"https:\/\/ecomarine.pl\/wp-content\/uploads\/2020\/10\/2018-08-logo-official1-2-e1605555500757.jpg\",\"contentUrl\":\"https:\/\/ecomarine.pl\/wp-content\/uploads\/2020\/10\/2018-08-logo-official1-2-e1605555500757.jpg\",\"width\":300,\"height\":86,\"caption\":\"EcoMarine\"},\"image\":{\"@id\":\"https:\/\/ecomarine.pl\/#\/schema\/logo\/image\/\"},\"sameAs\":[\"https:\/\/www.facebook.com\/nimbusboatspoland\",\"https:\/\/www.instagram.com\/ecomarine.pl\/\"]}]}<\/script>\n<!-- \/ Yoast SEO plugin. -->","yoast_head_json":{"title":"- EcoMarine","robots":{"index":"index","follow":"follow","max-snippet":"max-snippet:-1","max-image-preview":"max-image-preview:large","max-video-preview":"max-video-preview:-1"},"canonical":"https:\/\/ecomarine.pl\/hr\/contact\/","og_locale":"hr_HR","og_type":"article","og_title":"- EcoMarine","og_description":"[vc_row row_height_percent=&#8221;0&#8243; override_padding=&#8221;yes&#8221; h_padding=&#8221;2&#8243; top_padding=&#8221;4&#8243; bottom_padding=&#8221;2&#8243; overlay_alpha=&#8221;50&#8243; gutter_size=&#8221;3&#8243; column_width_percent=&#8221;100&#8243; shift_y=&#8221;0&#8243; z_index=&#8221;0&#8243;][vc_column column_width_percent=&#8221;100&#8243; align_horizontal=&#8221;align_center&#8221; gutter_size=&#8221;3&#8243; overlay_alpha=&#8221;50&#8243; shift_x=&#8221;0&#8243; shift_y=&#8221;0&#8243; shift_y_down=&#8221;0&#8243; z_index=&#8221;0&#8243; medium_width=&#8221;0&#8243; [&hellip;]","og_url":"https:\/\/ecomarine.pl\/hr\/contact\/","og_site_name":"EcoMarine","article_publisher":"https:\/\/www.facebook.com\/nimbusboatspoland","article_modified_time":"2026-03-08T20:07:09+00:00","twitter_card":"summary_large_image","twitter_misc":{"Procijenjeno vrijeme \u010ditanja":"4 minute"},"schema":{"@context":"https:\/\/schema.org","@graph":[{"@type":"WebPage","@id":"https:\/\/ecomarine.pl\/contact\/","url":"https:\/\/ecomarine.pl\/contact\/","name":"- EcoMarine","isPartOf":{"@id":"https:\/\/ecomarine.pl\/#website"},"datePublished":"2019-04-04T14:56:39+00:00","dateModified":"2026-03-08T20:07:09+00:00","inLanguage":"hr","potentialAction":[{"@type":"ReadAction","target":["https:\/\/ecomarine.pl\/contact\/"]}]},{"@type":"WebSite","@id":"https:\/\/ecomarine.pl\/#website","url":"https:\/\/ecomarine.pl\/","name":"EcoMarine","description":"Luksusowe jachty i \u0142odzie motorowe","publisher":{"@id":"https:\/\/ecomarine.pl\/#organization"},"potentialAction":[{"@type":"SearchAction","target":{"@type":"EntryPoint","urlTemplate":"https:\/\/ecomarine.pl\/?s={search_term_string}"},"query-input":{"@type":"PropertyValueSpecification","valueRequired":true,"valueName":"search_term_string"}}],"inLanguage":"hr"},{"@type":"Organization","@id":"https:\/\/ecomarine.pl\/#organization","name":"EcoMarine","url":"https:\/\/ecomarine.pl\/","logo":{"@type":"ImageObject","inLanguage":"hr","@id":"https:\/\/ecomarine.pl\/#\/schema\/logo\/image\/","url":"https:\/\/ecomarine.pl\/wp-content\/uploads\/2020\/10\/2018-08-logo-official1-2-e1605555500757.jpg","contentUrl":"https:\/\/ecomarine.pl\/wp-content\/uploads\/2020\/10\/2018-08-logo-official1-2-e1605555500757.jpg","width":300,"height":86,"caption":"EcoMarine"},"image":{"@id":"https:\/\/ecomarine.pl\/#\/schema\/logo\/image\/"},"sameAs":["https:\/\/www.facebook.com\/nimbusboatspoland","https:\/\/www.instagram.com\/ecomarine.pl\/"]}]}},"_links":{"self":[{"href":"https:\/\/ecomarine.pl\/hr\/wp-json\/wp\/v2\/pages\/1190","targetHints":{"allow":["GET"]}}],"collection":[{"href":"https:\/\/ecomarine.pl\/hr\/wp-json\/wp\/v2\/pages"}],"about":[{"href":"https:\/\/ecomarine.pl\/hr\/wp-json\/wp\/v2\/types\/page"}],"author":[{"embeddable":true,"href":"https:\/\/ecomarine.pl\/hr\/wp-json\/wp\/v2\/users\/2"}],"replies":[{"embeddable":true,"href":"https:\/\/ecomarine.pl\/hr\/wp-json\/wp\/v2\/comments?post=1190"}],"version-history":[{"count":193,"href":"https:\/\/ecomarine.pl\/hr\/wp-json\/wp\/v2\/pages\/1190\/revisions"}],"predecessor-version":[{"id":9919,"href":"https:\/\/ecomarine.pl\/hr\/wp-json\/wp\/v2\/pages\/1190\/revisions\/9919"}],"wp:attachment":[{"href":"https:\/\/ecomarine.pl\/hr\/wp-json\/wp\/v2\/media?parent=1190"}],"curies":[{"name":"wp","href":"https:\/\/api.w.org\/{rel}","templated":true}]}}