{"id":1280,"date":"2019-04-04T19:56:24","date_gmt":"2019-04-04T17:56:24","guid":{"rendered":"http:\/\/eco.blogi.pro\/?page_id=1280"},"modified":"2021-03-22T20:13:57","modified_gmt":"2021-03-22T19:13:57","slug":"25-open","status":"publish","type":"page","link":"https:\/\/ecomarine.pl\/hr\/25-open\/","title":{"rendered":"Paragon 25 OPEN"},"content":{"rendered":"<p>[vc_row row_height_percent=&#8221;0&#8243; override_padding=&#8221;yes&#8221; h_padding=&#8221;2&#8243; top_padding=&#8221;4&#8243; bottom_padding=&#8221;4&#8243; overlay_alpha=&#8221;50&#8243; gutter_size=&#8221;3&#8243; column_width_percent=&#8221;100&#8243; shift_y=&#8221;0&#8243; z_index=&#8221;0&#8243;][vc_column column_width_percent=&#8221;100&#8243; align_horizontal=&#8221;align_center&#8221; overlay_alpha=&#8221;50&#8243; gutter_size=&#8221;3&#8243; medium_width=&#8221;0&#8243; mobile_width=&#8221;0&#8243; shift_x=&#8221;0&#8243; shift_y=&#8221;0&#8243; shift_y_down=&#8221;0&#8243; z_index=&#8221;0&#8243; width=&#8221;1\/1&#8243;][vc_custom_heading text_size=&#8221;h1&#8243; text_font=&#8221;font-827535&#8243; text_weight=&#8221;100&#8243; text_transform=&#8221;uppercase&#8221; sub_lead=&#8221;yes&#8221; sub_reduced=&#8221;yes&#8221; subheading=&#8221;Paragon 25 Open jest przeznaczony dla tych, kt\u00f3rzy chc\u0105 do\u015bwiadczy\u0107 morza bez dachu nad g\u0142ow\u0105. Zbudowany ze wszystkimi sk\u0142adnikami philiosphy Paragon, ale bardziej ekstremalny. To \u0142\u00f3d\u017a, kt\u00f3ra stawia wyzwanie naturze przez ca\u0142y rok. Odwa\u017cysz si\u0119?&#8221;]NAJWY\u017bSZA OBS\u0141UGA I WYDAJNO\u015a\u0106.<br \/>\nCOKOLWIEK WYBIERZESZ.[\/vc_custom_heading][\/vc_column][\/vc_row][vc_row unlock_row_content=&#8221;yes&#8221; row_height_percent=&#8221;0&#8243; override_padding=&#8221;yes&#8221; h_padding=&#8221;2&#8243; top_padding=&#8221;4&#8243; bottom_padding=&#8221;4&#8243; back_color=&#8221;color-lxmt&#8221; overlay_alpha=&#8221;50&#8243; gutter_size=&#8221;0&#8243; column_width_percent=&#8221;100&#8243; shift_y=&#8221;0&#8243; z_index=&#8221;0&#8243;][vc_column column_width_percent=&#8221;100&#8243; position_vertical=&#8221;middle&#8221; override_padding=&#8221;yes&#8221; column_padding=&#8221;4&#8243; overlay_alpha=&#8221;50&#8243; gutter_size=&#8221;3&#8243; medium_width=&#8221;0&#8243; mobile_width=&#8221;0&#8243; shift_x=&#8221;0&#8243; shift_y=&#8221;0&#8243; shift_y_down=&#8221;0&#8243; z_index=&#8221;0&#8243; width=&#8221;1\/1&#8243;][vc_gallery el_id=&#8221;gallery-197438&#8243; medias=&#8221;1285,1286,1289,1292,1291,1295,1288,1290,1293,1287,1294,1284&#8243; gutter_size=&#8221;3&#8243; screen_lg=&#8221;1000&#8243; screen_md=&#8221;600&#8243; screen_sm=&#8221;480&#8243; single_width=&#8221;6&#8243; single_overlay_opacity=&#8221;50&#8243; single_padding=&#8221;2&#8243;][\/vc_column][\/vc_row][vc_row row_height_percent=&#8221;0&#8243; override_padding=&#8221;yes&#8221; h_padding=&#8221;2&#8243; top_padding=&#8221;4&#8243; bottom_padding=&#8221;4&#8243; back_color=&#8221;color-jevc&#8221; overlay_alpha=&#8221;50&#8243; equal_height=&#8221;yes&#8221; gutter_size=&#8221;4&#8243; column_width_percent=&#8221;100&#8243; shift_y=&#8221;0&#8243; z_index=&#8221;0&#8243;][vc_column column_width_percent=&#8221;100&#8243; style=&#8221;dark&#8221; overlay_alpha=&#8221;50&#8243; gutter_size=&#8221;3&#8243; medium_width=&#8221;0&#8243; mobile_width=&#8221;0&#8243; shift_x=&#8221;0&#8243; shift_y=&#8221;0&#8243; shift_y_down=&#8221;0&#8243; z_index=&#8221;0&#8243; width=&#8221;1\/3&#8243;][vc_custom_heading text_size=&#8221;h1&#8243; text_font=&#8221;font-827535&#8243; text_weight=&#8221;100&#8243; text_transform=&#8221;uppercase&#8221; sub_lead=&#8221;yes&#8221; sub_reduced=&#8221;yes&#8221;]PRZEGL\u0104D TECHNICZNY[\/vc_custom_heading][\/vc_column][vc_column column_width_percent=&#8221;100&#8243; position_vertical=&#8221;middle&#8221; style=&#8221;dark&#8221; overlay_alpha=&#8221;50&#8243; gutter_size=&#8221;3&#8243; medium_width=&#8221;0&#8243; mobile_width=&#8221;0&#8243; shift_x=&#8221;0&#8243; shift_y=&#8221;0&#8243; shift_y_down=&#8221;0&#8243; z_index=&#8221;0&#8243; width=&#8221;1\/3&#8243;][vc_column_text]<strong>Model<\/strong><br \/>\nLmax<br \/>\nBmax<br \/>\nZanurzenie w przekroju V<br \/>\nWaga<br \/>\nPojemno\u015b\u0107 paliwa<br \/>\nPojemno\u015b\u0107 wodna<br \/>\nBaterie<br \/>\nPojemno\u015b\u0107 septyczna<br \/>\nKategoria CE<br \/>\nMaksymalne obci\u0105\u017cenie<br \/>\nKoje<\/p>\n<p>Volvo Penta D6-370 (272 kW, 370 KM)<br \/>\nVolvo Penta D6-400 (294 kW, 400 KM)<br \/>\nVolvo Penta 2 x D3-220 (162 kW, 230 KM)[\/vc_column_text][\/vc_column][vc_column column_width_percent=&#8221;100&#8243; style=&#8221;dark&#8221; overlay_alpha=&#8221;50&#8243; gutter_size=&#8221;3&#8243; medium_width=&#8221;0&#8243; mobile_width=&#8221;0&#8243; shift_x=&#8221;0&#8243; shift_y=&#8221;0&#8243; shift_y_down=&#8221;0&#8243; z_index=&#8221;0&#8243; width=&#8221;1\/3&#8243;][vc_column_text]<strong>25 Otwarte<\/strong><br \/>\n8,52 m<br \/>\n3,00 m<br \/>\n1,15 m<br \/>\n26,5 ?<br \/>\n3 370 kg<br \/>\n320 l<br \/>\n42 l (opcja)<br \/>\n2 \u00d7 77 Ah, 2 \u00d7 80 Ah<br \/>\n40 l (opcja)<br \/>\nB<br \/>\n6 os\u00f3b \/ 645 kg<br \/>\n2<\/p>\n<p>X<br \/>\nX<br \/>\nX[\/vc_column_text][\/vc_column][\/vc_row][vc_row unlock_row_content=&#8221;yes&#8221; row_height_percent=&#8221;0&#8243; override_padding=&#8221;yes&#8221; h_padding=&#8221;2&#8243; top_padding=&#8221;2&#8243; bottom_padding=&#8221;2&#8243; overlay_alpha=&#8221;50&#8243; gutter_size=&#8221;0&#8243; column_width_percent=&#8221;100&#8243; shift_y=&#8221;0&#8243; z_index=&#8221;0&#8243;][vc_column column_width_percent=&#8221;100&#8243; position_vertical=&#8221;middle&#8221; override_padding=&#8221;yes&#8221; column_padding=&#8221;4&#8243; overlay_alpha=&#8221;50&#8243; gutter_size=&#8221;3&#8243; medium_width=&#8221;0&#8243; mobile_width=&#8221;0&#8243; shift_x=&#8221;0&#8243; shift_y=&#8221;0&#8243; shift_y_down=&#8221;0&#8243; z_index=&#8221;0&#8243; width=&#8221;1\/1&#8243;][vc_gallery el_id=&#8221;gallery-916655&#8243; type=&#8221;carousel&#8221; medias=&#8221;1298,1299&#8243; carousel_lg=&#8221;1&#8243; carousel_md=&#8221;1&#8243; carousel_sm=&#8221;1&#8243; thumb_size=&#8221;sixteen-nine&#8221; gutter_size=&#8221;3&#8243; media_items=&#8221;media|nolink|original&#8221; carousel_interval=&#8221;3000&#8243; carousel_navspeed=&#8221;400&#8243; carousel_loop=&#8221;yes&#8221; carousel_nav=&#8221;yes&#8221; stage_padding=&#8221;0&#8243; single_overlay_opacity=&#8221;50&#8243; single_text_anim=&#8221;no&#8221; single_overlay_anim=&#8221;no&#8221; single_image_anim=&#8221;no&#8221; single_padding=&#8221;2&#8243;][\/vc_column][\/vc_row]<\/p>\n","protected":false},"excerpt":{"rendered":"<p>[vc_row row_height_percent=&#8221;0&#8243; override_padding=&#8221;yes&#8221; h_padding=&#8221;2&#8243; top_padding=&#8221;4&#8243; bottom_padding=&#8221;4&#8243; overlay_alpha=&#8221;50&#8243; gutter_size=&#8221;3&#8243; column_width_percent=&#8221;100&#8243; shift_y=&#8221;0&#8243; z_index=&#8221;0&#8243;][vc_column column_width_percent=&#8221;100&#8243; align_horizontal=&#8221;align_center&#8221; overlay_alpha=&#8221;50&#8243; gutter_size=&#8221;3&#8243; medium_width=&#8221;0&#8243; mobile_width=&#8221;0&#8243; shift_x=&#8221;0&#8243; shift_y=&#8221;0&#8243; shift_y_down=&#8221;0&#8243; [&hellip;]<\/p>\n","protected":false},"author":2,"featured_media":1262,"parent":0,"menu_order":0,"comment_status":"closed","ping_status":"closed","template":"","meta":{"footnotes":""},"class_list":["post-1280","page","type-page","status-publish","has-post-thumbnail","hentry","page_category-paragon"],"yoast_head":"<!-- This site is optimized with the Yoast SEO plugin v26.4 - https:\/\/yoast.com\/wordpress\/plugins\/seo\/ -->\n<title>Paragon 25 OPEN<\/title>\n<meta name=\"robots\" content=\"index, follow, max-snippet:-1, max-image-preview:large, max-video-preview:-1\" \/>\n<link rel=\"canonical\" href=\"https:\/\/ecomarine.pl\/hr\/25-open\/\" \/>\n<meta property=\"og:locale\" content=\"hr_HR\" \/>\n<meta property=\"og:locale:alternate\" content=\"en_US\" \/>\n<meta property=\"og:locale:alternate\" content=\"pl_PL\" \/>\n<meta property=\"og:type\" content=\"article\" \/>\n<meta property=\"og:title\" content=\"Paragon 25 OPEN\" \/>\n<meta property=\"og:description\" content=\"[vc_row row_height_percent=&#8221;0&#8243; override_padding=&#8221;yes&#8221; h_padding=&#8221;2&#8243; top_padding=&#8221;4&#8243; bottom_padding=&#8221;4&#8243; overlay_alpha=&#8221;50&#8243; gutter_size=&#8221;3&#8243; column_width_percent=&#8221;100&#8243; shift_y=&#8221;0&#8243; z_index=&#8221;0&#8243;][vc_column column_width_percent=&#8221;100&#8243; align_horizontal=&#8221;align_center&#8221; overlay_alpha=&#8221;50&#8243; gutter_size=&#8221;3&#8243; medium_width=&#8221;0&#8243; mobile_width=&#8221;0&#8243; shift_x=&#8221;0&#8243; shift_y=&#8221;0&#8243; shift_y_down=&#8221;0&#8243; [&hellip;]\" \/>\n<meta property=\"og:url\" content=\"https:\/\/ecomarine.pl\/hr\/25-open\/\" \/>\n<meta property=\"og:site_name\" content=\"EcoMarine\" \/>\n<meta property=\"article:publisher\" content=\"https:\/\/www.facebook.com\/nimbusboatspoland\" \/>\n<meta property=\"article:modified_time\" content=\"2021-03-22T19:13:57+00:00\" \/>\n<meta property=\"og:image\" content=\"https:\/\/ecomarine.pl\/wp-content\/uploads\/2019\/04\/Paragon2013_D315695.jpg\" \/>\n\t<meta property=\"og:image:width\" content=\"2400\" \/>\n\t<meta property=\"og:image:height\" content=\"1086\" \/>\n\t<meta property=\"og:image:type\" content=\"image\/jpeg\" \/>\n<meta name=\"twitter:card\" content=\"summary_large_image\" \/>\n<meta name=\"twitter:label1\" content=\"Procijenjeno vrijeme \u010ditanja\" \/>\n\t<meta name=\"twitter:data1\" content=\"6 minuta\" \/>\n<script type=\"application\/ld+json\" class=\"yoast-schema-graph\">{\"@context\":\"https:\/\/schema.org\",\"@graph\":[{\"@type\":\"WebPage\",\"@id\":\"https:\/\/ecomarine.pl\/25-open\/\",\"url\":\"https:\/\/ecomarine.pl\/25-open\/\",\"name\":\"Paragon 25 OPEN\",\"isPartOf\":{\"@id\":\"https:\/\/ecomarine.pl\/#website\"},\"primaryImageOfPage\":{\"@id\":\"https:\/\/ecomarine.pl\/25-open\/#primaryimage\"},\"image\":{\"@id\":\"https:\/\/ecomarine.pl\/25-open\/#primaryimage\"},\"thumbnailUrl\":\"https:\/\/ecomarine.pl\/wp-content\/uploads\/2019\/04\/Paragon2013_D315695.jpg\",\"datePublished\":\"2019-04-04T17:56:24+00:00\",\"dateModified\":\"2021-03-22T19:13:57+00:00\",\"breadcrumb\":{\"@id\":\"https:\/\/ecomarine.pl\/25-open\/#breadcrumb\"},\"inLanguage\":\"hr\",\"potentialAction\":[{\"@type\":\"ReadAction\",\"target\":[\"https:\/\/ecomarine.pl\/25-open\/\"]}]},{\"@type\":\"ImageObject\",\"inLanguage\":\"hr\",\"@id\":\"https:\/\/ecomarine.pl\/25-open\/#primaryimage\",\"url\":\"https:\/\/ecomarine.pl\/wp-content\/uploads\/2019\/04\/Paragon2013_D315695.jpg\",\"contentUrl\":\"https:\/\/ecomarine.pl\/wp-content\/uploads\/2019\/04\/Paragon2013_D315695.jpg\",\"width\":2400,\"height\":1086},{\"@type\":\"BreadcrumbList\",\"@id\":\"https:\/\/ecomarine.pl\/25-open\/#breadcrumb\",\"itemListElement\":[{\"@type\":\"ListItem\",\"position\":1,\"name\":\"Po\u010detna stranica\",\"item\":\"https:\/\/ecomarine.pl\/hr\/\"},{\"@type\":\"ListItem\",\"position\":2,\"name\":\"Paragon 25 OPEN\"}]},{\"@type\":\"WebSite\",\"@id\":\"https:\/\/ecomarine.pl\/#website\",\"url\":\"https:\/\/ecomarine.pl\/\",\"name\":\"EcoMarine\",\"description\":\"Luksusowe jachty i \u0142odzie motorowe\",\"publisher\":{\"@id\":\"https:\/\/ecomarine.pl\/#organization\"},\"potentialAction\":[{\"@type\":\"SearchAction\",\"target\":{\"@type\":\"EntryPoint\",\"urlTemplate\":\"https:\/\/ecomarine.pl\/?s={search_term_string}\"},\"query-input\":{\"@type\":\"PropertyValueSpecification\",\"valueRequired\":true,\"valueName\":\"search_term_string\"}}],\"inLanguage\":\"hr\"},{\"@type\":\"Organization\",\"@id\":\"https:\/\/ecomarine.pl\/#organization\",\"name\":\"EcoMarine\",\"url\":\"https:\/\/ecomarine.pl\/\",\"logo\":{\"@type\":\"ImageObject\",\"inLanguage\":\"hr\",\"@id\":\"https:\/\/ecomarine.pl\/#\/schema\/logo\/image\/\",\"url\":\"https:\/\/ecomarine.pl\/wp-content\/uploads\/2020\/10\/2018-08-logo-official1-2-e1605555500757.jpg\",\"contentUrl\":\"https:\/\/ecomarine.pl\/wp-content\/uploads\/2020\/10\/2018-08-logo-official1-2-e1605555500757.jpg\",\"width\":300,\"height\":86,\"caption\":\"EcoMarine\"},\"image\":{\"@id\":\"https:\/\/ecomarine.pl\/#\/schema\/logo\/image\/\"},\"sameAs\":[\"https:\/\/www.facebook.com\/nimbusboatspoland\",\"https:\/\/www.instagram.com\/ecomarine.pl\/\"]}]}<\/script>\n<!-- \/ Yoast SEO plugin. -->","yoast_head_json":{"title":"Paragon 25 OPEN","robots":{"index":"index","follow":"follow","max-snippet":"max-snippet:-1","max-image-preview":"max-image-preview:large","max-video-preview":"max-video-preview:-1"},"canonical":"https:\/\/ecomarine.pl\/hr\/25-open\/","og_locale":"hr_HR","og_type":"article","og_title":"[:en]Paragon 25 OPEN[:pl]Paragon 25 OPEN[:] - EcoMarine","og_description":"[vc_row row_height_percent=&#8221;0&#8243; override_padding=&#8221;yes&#8221; h_padding=&#8221;2&#8243; top_padding=&#8221;4&#8243; bottom_padding=&#8221;4&#8243; overlay_alpha=&#8221;50&#8243; gutter_size=&#8221;3&#8243; column_width_percent=&#8221;100&#8243; shift_y=&#8221;0&#8243; z_index=&#8221;0&#8243;][vc_column column_width_percent=&#8221;100&#8243; align_horizontal=&#8221;align_center&#8221; overlay_alpha=&#8221;50&#8243; gutter_size=&#8221;3&#8243; medium_width=&#8221;0&#8243; mobile_width=&#8221;0&#8243; shift_x=&#8221;0&#8243; shift_y=&#8221;0&#8243; shift_y_down=&#8221;0&#8243; [&hellip;]","og_url":"https:\/\/ecomarine.pl\/hr\/25-open\/","og_site_name":"EcoMarine","article_publisher":"https:\/\/www.facebook.com\/nimbusboatspoland","article_modified_time":"2021-03-22T19:13:57+00:00","og_image":[{"width":2400,"height":1086,"url":"https:\/\/ecomarine.pl\/wp-content\/uploads\/2019\/04\/Paragon2013_D315695.jpg","type":"image\/jpeg"}],"twitter_card":"summary_large_image","twitter_misc":{"Procijenjeno vrijeme \u010ditanja":"6 minuta"},"schema":{"@context":"https:\/\/schema.org","@graph":[{"@type":"WebPage","@id":"https:\/\/ecomarine.pl\/25-open\/","url":"https:\/\/ecomarine.pl\/25-open\/","name":"Paragon 25 OPEN","isPartOf":{"@id":"https:\/\/ecomarine.pl\/#website"},"primaryImageOfPage":{"@id":"https:\/\/ecomarine.pl\/25-open\/#primaryimage"},"image":{"@id":"https:\/\/ecomarine.pl\/25-open\/#primaryimage"},"thumbnailUrl":"https:\/\/ecomarine.pl\/wp-content\/uploads\/2019\/04\/Paragon2013_D315695.jpg","datePublished":"2019-04-04T17:56:24+00:00","dateModified":"2021-03-22T19:13:57+00:00","breadcrumb":{"@id":"https:\/\/ecomarine.pl\/25-open\/#breadcrumb"},"inLanguage":"hr","potentialAction":[{"@type":"ReadAction","target":["https:\/\/ecomarine.pl\/25-open\/"]}]},{"@type":"ImageObject","inLanguage":"hr","@id":"https:\/\/ecomarine.pl\/25-open\/#primaryimage","url":"https:\/\/ecomarine.pl\/wp-content\/uploads\/2019\/04\/Paragon2013_D315695.jpg","contentUrl":"https:\/\/ecomarine.pl\/wp-content\/uploads\/2019\/04\/Paragon2013_D315695.jpg","width":2400,"height":1086},{"@type":"BreadcrumbList","@id":"https:\/\/ecomarine.pl\/25-open\/#breadcrumb","itemListElement":[{"@type":"ListItem","position":1,"name":"Po\u010detna stranica","item":"https:\/\/ecomarine.pl\/hr\/"},{"@type":"ListItem","position":2,"name":"Paragon 25 OPEN"}]},{"@type":"WebSite","@id":"https:\/\/ecomarine.pl\/#website","url":"https:\/\/ecomarine.pl\/","name":"EcoMarine","description":"Luksusowe jachty i \u0142odzie motorowe","publisher":{"@id":"https:\/\/ecomarine.pl\/#organization"},"potentialAction":[{"@type":"SearchAction","target":{"@type":"EntryPoint","urlTemplate":"https:\/\/ecomarine.pl\/?s={search_term_string}"},"query-input":{"@type":"PropertyValueSpecification","valueRequired":true,"valueName":"search_term_string"}}],"inLanguage":"hr"},{"@type":"Organization","@id":"https:\/\/ecomarine.pl\/#organization","name":"EcoMarine","url":"https:\/\/ecomarine.pl\/","logo":{"@type":"ImageObject","inLanguage":"hr","@id":"https:\/\/ecomarine.pl\/#\/schema\/logo\/image\/","url":"https:\/\/ecomarine.pl\/wp-content\/uploads\/2020\/10\/2018-08-logo-official1-2-e1605555500757.jpg","contentUrl":"https:\/\/ecomarine.pl\/wp-content\/uploads\/2020\/10\/2018-08-logo-official1-2-e1605555500757.jpg","width":300,"height":86,"caption":"EcoMarine"},"image":{"@id":"https:\/\/ecomarine.pl\/#\/schema\/logo\/image\/"},"sameAs":["https:\/\/www.facebook.com\/nimbusboatspoland","https:\/\/www.instagram.com\/ecomarine.pl\/"]}]}},"_links":{"self":[{"href":"https:\/\/ecomarine.pl\/hr\/wp-json\/wp\/v2\/pages\/1280","targetHints":{"allow":["GET"]}}],"collection":[{"href":"https:\/\/ecomarine.pl\/hr\/wp-json\/wp\/v2\/pages"}],"about":[{"href":"https:\/\/ecomarine.pl\/hr\/wp-json\/wp\/v2\/types\/page"}],"author":[{"embeddable":true,"href":"https:\/\/ecomarine.pl\/hr\/wp-json\/wp\/v2\/users\/2"}],"replies":[{"embeddable":true,"href":"https:\/\/ecomarine.pl\/hr\/wp-json\/wp\/v2\/comments?post=1280"}],"version-history":[{"count":14,"href":"https:\/\/ecomarine.pl\/hr\/wp-json\/wp\/v2\/pages\/1280\/revisions"}],"predecessor-version":[{"id":2250,"href":"https:\/\/ecomarine.pl\/hr\/wp-json\/wp\/v2\/pages\/1280\/revisions\/2250"}],"wp:featuredmedia":[{"embeddable":true,"href":"https:\/\/ecomarine.pl\/hr\/wp-json\/wp\/v2\/media\/1262"}],"wp:attachment":[{"href":"https:\/\/ecomarine.pl\/hr\/wp-json\/wp\/v2\/media?parent=1280"}],"curies":[{"name":"wp","href":"https:\/\/api.w.org\/{rel}","templated":true}]}}