{"id":1499,"date":"2019-04-09T10:51:55","date_gmt":"2019-04-09T08:51:55","guid":{"rendered":"http:\/\/eco.blogi.pro\/?page_id=1499"},"modified":"2025-10-27T16:58:01","modified_gmt":"2025-10-27T15:58:01","slug":"flipper","status":"publish","type":"page","link":"https:\/\/ecomarine.pl\/hr\/flipper\/","title":{"rendered":"Flipper Boats"},"content":{"rendered":"<p>[vc_row row_height_percent=&#8221;0&#8243; override_padding=&#8221;yes&#8221; h_padding=&#8221;2&#8243; top_padding=&#8221;4&#8243; bottom_padding=&#8221;4&#8243; overlay_alpha=&#8221;50&#8243; gutter_size=&#8221;3&#8243; column_width_percent=&#8221;100&#8243; shift_y=&#8221;0&#8243; z_index=&#8221;0&#8243;][vc_column column_width_percent=&#8221;100&#8243; align_horizontal=&#8221;align_center&#8221; gutter_size=&#8221;3&#8243; overlay_alpha=&#8221;50&#8243; shift_x=&#8221;0&#8243; shift_y=&#8221;0&#8243; shift_y_down=&#8221;0&#8243; z_index=&#8221;0&#8243; medium_width=&#8221;0&#8243; mobile_width=&#8221;0&#8243; width=&#8221;1\/1&#8243;][vc_custom_heading text_size=&#8221;h1&#8243; text_weight=&#8221;100&#8243; text_transform=&#8221;uppercase&#8221; sub_lead=&#8221;yes&#8221; sub_reduced=&#8221;yes&#8221; subheading=&#8221;Od samih po\u010detaka postojanja marke Flipper, cilj je bio nadma\u0161iti konvencionalno, obratiti pa\u017enju na potrebe nauti\u010dara i graditi brodove koji su izuzetno prilago\u0111eni svojoj svrsi. Ovo na\u010delo je po\u0161tivano kroz sve vlasnike, u svim ekonomskim okolnostima.&#8221;]<strong>IZNAD OBI\u010cNOG OD 1966.<\/strong>[\/vc_custom_heading][\/vc_column][\/vc_row][vc_row unlock_row_content=&#8221;yes&#8221; row_height_percent=&#8221;0&#8243; override_padding=&#8221;yes&#8221; h_padding=&#8221;0&#8243; top_padding=&#8221;4&#8243; bottom_padding=&#8221;4&#8243; back_color=&#8221;color-lxmt&#8221; overlay_alpha=&#8221;50&#8243; gutter_size=&#8221;0&#8243; column_width_percent=&#8221;100&#8243; shift_y=&#8221;0&#8243; z_index=&#8221;0&#8243;][vc_column column_width_percent=&#8221;100&#8243; position_vertical=&#8221;middle&#8221; align_horizontal=&#8221;align_center&#8221; gutter_size=&#8221;3&#8243; override_padding=&#8221;yes&#8221; column_padding=&#8221;4&#8243; overlay_alpha=&#8221;50&#8243; shift_x=&#8221;0&#8243; shift_y=&#8221;0&#8243; shift_y_down=&#8221;0&#8243; z_index=&#8221;0&#8243; medium_width=&#8221;0&#8243; mobile_width=&#8221;0&#8243; width=&#8221;1\/2&#8243;][vc_column_text]<\/p>\n<h3>1960-e<\/h3>\n<p data-start=\"450\" data-end=\"689\">Krajem 1966. godine, uz obalu trajektne luke Vikom u Nauvo, sagra\u0111ena je industrijska zgrada povr\u0161ine 250 \u010detvornih metara. Tamo je zapo\u010dela djelatnost potpuno nove brodogradili\u0161ta &#8211; Na-Boats.<\/p>\n<p data-start=\"691\" data-end=\"941\">Prvi Flipper bio je vesla\u010dki \u010damac dug 3,6 metara, prikladno nazvan <strong data-start=\"759\" data-end=\"775\">Lill Flipper<\/strong>. Jasno, svje\u017ee i pozitivno ime posu\u0111eno je od dupina koji se pojavljivao u popularnoj televizijskoj seriji 1960-ih. Dupin se \u010dak na\u0161ao i u prvom logotipu Flippera.<\/p>\n<p data-start=\"943\" data-end=\"1141\">Prva motorna brodica, <strong data-start=\"965\" data-end=\"982\">Flipper Weedo<\/strong>, predstavljena je 1968. godine. Bila je nepotopiva i nije se prevrtala ni kada je bila puna vode, \u0161to je u\u010dinilo pravi pionirski korak u sigurnosti brodova.<\/p>\n<p data-start=\"1143\" data-end=\"1317\">Pravi proboj dogodio se dvije godine kasnije s modelom <strong data-start=\"1198\" data-end=\"1215\">Flipper 450HT<\/strong>. Ovaj obiteljski brod bio je \u010dvrst i prostran, a njegov hrabar dizajn privukao je zaslu\u017eenu pa\u017enju.<\/p>\n<p data-start=\"1319\" data-end=\"1554\">Flipper je bio tehnolo\u0161ki napredan i imao je jedinstvenu, emotivnu sliku. Ti elementi stvorili su \u010dvrstu osnovu za uspjehe u narednim desetlje\u0107ima. Marka je percipirana kao mlada i brza, jasno obe\u0107avaju\u0107i bijeg od svakodnevne dosade.<\/p>\n<p data-start=\"1562\" data-end=\"1867\">1969. godine predstavljen je trka\u0107i katamaran <strong data-start=\"1602\" data-end=\"1620\">Flying Flipper<\/strong>. Sa svojim krilastim trupom koji povezuje pontone sa svake strane, profil je nalikovao zrakoplovu. Tako\u0111er je imao ve\u0107u maksimalnu brzinu u odnosu na konkurenciju s jednim trupom, \u0161to je Flying Flipper u\u010dinilo \u0161iroko kori\u0161tenim trka\u0107im brodom.<\/p>\n<p>[\/vc_column_text][\/vc_column][vc_column column_width_percent=&#8221;100&#8243; position_vertical=&#8221;middle&#8221; align_horizontal=&#8221;align_center&#8221; gutter_size=&#8221;3&#8243; overlay_alpha=&#8221;50&#8243; shift_x=&#8221;0&#8243; shift_y=&#8221;0&#8243; shift_y_down=&#8221;0&#8243; z_index=&#8221;0&#8243; medium_width=&#8221;0&#8243; mobile_width=&#8221;0&#8243; width=&#8221;1\/2&#8243;][vc_single_image media=&#8221;9611&#8243; media_width_percent=&#8221;75&#8243; alignment=&#8221;center&#8221;][\/vc_column][\/vc_row][vc_row unlock_row_content=&#8221;yes&#8221; row_height_percent=&#8221;0&#8243; override_padding=&#8221;yes&#8221; h_padding=&#8221;0&#8243; top_padding=&#8221;4&#8243; bottom_padding=&#8221;4&#8243; overlay_alpha=&#8221;50&#8243; gutter_size=&#8221;0&#8243; column_width_percent=&#8221;100&#8243; shift_y=&#8221;0&#8243; z_index=&#8221;0&#8243;][vc_column column_width_percent=&#8221;100&#8243; position_vertical=&#8221;middle&#8221; align_horizontal=&#8221;align_center&#8221; gutter_size=&#8221;3&#8243; overlay_alpha=&#8221;50&#8243; shift_x=&#8221;0&#8243; shift_y=&#8221;0&#8243; shift_y_down=&#8221;0&#8243; z_index=&#8221;0&#8243; medium_width=&#8221;0&#8243; mobile_width=&#8221;0&#8243; width=&#8221;1\/2&#8243;][vc_single_image media=&#8221;9613&#8243; media_width_percent=&#8221;75&#8243; alignment=&#8221;center&#8221;][\/vc_column][vc_column column_width_percent=&#8221;100&#8243; position_vertical=&#8221;middle&#8221; align_horizontal=&#8221;align_center&#8221; gutter_size=&#8221;3&#8243; override_padding=&#8221;yes&#8221; column_padding=&#8221;4&#8243; overlay_alpha=&#8221;50&#8243; shift_x=&#8221;0&#8243; shift_y=&#8221;0&#8243; shift_y_down=&#8221;0&#8243; z_index=&#8221;0&#8243; medium_width=&#8221;0&#8243; mobile_width=&#8221;0&#8243; width=&#8221;1\/2&#8243;][vc_column_text]<\/p>\n<h3>1970-e<\/h3>\n<p data-start=\"1874\" data-end=\"2176\">Posebno su impresivni bili radovi na stakloplastici, koji su odu\u0161evljavali \u010dak i najkriti\u010dnije. Brodovi su pa\u017eljivo laminirani ru\u010dno, bez vidljivih mjehuri\u0107a zraka. \u010cak i 1973. svi palubi izra\u0111eni su od slojevitih konstrukcija koje su bile lagane i \u010dvrste.<\/p>\n<p data-start=\"2184\" data-end=\"2418\">1974. predstavljen je prvi Flipper s jednim kobilom (<strong data-start=\"2231\" data-end=\"2241\">570 HT<\/strong>). Trup broda bio je stepenast pri krmi, \u0161to je zna\u010dajno smanjivalo trenje i pove\u0107avalo brzinu &#8211; \u0161to je opet rezultiralo znatno manjom potro\u0161njom goriva nego kod konkurencije.<\/p>\n<p data-start=\"2420\" data-end=\"2550\">Ispod vodne linije nije kori\u0161ten poliuretan. Prodajni argumenti bili su neupitni &#8211; brod je o\u010darao i inteligencijom i emocijama.<\/p>\n<p>[\/vc_column_text][\/vc_column][\/vc_row][vc_row unlock_row_content=&#8221;yes&#8221; row_height_percent=&#8221;0&#8243; override_padding=&#8221;yes&#8221; h_padding=&#8221;0&#8243; top_padding=&#8221;7&#8243; bottom_padding=&#8221;7&#8243; back_image=&#8221;9243&#8243; overlay_alpha=&#8221;50&#8243; gutter_size=&#8221;0&#8243; column_width_percent=&#8221;100&#8243; shift_y=&#8221;0&#8243; z_index=&#8221;0&#8243;][vc_column column_width_percent=&#8221;100&#8243; position_vertical=&#8221;middle&#8221; align_horizontal=&#8221;align_center&#8221; gutter_size=&#8221;3&#8243; overlay_alpha=&#8221;50&#8243; shift_x=&#8221;0&#8243; shift_y=&#8221;0&#8243; shift_y_down=&#8221;0&#8243; z_index=&#8221;0&#8243; medium_width=&#8221;0&#8243; mobile_width=&#8221;0&#8243; width=&#8221;1\/1&#8243;][vc_empty_space empty_h=&#8221;5&#8243;][vc_empty_space empty_h=&#8221;5&#8243;][vc_empty_space empty_h=&#8221;5&#8243;][\/vc_column][\/vc_row][vc_row unlock_row_content=&#8221;yes&#8221; row_height_percent=&#8221;0&#8243; override_padding=&#8221;yes&#8221; h_padding=&#8221;0&#8243; top_padding=&#8221;4&#8243; bottom_padding=&#8221;4&#8243; back_color=&#8221;color-lxmt&#8221; overlay_alpha=&#8221;50&#8243; gutter_size=&#8221;0&#8243; column_width_percent=&#8221;100&#8243; shift_y=&#8221;0&#8243; z_index=&#8221;0&#8243;][vc_column column_width_percent=&#8221;100&#8243; position_vertical=&#8221;middle&#8221; align_horizontal=&#8221;align_center&#8221; gutter_size=&#8221;3&#8243; override_padding=&#8221;yes&#8221; column_padding=&#8221;4&#8243; overlay_alpha=&#8221;50&#8243; shift_x=&#8221;0&#8243; shift_y=&#8221;0&#8243; shift_y_down=&#8221;0&#8243; z_index=&#8221;0&#8243; medium_width=&#8221;0&#8243; mobile_width=&#8221;0&#8243; width=&#8221;1\/2&#8243;][vc_column_text]<\/p>\n<h3>1980-e<\/h3>\n<p data-start=\"2557\" data-end=\"2798\"><strong data-start=\"2613\" data-end=\"2631\">Flipper 640 HT<\/strong>, predstavljen 1981., bio je prvi model Flippera s ugra\u0111enim motorom. Pokazao se kao najprodavaniji model po\u010detkom 1980-ih, s proizvedenim vi\u0161e od tisu\u0107u primjeraka.<\/p>\n<p data-start=\"2800\" data-end=\"3145\">Drugi, jo\u0161 poznatiji <strong data-start=\"2821\" data-end=\"2839\">Flying Flipper<\/strong>, pojavio se 1984. Bio je sportski kao njegov prethodnik, ali tako\u0111er prikladan za no\u0107ne izlete &#8211; nije \u010dudo da je postao vode\u0107i model flote Flipper. Stekao je popularnost \u010dak i izvan nordijskih zemalja, a njegov uspjeh dodatno je oja\u010dan pobjedom u klasi dizelskih brodova na utrci <strong data-start=\"3120\" data-end=\"3137\">Round Britain<\/strong> 1984.<\/p>\n<p data-start=\"3147\" data-end=\"3561\">Krajem 1986. ve\u0107inski udio u Flipper-Boats prodan je kompaniji <strong data-start=\"3210\" data-end=\"3220\">Rapala<\/strong>, poznatoj prvenstveno po proizvodnji mamaca za ribolov, a u lipnju 1990. daljnji vlasnik postala je <strong data-start=\"3321\" data-end=\"3339\">Siltala Yachts<\/strong>. Ove transakcije imale su za cilj osigurati profitabilan rast marke, koja je ve\u0107 stekla stabilnu poziciju, ali pravi novi dom prona\u0161la je tek jeseni 1992., kada je Flipper kupljen od strane <strong data-start=\"3530\" data-end=\"3546\">Bella-Veneet<\/strong> iz Kuopija.<\/p>\n<p>[\/vc_column_text][\/vc_column][vc_column column_width_percent=&#8221;100&#8243; position_vertical=&#8221;middle&#8221; align_horizontal=&#8221;align_center&#8221; gutter_size=&#8221;3&#8243; overlay_alpha=&#8221;50&#8243; shift_x=&#8221;0&#8243; shift_y=&#8221;0&#8243; shift_y_down=&#8221;0&#8243; z_index=&#8221;0&#8243; medium_width=&#8221;0&#8243; mobile_width=&#8221;0&#8243; width=&#8221;1\/2&#8243;][vc_single_image media=&#8221;9614&#8243; media_width_percent=&#8221;75&#8243; alignment=&#8221;center&#8221;][\/vc_column][\/vc_row][vc_row unlock_row_content=&#8221;yes&#8221; row_height_percent=&#8221;0&#8243; override_padding=&#8221;yes&#8221; h_padding=&#8221;0&#8243; top_padding=&#8221;4&#8243; bottom_padding=&#8221;4&#8243; overlay_alpha=&#8221;50&#8243; gutter_size=&#8221;0&#8243; column_width_percent=&#8221;100&#8243; shift_y=&#8221;0&#8243; z_index=&#8221;0&#8243;][vc_column column_width_percent=&#8221;100&#8243; position_vertical=&#8221;middle&#8221; align_horizontal=&#8221;align_center&#8221; gutter_size=&#8221;3&#8243; overlay_alpha=&#8221;50&#8243; shift_x=&#8221;0&#8243; shift_y=&#8221;0&#8243; shift_y_down=&#8221;0&#8243; z_index=&#8221;0&#8243; medium_width=&#8221;0&#8243; mobile_width=&#8221;0&#8243; width=&#8221;1\/2&#8243;][vc_single_image media=&#8221;9615&#8243; media_width_percent=&#8221;75&#8243; alignment=&#8221;center&#8221;][\/vc_column][vc_column column_width_percent=&#8221;100&#8243; position_vertical=&#8221;middle&#8221; align_horizontal=&#8221;align_center&#8221; gutter_size=&#8221;3&#8243; override_padding=&#8221;yes&#8221; column_padding=&#8221;4&#8243; overlay_alpha=&#8221;50&#8243; shift_x=&#8221;0&#8243; shift_y=&#8221;0&#8243; shift_y_down=&#8221;0&#8243; z_index=&#8221;0&#8243; medium_width=&#8221;0&#8243; mobile_width=&#8221;0&#8243; width=&#8221;1\/2&#8243;][vc_column_text]<\/p>\n<h3>1990-e<\/h3>\n<p data-start=\"3568\" data-end=\"3896\">Marka Flipper otvorila je nova tr\u017ei\u0161ta za <strong data-start=\"3652\" data-end=\"3671\">Bella-Veneet Oy<\/strong>, posebno u Srednjoj Europi i Velikoj Britaniji. Finska je zapala u recesiju, a ekonomska situacija u ostalim nordijskim zemljama tako\u0111er nije bila najbolja. Tr\u017ei\u0161te brodova u Skandinaviji po\u010delo je padati po\u010detkom 1990-ih.<\/p>\n<p data-start=\"3898\" data-end=\"4326\">Kabinske brodice bile su vrlo popularne tijekom 90-ih i \u010dinile su va\u017ean dio uspjeha Flippera u tom razdoblju. Sredinom 90-ih predstavljeni su novi modeli Flippera. Novi vode\u0107i model linije, <strong data-start=\"4088\" data-end=\"4103\">Flipper 999<\/strong> &#8211; kabinska brodica, predstavljen je 1995. U istoj godini lansiran je i manji kabinski model, <strong data-start=\"4197\" data-end=\"4212\">Flipper 787<\/strong>. <strong data-start=\"4214\" data-end=\"4233\">Bella-Veneet Oy<\/strong> po\u010dela je proizvoditi ve\u0107e Flipper brodove u drugoj proizvodnoj lokaciji u Larsmu, Finska.<\/p>\n<p data-start=\"4334\" data-end=\"4642\">1999. godine uvedena je platforma za modele brodova od 6 metara. <strong data-start=\"4393\" data-end=\"4443\">Flipper 630 DC, Flipper 630 OC, Flipper 630 CC<\/strong> i <strong data-start=\"4446\" data-end=\"4464\">Flipper 630 HT<\/strong> imali su moderan izgled i bili vrlo uspje\u0161ni na tr\u017ei\u0161tu. Posebno je model <strong data-start=\"4539\" data-end=\"4557\">Flipper 630 HT <\/strong>progla\u0161en jednom od najljep\u0161ih i najbolje razvijenih hardtop brodica tog vremena.<\/p>\n<h3>2000-e<\/h3>\n<p>Po\u010detkom 2000-ih prodaja Flipper brodova rasla je vrlo sna\u017eno. 2003. godine <strong data-start=\"4751\" data-end=\"4764\">Brunswick<\/strong>, vlasnik marke brodskih motora <strong data-start=\"4796\" data-end=\"4807\">Mercury<\/strong>, postao je suvlasnik <strong data-start=\"4829\" data-end=\"4848\">Bella-Veneet Oy<\/strong>. Flipper brodovi bili su isklju\u010divo predpripremljeni za Mercury motore. Godine 2000.-2008. bile su razdoblje sna\u017enog rasta za Bella-Veneet Oy, a kapaciteti dviju proizvodnih lokacija bili su u potpunosti iskori\u0161teni. Recesija koja je po\u010dela 2008. godine zna\u010dajno je promijenila cijelu industriju brodova.[\/vc_column_text][\/vc_column][\/vc_row][vc_row unlock_row_content=&#8221;yes&#8221; row_height_percent=&#8221;0&#8243; override_padding=&#8221;yes&#8221; h_padding=&#8221;0&#8243; top_padding=&#8221;4&#8243; bottom_padding=&#8221;4&#8243; back_color=&#8221;color-lxmt&#8221; overlay_alpha=&#8221;50&#8243; gutter_size=&#8221;0&#8243; column_width_percent=&#8221;100&#8243; shift_y=&#8221;0&#8243; z_index=&#8221;0&#8243;][vc_column column_width_percent=&#8221;100&#8243; position_vertical=&#8221;middle&#8221; align_horizontal=&#8221;align_center&#8221; gutter_size=&#8221;3&#8243; override_padding=&#8221;yes&#8221; column_padding=&#8221;4&#8243; overlay_alpha=&#8221;50&#8243; shift_x=&#8221;0&#8243; shift_y=&#8221;0&#8243; shift_y_down=&#8221;0&#8243; z_index=&#8221;0&#8243; medium_width=&#8221;0&#8243; mobile_width=&#8221;0&#8243; width=&#8221;1\/2&#8243;][vc_column_text]<\/p>\n<h3>2010-e<\/h3>\n<p data-start=\"5163\" data-end=\"5534\">Po\u010detkom 2010-ih cijela ponuda Flippera obnovljena je kako bi bolje zadovoljila potrebe kupaca. Dizajn je potpuno promijenjen: pobolj\u0161ano je upravljanje brodom, a konstrukcije su u\u010dinjene \u010dvr\u0161\u0107ima i izdr\u017eljivijima. Kasne 2010-e donijele su Flipperu sna\u017ean me\u0111unarodni rast. Otvorena su nova tr\u017ei\u0161ta, a najudaljenije od njih bila je Australija.<\/p>\n<p data-start=\"5536\" data-end=\"5865\">U razdoblju 2012.-2014. na tr\u017ei\u0161te je uvedeno ukupno 10 novih modela Flipper. Odmah su osvojili ciljanu publiku, jer su zahtjevi modernih nauti\u010dara pa\u017eljivo uzeti u obzir. Mnogi detalji su se promijenili, ali vje\u010dne snage Flippera &#8211; kvaliteta, marka i jedinstvenost &#8211; i dalje su prisutne, mo\u017eda \u010dak i sna\u017enije nego ikad prije.<\/p>\n<p>[\/vc_column_text][\/vc_column][vc_column column_width_percent=&#8221;100&#8243; position_vertical=&#8221;middle&#8221; align_horizontal=&#8221;align_center&#8221; gutter_size=&#8221;3&#8243; overlay_alpha=&#8221;50&#8243; shift_x=&#8221;0&#8243; shift_y=&#8221;0&#8243; shift_y_down=&#8221;0&#8243; z_index=&#8221;0&#8243; medium_width=&#8221;0&#8243; mobile_width=&#8221;0&#8243; width=&#8221;1\/2&#8243;][vc_single_image media=&#8221;9616&#8243; media_width_percent=&#8221;75&#8243; alignment=&#8221;center&#8221;][\/vc_column][\/vc_row][vc_row row_height_percent=&#8221;0&#8243; override_padding=&#8221;yes&#8221; h_padding=&#8221;2&#8243; top_padding=&#8221;4&#8243; bottom_padding=&#8221;4&#8243; back_color=&#8221;color-rgdb&#8221; overlay_alpha=&#8221;50&#8243; gutter_size=&#8221;3&#8243; column_width_percent=&#8221;100&#8243; shift_y=&#8221;0&#8243; z_index=&#8221;0&#8243;][vc_column column_width_percent=&#8221;100&#8243; align_horizontal=&#8221;align_center&#8221; gutter_size=&#8221;3&#8243; style=&#8221;dark&#8221; overlay_alpha=&#8221;50&#8243; shift_x=&#8221;0&#8243; shift_y=&#8221;0&#8243; shift_y_down=&#8221;0&#8243; z_index=&#8221;0&#8243; medium_width=&#8221;0&#8243; mobile_width=&#8221;0&#8243; width=&#8221;1\/1&#8243;][vc_custom_heading text_font=&#8221;font-827535&#8243; text_transform=&#8221;uppercase&#8221;]Flipper Boats[\/vc_custom_heading][uncode_index el_id=&#8221;index-491777&#8243; index_type=&#8221;carousel&#8221; loop=&#8221;size:5|order_by:date|post_type:page|tax_query:47|by_id:4527,1478,1450,1440,1421|taxonomy_count:10&#8243; carousel_lg=&#8221;3&#8243; carousel_md=&#8221;2&#8243; carousel_sm=&#8221;1&#8243; thumb_size=&#8221;three-two&#8221; gutter_size=&#8221;3&#8243; page_items=&#8221;media|featured|onpost|original,title,icon&#8221; carousel_interval=&#8221;3000&#8243; carousel_navspeed=&#8221;400&#8243; carousel_loop=&#8221;yes&#8221; carousel_nav=&#8221;yes&#8221; carousel_nav_mobile=&#8221;yes&#8221; stage_padding=&#8221;0&#8243; single_style=&#8221;dark&#8221; single_overlay_opacity=&#8221;50&#8243; single_h_align=&#8221;center&#8221; single_padding=&#8221;2&#8243; single_icon=&#8221;fa fa-link3&#8243;][\/vc_column][\/vc_row]<\/p>\n","protected":false},"excerpt":{"rendered":"<p>[vc_row row_height_percent=&#8221;0&#8243; override_padding=&#8221;yes&#8221; h_padding=&#8221;2&#8243; top_padding=&#8221;4&#8243; bottom_padding=&#8221;4&#8243; overlay_alpha=&#8221;50&#8243; gutter_size=&#8221;3&#8243; column_width_percent=&#8221;100&#8243; shift_y=&#8221;0&#8243; z_index=&#8221;0&#8243;][vc_column column_width_percent=&#8221;100&#8243; align_horizontal=&#8221;align_center&#8221; gutter_size=&#8221;3&#8243; overlay_alpha=&#8221;50&#8243; shift_x=&#8221;0&#8243; shift_y=&#8221;0&#8243; shift_y_down=&#8221;0&#8243; z_index=&#8221;0&#8243; medium_width=&#8221;0&#8243; [&hellip;]<\/p>\n","protected":false},"author":2,"featured_media":0,"parent":0,"menu_order":0,"comment_status":"closed","ping_status":"closed","template":"","meta":{"footnotes":""},"class_list":["post-1499","page","type-page","status-publish","hentry"],"yoast_head":"<!-- This site is optimized with the Yoast SEO plugin v26.4 - https:\/\/yoast.com\/wordpress\/plugins\/seo\/ -->\n<title>Flipper Boats<\/title>\n<meta name=\"robots\" content=\"index, follow, max-snippet:-1, max-image-preview:large, max-video-preview:-1\" \/>\n<link rel=\"canonical\" href=\"https:\/\/ecomarine.pl\/hr\/flipper\/\" \/>\n<meta property=\"og:locale\" content=\"hr_HR\" \/>\n<meta property=\"og:locale:alternate\" content=\"en_US\" \/>\n<meta property=\"og:locale:alternate\" content=\"pl_PL\" \/>\n<meta property=\"og:type\" content=\"article\" \/>\n<meta property=\"og:title\" content=\"Flipper Boats\" \/>\n<meta property=\"og:description\" content=\"[vc_row row_height_percent=&#8221;0&#8243; override_padding=&#8221;yes&#8221; h_padding=&#8221;2&#8243; top_padding=&#8221;4&#8243; bottom_padding=&#8221;4&#8243; overlay_alpha=&#8221;50&#8243; gutter_size=&#8221;3&#8243; column_width_percent=&#8221;100&#8243; shift_y=&#8221;0&#8243; z_index=&#8221;0&#8243;][vc_column column_width_percent=&#8221;100&#8243; align_horizontal=&#8221;align_center&#8221; gutter_size=&#8221;3&#8243; overlay_alpha=&#8221;50&#8243; shift_x=&#8221;0&#8243; shift_y=&#8221;0&#8243; shift_y_down=&#8221;0&#8243; z_index=&#8221;0&#8243; medium_width=&#8221;0&#8243; [&hellip;]\" \/>\n<meta property=\"og:url\" content=\"https:\/\/ecomarine.pl\/hr\/flipper\/\" \/>\n<meta property=\"og:site_name\" content=\"EcoMarine\" \/>\n<meta property=\"article:publisher\" content=\"https:\/\/www.facebook.com\/nimbusboatspoland\" \/>\n<meta property=\"article:modified_time\" content=\"2025-10-27T15:58:01+00:00\" \/>\n<meta name=\"twitter:card\" content=\"summary_large_image\" \/>\n<meta name=\"twitter:label1\" content=\"Procijenjeno vrijeme \u010ditanja\" \/>\n\t<meta name=\"twitter:data1\" content=\"27 minuta\" \/>\n<script type=\"application\/ld+json\" class=\"yoast-schema-graph\">{\"@context\":\"https:\/\/schema.org\",\"@graph\":[{\"@type\":\"WebPage\",\"@id\":\"https:\/\/ecomarine.pl\/flipper\/\",\"url\":\"https:\/\/ecomarine.pl\/flipper\/\",\"name\":\"Flipper Boats\",\"isPartOf\":{\"@id\":\"https:\/\/ecomarine.pl\/#website\"},\"datePublished\":\"2019-04-09T08:51:55+00:00\",\"dateModified\":\"2025-10-27T15:58:01+00:00\",\"breadcrumb\":{\"@id\":\"https:\/\/ecomarine.pl\/flipper\/#breadcrumb\"},\"inLanguage\":\"hr\",\"potentialAction\":[{\"@type\":\"ReadAction\",\"target\":[\"https:\/\/ecomarine.pl\/flipper\/\"]}]},{\"@type\":\"BreadcrumbList\",\"@id\":\"https:\/\/ecomarine.pl\/flipper\/#breadcrumb\",\"itemListElement\":[{\"@type\":\"ListItem\",\"position\":1,\"name\":\"Po\u010detna stranica\",\"item\":\"https:\/\/ecomarine.pl\/hr\/\"},{\"@type\":\"ListItem\",\"position\":2,\"name\":\"Flipper Boats\"}]},{\"@type\":\"WebSite\",\"@id\":\"https:\/\/ecomarine.pl\/#website\",\"url\":\"https:\/\/ecomarine.pl\/\",\"name\":\"EcoMarine\",\"description\":\"Luksusowe jachty i \u0142odzie motorowe\",\"publisher\":{\"@id\":\"https:\/\/ecomarine.pl\/#organization\"},\"potentialAction\":[{\"@type\":\"SearchAction\",\"target\":{\"@type\":\"EntryPoint\",\"urlTemplate\":\"https:\/\/ecomarine.pl\/?s={search_term_string}\"},\"query-input\":{\"@type\":\"PropertyValueSpecification\",\"valueRequired\":true,\"valueName\":\"search_term_string\"}}],\"inLanguage\":\"hr\"},{\"@type\":\"Organization\",\"@id\":\"https:\/\/ecomarine.pl\/#organization\",\"name\":\"EcoMarine\",\"url\":\"https:\/\/ecomarine.pl\/\",\"logo\":{\"@type\":\"ImageObject\",\"inLanguage\":\"hr\",\"@id\":\"https:\/\/ecomarine.pl\/#\/schema\/logo\/image\/\",\"url\":\"https:\/\/ecomarine.pl\/wp-content\/uploads\/2020\/10\/2018-08-logo-official1-2-e1605555500757.jpg\",\"contentUrl\":\"https:\/\/ecomarine.pl\/wp-content\/uploads\/2020\/10\/2018-08-logo-official1-2-e1605555500757.jpg\",\"width\":300,\"height\":86,\"caption\":\"EcoMarine\"},\"image\":{\"@id\":\"https:\/\/ecomarine.pl\/#\/schema\/logo\/image\/\"},\"sameAs\":[\"https:\/\/www.facebook.com\/nimbusboatspoland\",\"https:\/\/www.instagram.com\/ecomarine.pl\/\"]}]}<\/script>\n<!-- \/ Yoast SEO plugin. -->","yoast_head_json":{"title":"Flipper Boats","robots":{"index":"index","follow":"follow","max-snippet":"max-snippet:-1","max-image-preview":"max-image-preview:large","max-video-preview":"max-video-preview:-1"},"canonical":"https:\/\/ecomarine.pl\/hr\/flipper\/","og_locale":"hr_HR","og_type":"article","og_title":"[:en]Flipper Boats[:pl]Flipper Boats[:hr]Flipper Boats[:] - EcoMarine","og_description":"[vc_row row_height_percent=&#8221;0&#8243; override_padding=&#8221;yes&#8221; h_padding=&#8221;2&#8243; top_padding=&#8221;4&#8243; bottom_padding=&#8221;4&#8243; overlay_alpha=&#8221;50&#8243; gutter_size=&#8221;3&#8243; column_width_percent=&#8221;100&#8243; shift_y=&#8221;0&#8243; z_index=&#8221;0&#8243;][vc_column column_width_percent=&#8221;100&#8243; align_horizontal=&#8221;align_center&#8221; gutter_size=&#8221;3&#8243; overlay_alpha=&#8221;50&#8243; shift_x=&#8221;0&#8243; shift_y=&#8221;0&#8243; shift_y_down=&#8221;0&#8243; z_index=&#8221;0&#8243; medium_width=&#8221;0&#8243; [&hellip;]","og_url":"https:\/\/ecomarine.pl\/hr\/flipper\/","og_site_name":"EcoMarine","article_publisher":"https:\/\/www.facebook.com\/nimbusboatspoland","article_modified_time":"2025-10-27T15:58:01+00:00","twitter_card":"summary_large_image","twitter_misc":{"Procijenjeno vrijeme \u010ditanja":"27 minuta"},"schema":{"@context":"https:\/\/schema.org","@graph":[{"@type":"WebPage","@id":"https:\/\/ecomarine.pl\/flipper\/","url":"https:\/\/ecomarine.pl\/flipper\/","name":"Flipper Boats","isPartOf":{"@id":"https:\/\/ecomarine.pl\/#website"},"datePublished":"2019-04-09T08:51:55+00:00","dateModified":"2025-10-27T15:58:01+00:00","breadcrumb":{"@id":"https:\/\/ecomarine.pl\/flipper\/#breadcrumb"},"inLanguage":"hr","potentialAction":[{"@type":"ReadAction","target":["https:\/\/ecomarine.pl\/flipper\/"]}]},{"@type":"BreadcrumbList","@id":"https:\/\/ecomarine.pl\/flipper\/#breadcrumb","itemListElement":[{"@type":"ListItem","position":1,"name":"Po\u010detna stranica","item":"https:\/\/ecomarine.pl\/hr\/"},{"@type":"ListItem","position":2,"name":"Flipper Boats"}]},{"@type":"WebSite","@id":"https:\/\/ecomarine.pl\/#website","url":"https:\/\/ecomarine.pl\/","name":"EcoMarine","description":"Luksusowe jachty i \u0142odzie motorowe","publisher":{"@id":"https:\/\/ecomarine.pl\/#organization"},"potentialAction":[{"@type":"SearchAction","target":{"@type":"EntryPoint","urlTemplate":"https:\/\/ecomarine.pl\/?s={search_term_string}"},"query-input":{"@type":"PropertyValueSpecification","valueRequired":true,"valueName":"search_term_string"}}],"inLanguage":"hr"},{"@type":"Organization","@id":"https:\/\/ecomarine.pl\/#organization","name":"EcoMarine","url":"https:\/\/ecomarine.pl\/","logo":{"@type":"ImageObject","inLanguage":"hr","@id":"https:\/\/ecomarine.pl\/#\/schema\/logo\/image\/","url":"https:\/\/ecomarine.pl\/wp-content\/uploads\/2020\/10\/2018-08-logo-official1-2-e1605555500757.jpg","contentUrl":"https:\/\/ecomarine.pl\/wp-content\/uploads\/2020\/10\/2018-08-logo-official1-2-e1605555500757.jpg","width":300,"height":86,"caption":"EcoMarine"},"image":{"@id":"https:\/\/ecomarine.pl\/#\/schema\/logo\/image\/"},"sameAs":["https:\/\/www.facebook.com\/nimbusboatspoland","https:\/\/www.instagram.com\/ecomarine.pl\/"]}]}},"_links":{"self":[{"href":"https:\/\/ecomarine.pl\/hr\/wp-json\/wp\/v2\/pages\/1499","targetHints":{"allow":["GET"]}}],"collection":[{"href":"https:\/\/ecomarine.pl\/hr\/wp-json\/wp\/v2\/pages"}],"about":[{"href":"https:\/\/ecomarine.pl\/hr\/wp-json\/wp\/v2\/types\/page"}],"author":[{"embeddable":true,"href":"https:\/\/ecomarine.pl\/hr\/wp-json\/wp\/v2\/users\/2"}],"replies":[{"embeddable":true,"href":"https:\/\/ecomarine.pl\/hr\/wp-json\/wp\/v2\/comments?post=1499"}],"version-history":[{"count":41,"href":"https:\/\/ecomarine.pl\/hr\/wp-json\/wp\/v2\/pages\/1499\/revisions"}],"predecessor-version":[{"id":9633,"href":"https:\/\/ecomarine.pl\/hr\/wp-json\/wp\/v2\/pages\/1499\/revisions\/9633"}],"wp:attachment":[{"href":"https:\/\/ecomarine.pl\/hr\/wp-json\/wp\/v2\/media?parent=1499"}],"curies":[{"name":"wp","href":"https:\/\/api.w.org\/{rel}","templated":true}]}}