{"id":2662,"date":"2019-10-01T16:17:10","date_gmt":"2019-10-01T14:17:10","guid":{"rendered":"https:\/\/ecomarine.pl\/en\/?page_id=2662"},"modified":"2021-03-22T21:49:40","modified_gmt":"2021-03-22T20:49:40","slug":"alukin-scr-950","status":"publish","type":"page","link":"https:\/\/ecomarine.pl\/hr\/alukin-scr-950\/","title":{"rendered":"Alukin SCR 950"},"content":{"rendered":"<p>[vc_row row_height_percent=&#8221;0&#8243; override_padding=&#8221;yes&#8221; h_padding=&#8221;2&#8243; top_padding=&#8221;4&#8243; bottom_padding=&#8221;4&#8243; overlay_alpha=&#8221;50&#8243; gutter_size=&#8221;3&#8243; column_width_percent=&#8221;100&#8243; shift_y=&#8221;0&#8243; z_index=&#8221;0&#8243;][vc_column column_width_percent=&#8221;100&#8243; align_horizontal=&#8221;align_center&#8221; overlay_alpha=&#8221;50&#8243; gutter_size=&#8221;3&#8243; medium_width=&#8221;0&#8243; mobile_width=&#8221;0&#8243; shift_x=&#8221;0&#8243; shift_y=&#8221;0&#8243; shift_y_down=&#8221;0&#8243; z_index=&#8221;0&#8243; width=&#8221;1\/1&#8243;][vc_custom_heading text_size=&#8221;h1&#8243; text_font=&#8221;font-827535&#8243; text_weight=&#8221;100&#8243; text_transform=&#8221;uppercase&#8221; sub_lead=&#8221;yes&#8221; sub_reduced=&#8221;yes&#8221; subheading=&#8221;ALUKIN SCR 950 jest najwi\u0119ksz\u0105 \u0142odzi\u0105 z modeli kabin sportowych, zaprojektowan\u0105 w celu po\u0142\u0105czenia wysokiego komfortu z praktycznym \u017cyciem na \u0142odzi przez kilka sezon\u00f3w. Z zakryt\u0105 przedni\u0105 opon\u0105 i grzbietem na dziobie model spe\u0142nia r\u00f3\u017cnorodne potrzeby. Dzi\u0119ki 9,5 metrom jest wystarczaj\u0105co du\u017co miejsca na komfortowe noclegi w po\u0142\u0105czeniu z szybkim transportem dla tych, kt\u00f3rzy potrzebuj\u0105 szybko i bezpiecznie dotrze\u0107 w ka\u017cdych warunkach pogodowych.<\/p>\n<p>Dobrze wyposa\u017cony m.in. w szklane sufity panoramiczne, grzejniki, przyciemnione o\u015bwietlenie kabiny i \u017caluzji oraz osobne WC. Mo\u017cliwo\u015b\u0107 wyposa\u017cenia w podw\u00f3jne mocowanie do 700 KM. Skontaktuj si\u0119 z nami, a powiemy Ci wi\u0119cej!&#8221;]O ALUKIN SCR 950[\/vc_custom_heading][\/vc_column][\/vc_row][vc_row row_height_percent=&#8221;0&#8243; override_padding=&#8221;yes&#8221; h_padding=&#8221;2&#8243; top_padding=&#8221;4&#8243; bottom_padding=&#8221;4&#8243; back_color=&#8221;color-rgdb&#8221; overlay_alpha=&#8221;50&#8243; equal_height=&#8221;yes&#8221; gutter_size=&#8221;4&#8243; column_width_percent=&#8221;100&#8243; shift_y=&#8221;0&#8243; z_index=&#8221;0&#8243;][vc_column column_width_percent=&#8221;100&#8243; style=&#8221;dark&#8221; overlay_alpha=&#8221;50&#8243; gutter_size=&#8221;3&#8243; medium_width=&#8221;0&#8243; mobile_width=&#8221;0&#8243; shift_x=&#8221;0&#8243; shift_y=&#8221;0&#8243; shift_y_down=&#8221;0&#8243; z_index=&#8221;0&#8243; width=&#8221;1\/3&#8243;][vc_custom_heading text_size=&#8221;h1&#8243; text_font=&#8221;font-827535&#8243; text_weight=&#8221;100&#8243; text_transform=&#8221;uppercase&#8221; sub_lead=&#8221;yes&#8221; sub_reduced=&#8221;yes&#8221;]SPECYFIKACJA[\/vc_custom_heading][vc_column_text]<\/p>\n<h5>D\u0142ugo\u015b\u0107: <strong>9.50<\/strong><br \/>\nWysoko\u015b\u0107: <strong>2.90<br \/>\n<\/strong>H (wolna burta):\u00a0\u00a0<strong>ok. 0,60 m<\/strong><br \/>\nMasa bez silnika:\u00a0\u00a0<strong>ok. 3000 kg<\/strong><br \/>\nWielko\u015b\u0107 silnika:\u00a0\u00a0<strong>350 &#8211; 2 x 350<\/strong><br \/>\nMax.\u00a0rec.\u00a0Pr\u0119dko\u015b\u0107:\u00a0\u00a0<strong>45 w\u0119z\u0142\u00f3w<\/strong><br \/>\nLu\u017ana:\u00a0<strong>Samono\u015bna<\/strong><br \/>\nOznaczenie:\u00a0<strong>CE \/ C<\/strong><br \/>\nLiczba os\u00f3b:\u00a0<strong>10<\/strong><br \/>\nLiczba os\u00f3b:\u00a0<strong>8<\/strong><\/h5>\n<p>[\/vc_column_text][\/vc_column][vc_column column_width_percent=&#8221;100&#8243; position_vertical=&#8221;middle&#8221; align_horizontal=&#8221;align_center&#8221; overlay_alpha=&#8221;50&#8243; gutter_size=&#8221;3&#8243; medium_width=&#8221;0&#8243; mobile_width=&#8221;0&#8243; shift_x=&#8221;0&#8243; shift_y=&#8221;0&#8243; shift_y_down=&#8221;0&#8243; z_index=&#8221;0&#8243; width=&#8221;2\/3&#8243;][vc_gallery el_id=&#8221;gallery-727203&#8243; medias=&#8221;2726,2725,2724,2723,2722,2721,2720,2719,2718&#8243; gutter_size=&#8221;3&#8243; screen_lg=&#8221;1000&#8243; screen_md=&#8221;600&#8243; screen_sm=&#8221;480&#8243; single_overlay_opacity=&#8221;50&#8243; single_padding=&#8221;2&#8243;][\/vc_column][\/vc_row]<\/p>\n","protected":false},"excerpt":{"rendered":"<p>[vc_row row_height_percent=&#8221;0&#8243; override_padding=&#8221;yes&#8221; h_padding=&#8221;2&#8243; top_padding=&#8221;4&#8243; bottom_padding=&#8221;4&#8243; overlay_alpha=&#8221;50&#8243; gutter_size=&#8221;3&#8243; column_width_percent=&#8221;100&#8243; shift_y=&#8221;0&#8243; z_index=&#8221;0&#8243;][vc_column column_width_percent=&#8221;100&#8243; align_horizontal=&#8221;align_center&#8221; overlay_alpha=&#8221;50&#8243; gutter_size=&#8221;3&#8243; medium_width=&#8221;0&#8243; mobile_width=&#8221;0&#8243; shift_x=&#8221;0&#8243; shift_y=&#8221;0&#8243; shift_y_down=&#8221;0&#8243; [&hellip;]<\/p>\n","protected":false},"author":2,"featured_media":2724,"parent":0,"menu_order":0,"comment_status":"closed","ping_status":"closed","template":"","meta":{"footnotes":""},"class_list":["post-2662","page","type-page","status-publish","has-post-thumbnail","hentry","page_category-alukin"],"yoast_head":"<!-- This site is optimized with the Yoast SEO plugin v26.4 - https:\/\/yoast.com\/wordpress\/plugins\/seo\/ -->\n<title>Alukin SCR 950<\/title>\n<meta name=\"robots\" content=\"index, follow, max-snippet:-1, max-image-preview:large, max-video-preview:-1\" \/>\n<link rel=\"canonical\" href=\"https:\/\/ecomarine.pl\/hr\/alukin-scr-950\/\" \/>\n<meta property=\"og:locale\" content=\"hr_HR\" \/>\n<meta property=\"og:locale:alternate\" content=\"en_US\" \/>\n<meta property=\"og:locale:alternate\" content=\"pl_PL\" \/>\n<meta property=\"og:type\" content=\"article\" \/>\n<meta property=\"og:title\" content=\"Alukin SCR 950\" \/>\n<meta property=\"og:description\" content=\"[vc_row row_height_percent=&#8221;0&#8243; override_padding=&#8221;yes&#8221; h_padding=&#8221;2&#8243; top_padding=&#8221;4&#8243; bottom_padding=&#8221;4&#8243; overlay_alpha=&#8221;50&#8243; gutter_size=&#8221;3&#8243; column_width_percent=&#8221;100&#8243; shift_y=&#8221;0&#8243; z_index=&#8221;0&#8243;][vc_column column_width_percent=&#8221;100&#8243; align_horizontal=&#8221;align_center&#8221; overlay_alpha=&#8221;50&#8243; gutter_size=&#8221;3&#8243; medium_width=&#8221;0&#8243; mobile_width=&#8221;0&#8243; shift_x=&#8221;0&#8243; shift_y=&#8221;0&#8243; shift_y_down=&#8221;0&#8243; [&hellip;]\" \/>\n<meta property=\"og:url\" content=\"https:\/\/ecomarine.pl\/hr\/alukin-scr-950\/\" \/>\n<meta property=\"og:site_name\" content=\"EcoMarine\" \/>\n<meta property=\"article:publisher\" content=\"https:\/\/www.facebook.com\/nimbusboatspoland\" \/>\n<meta property=\"article:modified_time\" content=\"2021-03-22T20:49:40+00:00\" \/>\n<meta property=\"og:image\" content=\"https:\/\/ecomarine.pl\/wp-content\/uploads\/2019\/10\/950_7.jpg\" \/>\n\t<meta property=\"og:image:width\" content=\"700\" \/>\n\t<meta property=\"og:image:height\" content=\"500\" \/>\n\t<meta property=\"og:image:type\" content=\"image\/jpeg\" \/>\n<meta name=\"twitter:card\" content=\"summary_large_image\" \/>\n<meta name=\"twitter:label1\" content=\"Procijenjeno vrijeme \u010ditanja\" \/>\n\t<meta name=\"twitter:data1\" content=\"4 minute\" \/>\n<script type=\"application\/ld+json\" class=\"yoast-schema-graph\">{\"@context\":\"https:\/\/schema.org\",\"@graph\":[{\"@type\":\"WebPage\",\"@id\":\"https:\/\/ecomarine.pl\/alukin-scr-950\/\",\"url\":\"https:\/\/ecomarine.pl\/alukin-scr-950\/\",\"name\":\"Alukin SCR 950\",\"isPartOf\":{\"@id\":\"https:\/\/ecomarine.pl\/#website\"},\"primaryImageOfPage\":{\"@id\":\"https:\/\/ecomarine.pl\/alukin-scr-950\/#primaryimage\"},\"image\":{\"@id\":\"https:\/\/ecomarine.pl\/alukin-scr-950\/#primaryimage\"},\"thumbnailUrl\":\"https:\/\/ecomarine.pl\/wp-content\/uploads\/2019\/10\/950_7.jpg\",\"datePublished\":\"2019-10-01T14:17:10+00:00\",\"dateModified\":\"2021-03-22T20:49:40+00:00\",\"breadcrumb\":{\"@id\":\"https:\/\/ecomarine.pl\/alukin-scr-950\/#breadcrumb\"},\"inLanguage\":\"hr\",\"potentialAction\":[{\"@type\":\"ReadAction\",\"target\":[\"https:\/\/ecomarine.pl\/alukin-scr-950\/\"]}]},{\"@type\":\"ImageObject\",\"inLanguage\":\"hr\",\"@id\":\"https:\/\/ecomarine.pl\/alukin-scr-950\/#primaryimage\",\"url\":\"https:\/\/ecomarine.pl\/wp-content\/uploads\/2019\/10\/950_7.jpg\",\"contentUrl\":\"https:\/\/ecomarine.pl\/wp-content\/uploads\/2019\/10\/950_7.jpg\",\"width\":700,\"height\":500},{\"@type\":\"BreadcrumbList\",\"@id\":\"https:\/\/ecomarine.pl\/alukin-scr-950\/#breadcrumb\",\"itemListElement\":[{\"@type\":\"ListItem\",\"position\":1,\"name\":\"Po\u010detna stranica\",\"item\":\"https:\/\/ecomarine.pl\/hr\/\"},{\"@type\":\"ListItem\",\"position\":2,\"name\":\"Alukin SCR 950\"}]},{\"@type\":\"WebSite\",\"@id\":\"https:\/\/ecomarine.pl\/#website\",\"url\":\"https:\/\/ecomarine.pl\/\",\"name\":\"EcoMarine\",\"description\":\"Luksusowe jachty i \u0142odzie motorowe\",\"publisher\":{\"@id\":\"https:\/\/ecomarine.pl\/#organization\"},\"potentialAction\":[{\"@type\":\"SearchAction\",\"target\":{\"@type\":\"EntryPoint\",\"urlTemplate\":\"https:\/\/ecomarine.pl\/?s={search_term_string}\"},\"query-input\":{\"@type\":\"PropertyValueSpecification\",\"valueRequired\":true,\"valueName\":\"search_term_string\"}}],\"inLanguage\":\"hr\"},{\"@type\":\"Organization\",\"@id\":\"https:\/\/ecomarine.pl\/#organization\",\"name\":\"EcoMarine\",\"url\":\"https:\/\/ecomarine.pl\/\",\"logo\":{\"@type\":\"ImageObject\",\"inLanguage\":\"hr\",\"@id\":\"https:\/\/ecomarine.pl\/#\/schema\/logo\/image\/\",\"url\":\"https:\/\/ecomarine.pl\/wp-content\/uploads\/2020\/10\/2018-08-logo-official1-2-e1605555500757.jpg\",\"contentUrl\":\"https:\/\/ecomarine.pl\/wp-content\/uploads\/2020\/10\/2018-08-logo-official1-2-e1605555500757.jpg\",\"width\":300,\"height\":86,\"caption\":\"EcoMarine\"},\"image\":{\"@id\":\"https:\/\/ecomarine.pl\/#\/schema\/logo\/image\/\"},\"sameAs\":[\"https:\/\/www.facebook.com\/nimbusboatspoland\",\"https:\/\/www.instagram.com\/ecomarine.pl\/\"]}]}<\/script>\n<!-- \/ Yoast SEO plugin. -->","yoast_head_json":{"title":"Alukin SCR 950","robots":{"index":"index","follow":"follow","max-snippet":"max-snippet:-1","max-image-preview":"max-image-preview:large","max-video-preview":"max-video-preview:-1"},"canonical":"https:\/\/ecomarine.pl\/hr\/alukin-scr-950\/","og_locale":"hr_HR","og_type":"article","og_title":"[:en]ALUKIN SCR 950[:pl]Alukin SCR 950[:] - EcoMarine","og_description":"[vc_row row_height_percent=&#8221;0&#8243; override_padding=&#8221;yes&#8221; h_padding=&#8221;2&#8243; top_padding=&#8221;4&#8243; bottom_padding=&#8221;4&#8243; overlay_alpha=&#8221;50&#8243; gutter_size=&#8221;3&#8243; column_width_percent=&#8221;100&#8243; shift_y=&#8221;0&#8243; z_index=&#8221;0&#8243;][vc_column column_width_percent=&#8221;100&#8243; align_horizontal=&#8221;align_center&#8221; overlay_alpha=&#8221;50&#8243; gutter_size=&#8221;3&#8243; medium_width=&#8221;0&#8243; mobile_width=&#8221;0&#8243; shift_x=&#8221;0&#8243; shift_y=&#8221;0&#8243; shift_y_down=&#8221;0&#8243; [&hellip;]","og_url":"https:\/\/ecomarine.pl\/hr\/alukin-scr-950\/","og_site_name":"EcoMarine","article_publisher":"https:\/\/www.facebook.com\/nimbusboatspoland","article_modified_time":"2021-03-22T20:49:40+00:00","og_image":[{"width":700,"height":500,"url":"https:\/\/ecomarine.pl\/wp-content\/uploads\/2019\/10\/950_7.jpg","type":"image\/jpeg"}],"twitter_card":"summary_large_image","twitter_misc":{"Procijenjeno vrijeme \u010ditanja":"4 minute"},"schema":{"@context":"https:\/\/schema.org","@graph":[{"@type":"WebPage","@id":"https:\/\/ecomarine.pl\/alukin-scr-950\/","url":"https:\/\/ecomarine.pl\/alukin-scr-950\/","name":"Alukin SCR 950","isPartOf":{"@id":"https:\/\/ecomarine.pl\/#website"},"primaryImageOfPage":{"@id":"https:\/\/ecomarine.pl\/alukin-scr-950\/#primaryimage"},"image":{"@id":"https:\/\/ecomarine.pl\/alukin-scr-950\/#primaryimage"},"thumbnailUrl":"https:\/\/ecomarine.pl\/wp-content\/uploads\/2019\/10\/950_7.jpg","datePublished":"2019-10-01T14:17:10+00:00","dateModified":"2021-03-22T20:49:40+00:00","breadcrumb":{"@id":"https:\/\/ecomarine.pl\/alukin-scr-950\/#breadcrumb"},"inLanguage":"hr","potentialAction":[{"@type":"ReadAction","target":["https:\/\/ecomarine.pl\/alukin-scr-950\/"]}]},{"@type":"ImageObject","inLanguage":"hr","@id":"https:\/\/ecomarine.pl\/alukin-scr-950\/#primaryimage","url":"https:\/\/ecomarine.pl\/wp-content\/uploads\/2019\/10\/950_7.jpg","contentUrl":"https:\/\/ecomarine.pl\/wp-content\/uploads\/2019\/10\/950_7.jpg","width":700,"height":500},{"@type":"BreadcrumbList","@id":"https:\/\/ecomarine.pl\/alukin-scr-950\/#breadcrumb","itemListElement":[{"@type":"ListItem","position":1,"name":"Po\u010detna stranica","item":"https:\/\/ecomarine.pl\/hr\/"},{"@type":"ListItem","position":2,"name":"Alukin SCR 950"}]},{"@type":"WebSite","@id":"https:\/\/ecomarine.pl\/#website","url":"https:\/\/ecomarine.pl\/","name":"EcoMarine","description":"Luksusowe jachty i \u0142odzie motorowe","publisher":{"@id":"https:\/\/ecomarine.pl\/#organization"},"potentialAction":[{"@type":"SearchAction","target":{"@type":"EntryPoint","urlTemplate":"https:\/\/ecomarine.pl\/?s={search_term_string}"},"query-input":{"@type":"PropertyValueSpecification","valueRequired":true,"valueName":"search_term_string"}}],"inLanguage":"hr"},{"@type":"Organization","@id":"https:\/\/ecomarine.pl\/#organization","name":"EcoMarine","url":"https:\/\/ecomarine.pl\/","logo":{"@type":"ImageObject","inLanguage":"hr","@id":"https:\/\/ecomarine.pl\/#\/schema\/logo\/image\/","url":"https:\/\/ecomarine.pl\/wp-content\/uploads\/2020\/10\/2018-08-logo-official1-2-e1605555500757.jpg","contentUrl":"https:\/\/ecomarine.pl\/wp-content\/uploads\/2020\/10\/2018-08-logo-official1-2-e1605555500757.jpg","width":300,"height":86,"caption":"EcoMarine"},"image":{"@id":"https:\/\/ecomarine.pl\/#\/schema\/logo\/image\/"},"sameAs":["https:\/\/www.facebook.com\/nimbusboatspoland","https:\/\/www.instagram.com\/ecomarine.pl\/"]}]}},"_links":{"self":[{"href":"https:\/\/ecomarine.pl\/hr\/wp-json\/wp\/v2\/pages\/2662","targetHints":{"allow":["GET"]}}],"collection":[{"href":"https:\/\/ecomarine.pl\/hr\/wp-json\/wp\/v2\/pages"}],"about":[{"href":"https:\/\/ecomarine.pl\/hr\/wp-json\/wp\/v2\/types\/page"}],"author":[{"embeddable":true,"href":"https:\/\/ecomarine.pl\/hr\/wp-json\/wp\/v2\/users\/2"}],"replies":[{"embeddable":true,"href":"https:\/\/ecomarine.pl\/hr\/wp-json\/wp\/v2\/comments?post=2662"}],"version-history":[{"count":6,"href":"https:\/\/ecomarine.pl\/hr\/wp-json\/wp\/v2\/pages\/2662\/revisions"}],"predecessor-version":[{"id":2728,"href":"https:\/\/ecomarine.pl\/hr\/wp-json\/wp\/v2\/pages\/2662\/revisions\/2728"}],"wp:featuredmedia":[{"embeddable":true,"href":"https:\/\/ecomarine.pl\/hr\/wp-json\/wp\/v2\/media\/2724"}],"wp:attachment":[{"href":"https:\/\/ecomarine.pl\/hr\/wp-json\/wp\/v2\/media?parent=2662"}],"curies":[{"name":"wp","href":"https:\/\/api.w.org\/{rel}","templated":true}]}}