{"id":2795,"date":"2019-10-02T10:43:14","date_gmt":"2019-10-02T08:43:14","guid":{"rendered":"https:\/\/ecomarine.pl\/en\/?page_id=2795"},"modified":"2021-03-22T21:47:21","modified_gmt":"2021-03-22T20:47:21","slug":"alukin-pro-fishing-650","status":"publish","type":"page","link":"https:\/\/ecomarine.pl\/hr\/alukin-pro-fishing-650\/","title":{"rendered":"ALUKIN PRO FISHING 650"},"content":{"rendered":"<p>[vc_row row_height_percent=&#8221;0&#8243; override_padding=&#8221;yes&#8221; h_padding=&#8221;2&#8243; top_padding=&#8221;4&#8243; bottom_padding=&#8221;4&#8243; overlay_alpha=&#8221;50&#8243; gutter_size=&#8221;3&#8243; column_width_percent=&#8221;100&#8243; shift_y=&#8221;0&#8243; z_index=&#8221;0&#8243;][vc_column column_width_percent=&#8221;100&#8243; align_horizontal=&#8221;align_center&#8221; overlay_alpha=&#8221;50&#8243; gutter_size=&#8221;3&#8243; medium_width=&#8221;0&#8243; mobile_width=&#8221;0&#8243; shift_x=&#8221;0&#8243; shift_y=&#8221;0&#8243; shift_y_down=&#8221;0&#8243; z_index=&#8221;0&#8243; width=&#8221;1\/1&#8243;][vc_custom_heading text_size=&#8221;h1&#8243; text_font=&#8221;font-827535&#8243; text_weight=&#8221;100&#8243; text_transform=&#8221;uppercase&#8221; sub_lead=&#8221;yes&#8221; sub_reduced=&#8221;yes&#8221; subheading=&#8221;<br \/>\nALUKIN Pro Fishing 650 jest optymaln\u0105 \u0142odzi\u0105 do \u0142owienia ryb i przyg\u00f3d na archipelagu. Mo\u017cna go dostosowa\u0107 za pomoc\u0105 dodatkowych akcesori\u00f3w, takich jak podniesiony pok\u0142ad, dodatkowy uchwyt na w\u0119dk\u0119 i schowki (edycja Broman). Z dachami typu T, du\u017cymi otwartymi przestrzeniami, stabilno\u015bci\u0105 i dobrymi w\u0142a\u015bciwo\u015bciami ten model jest idealny na d\u0142ugie wycieczki przez wi\u0119ksz\u0105 cz\u0119\u015b\u0107 roku. Pro Fishing 650 jest standardowo wyposa\u017cony w wygodne rozk\u0142adane krzes\u0142a i szerok\u0105 centraln\u0105 ambon\u0119, kt\u00f3ra zapewnia ochron\u0119 przed morzem i wiatrem dla dw\u00f3ch os\u00f3b, a tak\u017ce rufow\u0105 sof\u0119, kt\u00f3ra mo\u017ce pomie\u015bci\u0107 do 4 os\u00f3b. &#8220;]O ALUKIN PRO FISHING 650[\/vc_custom_heading][\/vc_column][\/vc_row][vc_row row_height_percent=&#8221;0&#8243; override_padding=&#8221;yes&#8221; h_padding=&#8221;2&#8243; top_padding=&#8221;4&#8243; bottom_padding=&#8221;4&#8243; back_color=&#8221;color-rgdb&#8221; overlay_alpha=&#8221;50&#8243; equal_height=&#8221;yes&#8221; gutter_size=&#8221;4&#8243; column_width_percent=&#8221;100&#8243; shift_y=&#8221;0&#8243; z_index=&#8221;0&#8243;][vc_column column_width_percent=&#8221;100&#8243; style=&#8221;dark&#8221; overlay_alpha=&#8221;50&#8243; gutter_size=&#8221;3&#8243; medium_width=&#8221;0&#8243; mobile_width=&#8221;0&#8243; shift_x=&#8221;0&#8243; shift_y=&#8221;0&#8243; shift_y_down=&#8221;0&#8243; z_index=&#8221;0&#8243; width=&#8221;1\/3&#8243;][vc_custom_heading text_size=&#8221;h1&#8243; text_font=&#8221;font-827535&#8243; text_weight=&#8221;100&#8243; text_transform=&#8221;uppercase&#8221; sub_lead=&#8221;yes&#8221; sub_reduced=&#8221;yes&#8221;]SPECYFIKACJA<br \/>\nTECHNICZNA[\/vc_custom_heading][vc_column_text]<\/p>\n<h5>D\u0142ugo\u015b\u0107: ok. 6,5 m (kad\u0142ub 6,1 m)<br \/>\nSzeroko\u015b\u0107: ok. 2,3 m (kad\u0142ub 2,2 m)<br \/>\nH (wolna burta): ok. 0,8 m<br \/>\nWaga bez silnika: ok. 770 kg<br \/>\nD\u0142ugo\u015b\u0107 olinowania: L (2 &#8220;) \/ XL (25 ?),<br \/>\nwielko\u015b\u0107 silnika REC: 115- 175hk<br \/>\nmax. rec. pr\u0119dko\u015b\u0107: 40 w\u0119z\u0142\u00f3w<br \/>\nSamoluzuj\u0105ca<br \/>\nLiczba os\u00f3b: 7<\/h5>\n<p>[\/vc_column_text][\/vc_column][vc_column column_width_percent=&#8221;100&#8243; position_vertical=&#8221;middle&#8221; align_horizontal=&#8221;align_center&#8221; overlay_alpha=&#8221;50&#8243; gutter_size=&#8221;3&#8243; medium_width=&#8221;0&#8243; mobile_width=&#8221;0&#8243; shift_x=&#8221;0&#8243; shift_y=&#8221;0&#8243; shift_y_down=&#8221;0&#8243; z_index=&#8221;0&#8243; width=&#8221;2\/3&#8243;][vc_gallery el_id=&#8221;gallery-727203&#8243; medias=&#8221;2801,2800,2799,2798,2797,2796&#8243; gutter_size=&#8221;3&#8243; screen_lg=&#8221;1000&#8243; screen_md=&#8221;600&#8243; screen_sm=&#8221;480&#8243; single_overlay_opacity=&#8221;50&#8243; single_padding=&#8221;2&#8243;][\/vc_column][\/vc_row]<\/p>\n","protected":false},"excerpt":{"rendered":"<p>[vc_row row_height_percent=&#8221;0&#8243; override_padding=&#8221;yes&#8221; h_padding=&#8221;2&#8243; top_padding=&#8221;4&#8243; bottom_padding=&#8221;4&#8243; overlay_alpha=&#8221;50&#8243; gutter_size=&#8221;3&#8243; column_width_percent=&#8221;100&#8243; shift_y=&#8221;0&#8243; z_index=&#8221;0&#8243;][vc_column column_width_percent=&#8221;100&#8243; align_horizontal=&#8221;align_center&#8221; overlay_alpha=&#8221;50&#8243; gutter_size=&#8221;3&#8243; medium_width=&#8221;0&#8243; mobile_width=&#8221;0&#8243; shift_x=&#8221;0&#8243; shift_y=&#8221;0&#8243; shift_y_down=&#8221;0&#8243; [&hellip;]<\/p>\n","protected":false},"author":2,"featured_media":2801,"parent":0,"menu_order":0,"comment_status":"closed","ping_status":"closed","template":"","meta":{"footnotes":""},"class_list":["post-2795","page","type-page","status-publish","has-post-thumbnail","hentry","page_category-alukin"],"yoast_head":"<!-- This site is optimized with the Yoast SEO plugin v26.4 - https:\/\/yoast.com\/wordpress\/plugins\/seo\/ -->\n<title>ALUKIN PRO FISHING 650<\/title>\n<meta name=\"robots\" content=\"index, follow, max-snippet:-1, max-image-preview:large, max-video-preview:-1\" \/>\n<link rel=\"canonical\" href=\"https:\/\/ecomarine.pl\/hr\/alukin-pro-fishing-650\/\" \/>\n<meta property=\"og:locale\" content=\"hr_HR\" \/>\n<meta property=\"og:locale:alternate\" content=\"en_US\" \/>\n<meta property=\"og:locale:alternate\" content=\"pl_PL\" \/>\n<meta property=\"og:type\" content=\"article\" \/>\n<meta property=\"og:title\" content=\"ALUKIN PRO FISHING 650\" \/>\n<meta property=\"og:description\" content=\"[vc_row row_height_percent=&#8221;0&#8243; override_padding=&#8221;yes&#8221; h_padding=&#8221;2&#8243; top_padding=&#8221;4&#8243; bottom_padding=&#8221;4&#8243; overlay_alpha=&#8221;50&#8243; gutter_size=&#8221;3&#8243; column_width_percent=&#8221;100&#8243; shift_y=&#8221;0&#8243; z_index=&#8221;0&#8243;][vc_column column_width_percent=&#8221;100&#8243; align_horizontal=&#8221;align_center&#8221; overlay_alpha=&#8221;50&#8243; gutter_size=&#8221;3&#8243; medium_width=&#8221;0&#8243; mobile_width=&#8221;0&#8243; shift_x=&#8221;0&#8243; shift_y=&#8221;0&#8243; shift_y_down=&#8221;0&#8243; [&hellip;]\" \/>\n<meta property=\"og:url\" content=\"https:\/\/ecomarine.pl\/hr\/alukin-pro-fishing-650\/\" \/>\n<meta property=\"og:site_name\" content=\"EcoMarine\" \/>\n<meta property=\"article:publisher\" content=\"https:\/\/www.facebook.com\/nimbusboatspoland\" \/>\n<meta property=\"article:modified_time\" content=\"2021-03-22T20:47:21+00:00\" \/>\n<meta property=\"og:image\" content=\"https:\/\/ecomarine.pl\/wp-content\/uploads\/2019\/10\/img_11.jpg\" \/>\n\t<meta property=\"og:image:width\" content=\"700\" \/>\n\t<meta property=\"og:image:height\" content=\"500\" \/>\n\t<meta property=\"og:image:type\" content=\"image\/jpeg\" \/>\n<meta name=\"twitter:card\" content=\"summary_large_image\" \/>\n<meta name=\"twitter:label1\" content=\"Procijenjeno vrijeme \u010ditanja\" \/>\n\t<meta name=\"twitter:data1\" content=\"4 minute\" \/>\n<script type=\"application\/ld+json\" class=\"yoast-schema-graph\">{\"@context\":\"https:\/\/schema.org\",\"@graph\":[{\"@type\":\"WebPage\",\"@id\":\"https:\/\/ecomarine.pl\/alukin-pro-fishing-650\/\",\"url\":\"https:\/\/ecomarine.pl\/alukin-pro-fishing-650\/\",\"name\":\"ALUKIN PRO FISHING 650\",\"isPartOf\":{\"@id\":\"https:\/\/ecomarine.pl\/#website\"},\"primaryImageOfPage\":{\"@id\":\"https:\/\/ecomarine.pl\/alukin-pro-fishing-650\/#primaryimage\"},\"image\":{\"@id\":\"https:\/\/ecomarine.pl\/alukin-pro-fishing-650\/#primaryimage\"},\"thumbnailUrl\":\"https:\/\/ecomarine.pl\/wp-content\/uploads\/2019\/10\/img_11.jpg\",\"datePublished\":\"2019-10-02T08:43:14+00:00\",\"dateModified\":\"2021-03-22T20:47:21+00:00\",\"breadcrumb\":{\"@id\":\"https:\/\/ecomarine.pl\/alukin-pro-fishing-650\/#breadcrumb\"},\"inLanguage\":\"hr\",\"potentialAction\":[{\"@type\":\"ReadAction\",\"target\":[\"https:\/\/ecomarine.pl\/alukin-pro-fishing-650\/\"]}]},{\"@type\":\"ImageObject\",\"inLanguage\":\"hr\",\"@id\":\"https:\/\/ecomarine.pl\/alukin-pro-fishing-650\/#primaryimage\",\"url\":\"https:\/\/ecomarine.pl\/wp-content\/uploads\/2019\/10\/img_11.jpg\",\"contentUrl\":\"https:\/\/ecomarine.pl\/wp-content\/uploads\/2019\/10\/img_11.jpg\",\"width\":700,\"height\":500},{\"@type\":\"BreadcrumbList\",\"@id\":\"https:\/\/ecomarine.pl\/alukin-pro-fishing-650\/#breadcrumb\",\"itemListElement\":[{\"@type\":\"ListItem\",\"position\":1,\"name\":\"Po\u010detna stranica\",\"item\":\"https:\/\/ecomarine.pl\/hr\/\"},{\"@type\":\"ListItem\",\"position\":2,\"name\":\"ALUKIN PRO FISHING 650\"}]},{\"@type\":\"WebSite\",\"@id\":\"https:\/\/ecomarine.pl\/#website\",\"url\":\"https:\/\/ecomarine.pl\/\",\"name\":\"EcoMarine\",\"description\":\"Luksusowe jachty i \u0142odzie motorowe\",\"publisher\":{\"@id\":\"https:\/\/ecomarine.pl\/#organization\"},\"potentialAction\":[{\"@type\":\"SearchAction\",\"target\":{\"@type\":\"EntryPoint\",\"urlTemplate\":\"https:\/\/ecomarine.pl\/?s={search_term_string}\"},\"query-input\":{\"@type\":\"PropertyValueSpecification\",\"valueRequired\":true,\"valueName\":\"search_term_string\"}}],\"inLanguage\":\"hr\"},{\"@type\":\"Organization\",\"@id\":\"https:\/\/ecomarine.pl\/#organization\",\"name\":\"EcoMarine\",\"url\":\"https:\/\/ecomarine.pl\/\",\"logo\":{\"@type\":\"ImageObject\",\"inLanguage\":\"hr\",\"@id\":\"https:\/\/ecomarine.pl\/#\/schema\/logo\/image\/\",\"url\":\"https:\/\/ecomarine.pl\/wp-content\/uploads\/2020\/10\/2018-08-logo-official1-2-e1605555500757.jpg\",\"contentUrl\":\"https:\/\/ecomarine.pl\/wp-content\/uploads\/2020\/10\/2018-08-logo-official1-2-e1605555500757.jpg\",\"width\":300,\"height\":86,\"caption\":\"EcoMarine\"},\"image\":{\"@id\":\"https:\/\/ecomarine.pl\/#\/schema\/logo\/image\/\"},\"sameAs\":[\"https:\/\/www.facebook.com\/nimbusboatspoland\",\"https:\/\/www.instagram.com\/ecomarine.pl\/\"]}]}<\/script>\n<!-- \/ Yoast SEO plugin. -->","yoast_head_json":{"title":"ALUKIN PRO FISHING 650","robots":{"index":"index","follow":"follow","max-snippet":"max-snippet:-1","max-image-preview":"max-image-preview:large","max-video-preview":"max-video-preview:-1"},"canonical":"https:\/\/ecomarine.pl\/hr\/alukin-pro-fishing-650\/","og_locale":"hr_HR","og_type":"article","og_title":"[:en]ALUKIN PRO FISHING 650[:pl]ALUKIN PRO FISHING 650[:] - EcoMarine","og_description":"[vc_row row_height_percent=&#8221;0&#8243; override_padding=&#8221;yes&#8221; h_padding=&#8221;2&#8243; top_padding=&#8221;4&#8243; bottom_padding=&#8221;4&#8243; overlay_alpha=&#8221;50&#8243; gutter_size=&#8221;3&#8243; column_width_percent=&#8221;100&#8243; shift_y=&#8221;0&#8243; z_index=&#8221;0&#8243;][vc_column column_width_percent=&#8221;100&#8243; align_horizontal=&#8221;align_center&#8221; overlay_alpha=&#8221;50&#8243; gutter_size=&#8221;3&#8243; medium_width=&#8221;0&#8243; mobile_width=&#8221;0&#8243; shift_x=&#8221;0&#8243; shift_y=&#8221;0&#8243; shift_y_down=&#8221;0&#8243; [&hellip;]","og_url":"https:\/\/ecomarine.pl\/hr\/alukin-pro-fishing-650\/","og_site_name":"EcoMarine","article_publisher":"https:\/\/www.facebook.com\/nimbusboatspoland","article_modified_time":"2021-03-22T20:47:21+00:00","og_image":[{"width":700,"height":500,"url":"https:\/\/ecomarine.pl\/wp-content\/uploads\/2019\/10\/img_11.jpg","type":"image\/jpeg"}],"twitter_card":"summary_large_image","twitter_misc":{"Procijenjeno vrijeme \u010ditanja":"4 minute"},"schema":{"@context":"https:\/\/schema.org","@graph":[{"@type":"WebPage","@id":"https:\/\/ecomarine.pl\/alukin-pro-fishing-650\/","url":"https:\/\/ecomarine.pl\/alukin-pro-fishing-650\/","name":"ALUKIN PRO FISHING 650","isPartOf":{"@id":"https:\/\/ecomarine.pl\/#website"},"primaryImageOfPage":{"@id":"https:\/\/ecomarine.pl\/alukin-pro-fishing-650\/#primaryimage"},"image":{"@id":"https:\/\/ecomarine.pl\/alukin-pro-fishing-650\/#primaryimage"},"thumbnailUrl":"https:\/\/ecomarine.pl\/wp-content\/uploads\/2019\/10\/img_11.jpg","datePublished":"2019-10-02T08:43:14+00:00","dateModified":"2021-03-22T20:47:21+00:00","breadcrumb":{"@id":"https:\/\/ecomarine.pl\/alukin-pro-fishing-650\/#breadcrumb"},"inLanguage":"hr","potentialAction":[{"@type":"ReadAction","target":["https:\/\/ecomarine.pl\/alukin-pro-fishing-650\/"]}]},{"@type":"ImageObject","inLanguage":"hr","@id":"https:\/\/ecomarine.pl\/alukin-pro-fishing-650\/#primaryimage","url":"https:\/\/ecomarine.pl\/wp-content\/uploads\/2019\/10\/img_11.jpg","contentUrl":"https:\/\/ecomarine.pl\/wp-content\/uploads\/2019\/10\/img_11.jpg","width":700,"height":500},{"@type":"BreadcrumbList","@id":"https:\/\/ecomarine.pl\/alukin-pro-fishing-650\/#breadcrumb","itemListElement":[{"@type":"ListItem","position":1,"name":"Po\u010detna stranica","item":"https:\/\/ecomarine.pl\/hr\/"},{"@type":"ListItem","position":2,"name":"ALUKIN PRO FISHING 650"}]},{"@type":"WebSite","@id":"https:\/\/ecomarine.pl\/#website","url":"https:\/\/ecomarine.pl\/","name":"EcoMarine","description":"Luksusowe jachty i \u0142odzie motorowe","publisher":{"@id":"https:\/\/ecomarine.pl\/#organization"},"potentialAction":[{"@type":"SearchAction","target":{"@type":"EntryPoint","urlTemplate":"https:\/\/ecomarine.pl\/?s={search_term_string}"},"query-input":{"@type":"PropertyValueSpecification","valueRequired":true,"valueName":"search_term_string"}}],"inLanguage":"hr"},{"@type":"Organization","@id":"https:\/\/ecomarine.pl\/#organization","name":"EcoMarine","url":"https:\/\/ecomarine.pl\/","logo":{"@type":"ImageObject","inLanguage":"hr","@id":"https:\/\/ecomarine.pl\/#\/schema\/logo\/image\/","url":"https:\/\/ecomarine.pl\/wp-content\/uploads\/2020\/10\/2018-08-logo-official1-2-e1605555500757.jpg","contentUrl":"https:\/\/ecomarine.pl\/wp-content\/uploads\/2020\/10\/2018-08-logo-official1-2-e1605555500757.jpg","width":300,"height":86,"caption":"EcoMarine"},"image":{"@id":"https:\/\/ecomarine.pl\/#\/schema\/logo\/image\/"},"sameAs":["https:\/\/www.facebook.com\/nimbusboatspoland","https:\/\/www.instagram.com\/ecomarine.pl\/"]}]}},"_links":{"self":[{"href":"https:\/\/ecomarine.pl\/hr\/wp-json\/wp\/v2\/pages\/2795","targetHints":{"allow":["GET"]}}],"collection":[{"href":"https:\/\/ecomarine.pl\/hr\/wp-json\/wp\/v2\/pages"}],"about":[{"href":"https:\/\/ecomarine.pl\/hr\/wp-json\/wp\/v2\/types\/page"}],"author":[{"embeddable":true,"href":"https:\/\/ecomarine.pl\/hr\/wp-json\/wp\/v2\/users\/2"}],"replies":[{"embeddable":true,"href":"https:\/\/ecomarine.pl\/hr\/wp-json\/wp\/v2\/comments?post=2795"}],"version-history":[{"count":3,"href":"https:\/\/ecomarine.pl\/hr\/wp-json\/wp\/v2\/pages\/2795\/revisions"}],"predecessor-version":[{"id":2803,"href":"https:\/\/ecomarine.pl\/hr\/wp-json\/wp\/v2\/pages\/2795\/revisions\/2803"}],"wp:featuredmedia":[{"embeddable":true,"href":"https:\/\/ecomarine.pl\/hr\/wp-json\/wp\/v2\/media\/2801"}],"wp:attachment":[{"href":"https:\/\/ecomarine.pl\/hr\/wp-json\/wp\/v2\/media?parent=2795"}],"curies":[{"name":"wp","href":"https:\/\/api.w.org\/{rel}","templated":true}]}}